{"id":1641,"date":"2017-10-04T15:08:27","date_gmt":"2017-10-04T13:08:27","guid":{"rendered":"http:\/\/www.mhcreations.fr\/?page_id=1641"},"modified":"2019-04-02T10:18:55","modified_gmt":"2019-04-02T08:18:55","slug":"fait-main-et-qualite-francaise","status":"publish","type":"page","link":"https:\/\/www.mhcreations.fr\/index.php\/fait-main-et-qualite-francaise\/","title":{"rendered":"Fait-main et Qualit\u00e9 Fran\u00e7aise"},"content":{"rendered":"<p>[et_pb_section bb_built=\u00a0\u00bb1&Prime; next_background_color=\u00a0\u00bb#000000&Prime;][et_pb_row background_position=\u00a0\u00bbtop_left\u00a0\u00bb background_repeat=\u00a0\u00bbrepeat\u00a0\u00bb background_size=\u00a0\u00bbinitial\u00a0\u00bb][et_pb_column type=\u00a0\u00bb4_4&Prime;][et_pb_text text_font=\u00a0\u00bbLato Light||||\u00a0\u00bb text_text_color=\u00a0\u00bb#d6a498&Prime; header_font=\u00a0\u00bbLato Light||||\u00a0\u00bb header_text_color=\u00a0\u00bb#d6a498&Prime; background_position=\u00a0\u00bbtop_left\u00a0\u00bb background_repeat=\u00a0\u00bbrepeat\u00a0\u00bb background_size=\u00a0\u00bbinitial\u00a0\u00bb]<\/p>\n<p>\nFAIT-MAIN et QUALIT\u00c9 FRAN\u00c7AISE<\/p>\n<p>[\/et_pb_text][et_pb_text text_font=\u00a0\u00bbLato Light||||\u00a0\u00bb background_position=\u00a0\u00bbtop_left\u00a0\u00bb background_repeat=\u00a0\u00bbrepeat\u00a0\u00bb background_size=\u00a0\u00bbinitial\u00a0\u00bb]<\/p>\n<p>\n&nbsp;<\/p>\n<p>J&rsquo;ai toujours voulu donner une nouvelle vie aux objets d\u00e9co.<\/p>\n<p>Le DIY (Do It Yourself) a \u00e9t\u00e9 ma r\u00e9v\u00e9lation. Une r\u00e9elle volont\u00e9 de cr\u00e9er des produits qui correspondent \u00e0 mon univers : \u00ab\u00a0shabby\u00a0\u00bb et \u00ab\u00a0gustavien\u00a0\u00bb.<\/p>\n<p>Toutes mes cr\u00e9ations sont faites avec des tissus fran\u00e7ais et cr\u00e9\u00e9es en France, \u00e0 Gap (05000) de mani\u00e8re artisanale.<\/p>\n<p>Je donne une seconde vie aux tissus d&rsquo;antan et lin ou aux objets d\u00e9co. Tout est Made in France\u00a0\u00bb.<\/p>\n<p>[\/et_pb_text][et_pb_divider disabled_on=\u00a0\u00bbon|on|off\u00a0\u00bb color=\u00a0\u00bb#ffffff\u00a0\u00bb show_divider=\u00a0\u00bboff\u00a0\u00bb \/][et_pb_image animation_style=\u00a0\u00bbslide\u00a0\u00bb animation_duration=\u00a0\u00bb500ms\u00a0\u00bb animation_intensity_slide=\u00a0\u00bb10%\u00a0\u00bb animation_direction=\u00a0\u00bbleft\u00a0\u00bb _builder_version=\u00a0\u00bb3.20.2&Prime; \/][\/et_pb_column][\/et_pb_row][\/et_pb_section][et_pb_section bb_built=\u00a0\u00bb1&Prime; specialty=\u00a0\u00bboff\u00a0\u00bb prev_background_color=\u00a0\u00bb#000000&Prime; _builder_version=\u00a0\u00bb3.20.2&Prime; background_color=\u00a0\u00bb#ffffff\u00a0\u00bb][et_pb_row background_color=\u00a0\u00bb#f2f2f2&Prime; parallax_method_1=\u00a0\u00bboff\u00a0\u00bb parallax_method_2=\u00a0\u00bboff\u00a0\u00bb parallax_method_3=\u00a0\u00bboff\u00a0\u00bb parallax_method_4=\u00a0\u00bboff\u00a0\u00bb allow_player_pause=\u00a0\u00bboff\u00a0\u00bb parallax=\u00a0\u00bboff\u00a0\u00bb parallax_method=\u00a0\u00bbon\u00a0\u00bb parallax_1=\u00a0\u00bboff\u00a0\u00bb parallax_2=\u00a0\u00bboff\u00a0\u00bb parallax_3=\u00a0\u00bboff\u00a0\u00bb parallax_4=\u00a0\u00bboff\u00a0\u00bb make_fullwidth=\u00a0\u00bboff\u00a0\u00bb use_custom_width=\u00a0\u00bboff\u00a0\u00bb width_unit=\u00a0\u00bbon\u00a0\u00bb use_custom_gutter=\u00a0\u00bboff\u00a0\u00bb make_equal=\u00a0\u00bboff\u00a0\u00bb background_position=\u00a0\u00bbtop_left\u00a0\u00bb background_repeat=\u00a0\u00bbrepeat\u00a0\u00bb background_size=\u00a0\u00bbinitial\u00a0\u00bb][et_pb_column type=\u00a0\u00bb1_4&Prime;][et_pb_image src=\u00a0\u00bbhttps:\/\/www.mhcreations.fr\/wp-content\/uploads\/2017\/09\/FAIT-MAIN.png\u00a0\u00bb use_border_color=\u00a0\u00bboff\u00a0\u00bb url=\u00a0\u00bbhttp:\/\/www.mhcreations.fr\/index.php\/fait-main-et-qualite-francaise\/\u00a0\u00bb animation_style=\u00a0\u00bbslide\u00a0\u00bb animation_duration=\u00a0\u00bb500ms\u00a0\u00bb animation_intensity_slide=\u00a0\u00bb10%\u00a0\u00bb animation_direction=\u00a0\u00bbleft\u00a0\u00bb _builder_version=\u00a0\u00bb3.20.2&Prime; \/][\/et_pb_column][et_pb_column type=\u00a0\u00bb1_4&Prime;][et_pb_image src=\u00a0\u00bbhttps:\/\/www.mhcreations.fr\/wp-content\/uploads\/2017\/09\/LIVRAISON.png\u00a0\u00bb use_border_color=\u00a0\u00bboff\u00a0\u00bb url=\u00a0\u00bbhttp:\/\/www.mhcreations.fr\/index.php\/livraison\/\u00a0\u00bb animation_style=\u00a0\u00bbslide\u00a0\u00bb animation_duration=\u00a0\u00bb500ms\u00a0\u00bb animation_intensity_slide=\u00a0\u00bb10%\u00a0\u00bb animation_direction=\u00a0\u00bbleft\u00a0\u00bb _builder_version=\u00a0\u00bb3.20.2&Prime; \/][\/et_pb_column][et_pb_column type=\u00a0\u00bb1_4&Prime;][et_pb_image src=\u00a0\u00bbhttps:\/\/www.mhcreations.fr\/wp-content\/uploads\/2017\/09\/SATISFAIT.png\u00a0\u00bb use_border_color=\u00a0\u00bboff\u00a0\u00bb url=\u00a0\u00bbhttp:\/\/www.mhcreations.fr\/index.php\/satisfait-ou-rembourse\/\u00a0\u00bb animation_style=\u00a0\u00bbslide\u00a0\u00bb animation_duration=\u00a0\u00bb500ms\u00a0\u00bb animation_intensity_slide=\u00a0\u00bb10%\u00a0\u00bb animation_direction=\u00a0\u00bbleft\u00a0\u00bb _builder_version=\u00a0\u00bb3.20.2&Prime; \/][\/et_pb_column][et_pb_column type=\u00a0\u00bb1_4&Prime;][et_pb_image src=\u00a0\u00bbhttps:\/\/www.mhcreations.fr\/wp-content\/uploads\/2017\/09\/SECU.png\u00a0\u00bb use_border_color=\u00a0\u00bboff\u00a0\u00bb url=\u00a0\u00bbhttp:\/\/www.mhcreations.fr\/index.php\/cgv\/\u00a0\u00bb animation_style=\u00a0\u00bbslide\u00a0\u00bb animation_duration=\u00a0\u00bb500ms\u00a0\u00bb animation_intensity_slide=\u00a0\u00bb10%\u00a0\u00bb animation_direction=\u00a0\u00bbleft\u00a0\u00bb _builder_version=\u00a0\u00bb3.20.2&Prime; \/][\/et_pb_column][\/et_pb_row][\/et_pb_section]<\/p>\n","protected":false},"excerpt":{"rendered":"<p>FAIT-MAIN et QUALIT\u00c9 FRAN\u00c7AISE &nbsp; J&rsquo;ai toujours voulu donner une nouvelle vie aux objets d\u00e9co. Le DIY (Do It Yourself) a \u00e9t\u00e9 ma r\u00e9v\u00e9lation. Une r\u00e9elle volont\u00e9 de cr\u00e9er des produits qui correspondent \u00e0 mon univers : \u00ab\u00a0shabby\u00a0\u00bb et \u00ab\u00a0gustavien\u00a0\u00bb. Toutes mes cr\u00e9ations sont faites avec des tissus fran\u00e7ais et cr\u00e9\u00e9es en France, \u00e0 Gap [&hellip;]<\/p>\n","protected":false},"author":2,"featured_media":0,"parent":0,"menu_order":0,"comment_status":"closed","ping_status":"closed","template":"","meta":{"_et_pb_use_builder":"on","_et_pb_old_content":"J'ai toujours aim\u00e9 donn\u00e9 une nouvelle vie aux objets d\u00e9co.\u00a0Le DIY a \u00e9t\u00e9 ma r\u00e9v\u00e9lation. Une r\u00e9elle\u00a0volont\u00e9 de cr\u00e9er des produits qui correspondent \u00e0 mon univers shabby et gustavien.\u00a0Toutes mes cr\u00e9ations sont faites \u00e0 partir de tissus fran\u00e7ais et cr\u00e9\u00e9e en France, \u00e0 Gap (05000) de mani\u00e8re artisanale. Je donne une seconde vie aux tissus d'antan provenant uniquement fran\u00e7ais.\r\n\r\n\u00a0","_et_gb_content_width":"","footnotes":""},"class_list":["post-1641","page","type-page","status-publish","hentry"],"_links":{"self":[{"href":"https:\/\/www.mhcreations.fr\/index.php\/wp-json\/wp\/v2\/pages\/1641","targetHints":{"allow":["GET"]}}],"collection":[{"href":"https:\/\/www.mhcreations.fr\/index.php\/wp-json\/wp\/v2\/pages"}],"about":[{"href":"https:\/\/www.mhcreations.fr\/index.php\/wp-json\/wp\/v2\/types\/page"}],"author":[{"embeddable":true,"href":"https:\/\/www.mhcreations.fr\/index.php\/wp-json\/wp\/v2\/users\/2"}],"replies":[{"embeddable":true,"href":"https:\/\/www.mhcreations.fr\/index.php\/wp-json\/wp\/v2\/comments?post=1641"}],"version-history":[{"count":34,"href":"https:\/\/www.mhcreations.fr\/index.php\/wp-json\/wp\/v2\/pages\/1641\/revisions"}],"predecessor-version":[{"id":5877,"href":"https:\/\/www.mhcreations.fr\/index.php\/wp-json\/wp\/v2\/pages\/1641\/revisions\/5877"}],"wp:attachment":[{"href":"https:\/\/www.mhcreations.fr\/index.php\/wp-json\/wp\/v2\/media?parent=1641"}],"curies":[{"name":"wp","href":"https:\/\/api.w.org\/{rel}","templated":true}]}}