{"id":311,"date":"2017-06-18T18:42:37","date_gmt":"2017-06-18T16:42:37","guid":{"rendered":"http:\/\/www.mhcreations.fr\/?page_id=311"},"modified":"2017-10-22T21:45:14","modified_gmt":"2017-10-22T19:45:14","slug":"a-propos","status":"publish","type":"page","link":"https:\/\/www.mhcreations.fr\/index.php\/a-propos\/","title":{"rendered":"A propos de MH Creations"},"content":{"rendered":"<p>[et_pb_section bb_built=\u00a0\u00bb1&Prime; admin_label=\u00a0\u00bbsection\u00a0\u00bb][et_pb_row admin_label=\u00a0\u00bbrow\u00a0\u00bb allow_player_pause=\u00a0\u00bboff\u00a0\u00bb parallax=\u00a0\u00bboff\u00a0\u00bb parallax_method=\u00a0\u00bbon\u00a0\u00bb parallax_1=\u00a0\u00bboff\u00a0\u00bb parallax_method_1=\u00a0\u00bboff\u00a0\u00bb parallax_2=\u00a0\u00bboff\u00a0\u00bb parallax_method_2=\u00a0\u00bboff\u00a0\u00bb make_fullwidth=\u00a0\u00bboff\u00a0\u00bb use_custom_width=\u00a0\u00bboff\u00a0\u00bb width_unit=\u00a0\u00bbon\u00a0\u00bb use_custom_gutter=\u00a0\u00bboff\u00a0\u00bb make_equal=\u00a0\u00bboff\u00a0\u00bb][et_pb_column type=\u00a0\u00bb1_4&Prime;][et_pb_image admin_label=\u00a0\u00bbImage\u00a0\u00bb src=\u00a0\u00bbhttp:\/\/www.mhcreations.fr\/wp-content\/uploads\/2017\/09\/MH-Creations.jpg\u00a0\u00bb \/][\/et_pb_column][et_pb_column type=\u00a0\u00bb3_4&Prime;][et_pb_text admin_label=\u00a0\u00bb\u00ab\u00a0MH Creations \u2013 L\u2019intemporelle\u00a0\u00bb :\u00a0\u00bb inline_fonts=\u00a0\u00bbLato Light,Lato\u00a0\u00bb text_font=\u00a0\u00bbLato Light||||\u00a0\u00bb header_font=\u00a0\u00bbLato Light||||\u00a0\u00bb custom_margin=\u00a0\u00bb|||10px\u00a0\u00bb custom_padding=\u00a0\u00bb|||10px\u00a0\u00bb background_layout=\u00a0\u00bblight\u00a0\u00bb text_orientation=\u00a0\u00bbleft\u00a0\u00bb header_text_color=\u00a0\u00bb#d6a498&Prime; use_border_color=\u00a0\u00bboff\u00a0\u00bb border_color=\u00a0\u00bb#ffffff\u00a0\u00bb border_style=\u00a0\u00bbsolid\u00a0\u00bb]<\/p>\n<p style=\"text-align: justify;\"><span style=\"font-weight: 300; font-size: large; color: #585858;\">\u00ab\u00a0MH Creations \u2013 L\u2019intemporelle\u00a0\u00bb :<\/span><\/p>\n<p style=\"text-align: justify;\"><span style=\"font-weight: 300; font-size: large; color: #585858;\">Je vous propose de rentrer dans mon univers autour de la cr\u00e9ation de d\u00e9coration pour la maison. Mon style gustavien et shabby vous offre une ambiance cosy naturel et lin.<\/span><\/p>\n<p><span style=\"font-weight: 300; font-size: large; color: #585858;\">Des pi\u00e8ces authentiques aux couleurs douces et aux mati\u00e8res nobles et naturelles, alliant le lin et le linge d\u2019antan.<\/span><\/p>\n<p><span style=\"font-weight: 300; font-size: large; color: #585858;\">Mes cr\u00e9ations peuvent \u00e9galement \u00eatre rehauss\u00e9es de dentelles et de jolis monogrammes pour un int\u00e9rieur cosy. Chaque mod\u00e8les unique et les collections sont sur-mesure et personnalis\u00e9e suivant vos envies (Je peux aussi faire une r\u00e9alisation qui n\u2019apparait pas sur le site selon vos demandes).<\/span><\/p>\n<p><span style=\"font-weight: 300; font-size: large; color: #585858;\">Je propose des rideaux, coussins, \u00e9dredons, housse de chaise, t\u00eate de lit, ciel de lit\u2026.<\/span><\/p>\n<p><span style=\"font-weight: 300; font-size: large; color: #585858;\">Laissez-vous charmer par mon univers, fait main, fabrication artisanale et fran\u00e7aise avec des mati\u00e8res de qualit\u00e9.<\/span><\/p>\n<p>&nbsp;<\/p>\n<p>&nbsp;<\/p>\n<p class=\"\"><span style=\"font-weight: 300; font-size: large; color: #585858;\">Marie-H\u00e9l\u00e8ne DANGOUMAU<\/span><\/p>\n<p>[\/et_pb_text][\/et_pb_column][\/et_pb_row][\/et_pb_section]<\/p>\n","protected":false},"excerpt":{"rendered":"<p>\u00ab\u00a0MH Creations \u2013 L\u2019intemporelle\u00a0\u00bb : Je vous propose de rentrer dans mon univers autour de la cr\u00e9ation de d\u00e9coration pour la maison. Mon style gustavien et shabby vous offre une ambiance cosy naturel et lin. Des pi\u00e8ces authentiques aux couleurs douces et aux mati\u00e8res nobles et naturelles, alliant le lin et le linge d\u2019antan. Mes [&hellip;]<\/p>\n","protected":false},"author":1,"featured_media":0,"parent":0,"menu_order":0,"comment_status":"closed","ping_status":"closed","template":"","meta":{"_et_pb_use_builder":"on","_et_pb_old_content":"<p style=\"text-align: left;\">\u00ab\u00a0MH Creations \u2013 L\u2019intemporelle\u00a0\u00bb :<\/p><p style=\"text-align: left;\">Je vous propose de rentrer dans mon univers autour de la cr\u00e9ation de d\u00e9coration pour la maison. Mon style gustavien et shabby vous offre une ambiance cosy naturel et lin.<\/p><p style=\"text-align: left;\">Des pi\u00e8ces authentiques aux couleurs douces et aux mati\u00e8res nobles et naturelles, alliant le lin et le linge d\u2019antan.<\/p><p style=\"text-align: left;\">Mes cr\u00e9ations peuvent \u00e9galement \u00eatre rehauss\u00e9es de dentelles et de jolis monogrammes pour un int\u00e9rieur cosy. Chaque mod\u00e8les unique et les collections sont sur-mesure et personnalis\u00e9e suivant vos envies (Je peux aussi faire une r\u00e9alisation qui n\u2019apparait pas sur le site selon vos demandes).<\/p><p style=\"text-align: left;\">Je propose des rideaux, coussins, \u00e9dredons, housse de chaise, t\u00eate de lit, ciel de lit\u2026.<\/p><p style=\"text-align: left;\">Laissez-vous charmer par mon univers, fait main, fabrication artisanale et fran\u00e7aise avec des mati\u00e8res de qualit\u00e9.<\/p>","_et_gb_content_width":"","footnotes":""},"class_list":["post-311","page","type-page","status-publish","hentry"],"_links":{"self":[{"href":"https:\/\/www.mhcreations.fr\/index.php\/wp-json\/wp\/v2\/pages\/311","targetHints":{"allow":["GET"]}}],"collection":[{"href":"https:\/\/www.mhcreations.fr\/index.php\/wp-json\/wp\/v2\/pages"}],"about":[{"href":"https:\/\/www.mhcreations.fr\/index.php\/wp-json\/wp\/v2\/types\/page"}],"author":[{"embeddable":true,"href":"https:\/\/www.mhcreations.fr\/index.php\/wp-json\/wp\/v2\/users\/1"}],"replies":[{"embeddable":true,"href":"https:\/\/www.mhcreations.fr\/index.php\/wp-json\/wp\/v2\/comments?post=311"}],"version-history":[{"count":13,"href":"https:\/\/www.mhcreations.fr\/index.php\/wp-json\/wp\/v2\/pages\/311\/revisions"}],"predecessor-version":[{"id":1955,"href":"https:\/\/www.mhcreations.fr\/index.php\/wp-json\/wp\/v2\/pages\/311\/revisions\/1955"}],"wp:attachment":[{"href":"https:\/\/www.mhcreations.fr\/index.php\/wp-json\/wp\/v2\/media?parent=311"}],"curies":[{"name":"wp","href":"https:\/\/api.w.org\/{rel}","templated":true}]}}