{"id":690,"date":"2017-09-19T22:01:51","date_gmt":"2017-09-19T20:01:51","guid":{"rendered":"http:\/\/www.mhcreations.fr\/?page_id=690"},"modified":"2019-03-11T00:14:00","modified_gmt":"2019-03-10T23:14:00","slug":"collections-sur-mesure-2","status":"publish","type":"page","link":"https:\/\/www.mhcreations.fr\/index.php\/collections-sur-mesure-2\/","title":{"rendered":"ACCUEILold"},"content":{"rendered":"<p>[et_pb_section bb_built=\u00a0\u00bb1&Prime; admin_label=\u00a0\u00bbsection\u00a0\u00bb fullwidth=\u00a0\u00bbon\u00a0\u00bb next_background_color=\u00a0\u00bb#f9f9f7&Prime;][et_pb_fullwidth_slider admin_label=\u00a0\u00bbLaura Slider\u00a0\u00bb custom_padding=\u00a0\u00bb|||\u00a0\u00bb custom_padding_tablet=\u00a0\u00bb|||\u00a0\u00bb custom_padding_phone=\u00a0\u00bb|||\u00a0\u00bb show_inner_shadow=\u00a0\u00bbon\u00a0\u00bb show_content_on_mobile=\u00a0\u00bbon\u00a0\u00bb show_cta_on_mobile=\u00a0\u00bbon\u00a0\u00bb box_shadow_horizontal=\u00a0\u00bb0px\u00a0\u00bb box_shadow_vertical=\u00a0\u00bb0px\u00a0\u00bb box_shadow_blur=\u00a0\u00bb10px\u00a0\u00bb box_shadow_spread=\u00a0\u00bb0px\u00a0\u00bb box_shadow_position=\u00a0\u00bbinner\u00a0\u00bb box_shadow_color=\u00a0\u00bbrgba(0,0,0,0.1)\u00a0\u00bb box_shadow_style=\u00a0\u00bbpreset6&Prime;][et_pb_slide heading=\u00a0\u00bbA la fois gustavien et Shabby, d\u00e9couvrez mon univers et mes cr\u00e9ations ! \u00a0\u00bb background_image=\u00a0\u00bbhttp:\/\/www.mhcreations.fr\/wp-content\/uploads\/2017\/06\/Bout-1.jpg\u00a0\u00bb background_position=\u00a0\u00bbcenter\u00a0\u00bb background_size=\u00a0\u00bbcover\u00a0\u00bb background_color=\u00a0\u00bbrgba(255,255,255,0.84)\u00a0\u00bb use_bg_overlay=\u00a0\u00bboff\u00a0\u00bb use_text_overlay=\u00a0\u00bboff\u00a0\u00bb header_font=\u00a0\u00bbLato Light||||\u00a0\u00bb header_font_size=\u00a0\u00bb30px\u00a0\u00bb header_font_size_tablet=\u00a0\u00bb50&Prime; header_font_size_phone=\u00a0\u00bb50&Prime; header_text_color=\u00a0\u00bb#f9f9f9&Prime; header_line_height=\u00a0\u00bb50.3px\u00a0\u00bb header_line_height_tablet=\u00a0\u00bb50.3px\u00a0\u00bb header_line_height_phone=\u00a0\u00bb50.3px\u00a0\u00bb body_font=\u00a0\u00bbLato Light||||\u00a0\u00bb body_text_color=\u00a0\u00bb#fcfcfc\u00a0\u00bb body_line_height=\u00a0\u00bb40px\u00a0\u00bb body_line_height_tablet=\u00a0\u00bb40px\u00a0\u00bb body_line_height_phone=\u00a0\u00bb40px\u00a0\u00bb custom_button=\u00a0\u00bboff\u00a0\u00bb button_icon_placement=\u00a0\u00bbright\u00a0\u00bb button_on_hover=\u00a0\u00bbon\u00a0\u00bb]<\/p>\n<p>A CHACUN SA DECO, ET VOUS ? SHABBY ROMANTIQUE ?<\/p>\n<p>[\/et_pb_slide][et_pb_slide heading=\u00a0\u00bbInspiration MH CREATIONS : Lin, tissu d&rsquo;Antan\u00a0\u00bb background_image=\u00a0\u00bbhttp:\/\/www.mhcreations.fr\/wp-content\/uploads\/2017\/10\/Photo-lin.jpg\u00a0\u00bb use_bg_overlay=\u00a0\u00bboff\u00a0\u00bb use_text_overlay=\u00a0\u00bboff\u00a0\u00bb header_font=\u00a0\u00bbLato Light||||\u00a0\u00bb header_font_size=\u00a0\u00bb28&Prime; header_font_size_tablet=\u00a0\u00bb50&Prime; header_font_size_phone=\u00a0\u00bb50&Prime; header_text_color=\u00a0\u00bb#6d6d6d\u00a0\u00bb header_line_height=\u00a0\u00bb50.3px\u00a0\u00bb header_line_height_tablet=\u00a0\u00bb50.3px\u00a0\u00bb header_line_height_phone=\u00a0\u00bb50.3px\u00a0\u00bb body_font=\u00a0\u00bbLato Light||||\u00a0\u00bb body_text_color=\u00a0\u00bb#6d6d6d\u00a0\u00bb body_line_height=\u00a0\u00bb40px\u00a0\u00bb body_line_height_tablet=\u00a0\u00bb40px\u00a0\u00bb body_line_height_phone=\u00a0\u00bb40px\u00a0\u00bb button_icon_placement=\u00a0\u00bbright\u00a0\u00bb button_on_hover=\u00a0\u00bbon\u00a0\u00bb]<\/p>\n<p class=\"\">Que ce soit pour votre s\u00e9jour, vos chambres ou tout simplement\u00a0pour offrir, MH Creations vous\u00a0propose le bonheur d\u00e9co avec des pi\u00e8ces de qualit\u00e9 fran\u00e7aise et fait-main !<\/p>\n<p>[\/et_pb_slide][\/et_pb_fullwidth_slider][\/et_pb_section][et_pb_section bb_built=\u00a0\u00bb1&Prime; background_color=\u00a0\u00bb#f9f9f7&Prime; custom_padding=\u00a0\u00bb2px||25px|\u00a0\u00bb prev_background_color=\u00a0\u00bb#ffffff\u00a0\u00bb next_background_color=\u00a0\u00bb#efefef\u00a0\u00bb][et_pb_row parallax_method_1=\u00a0\u00bboff\u00a0\u00bb background_position=\u00a0\u00bbtop_left\u00a0\u00bb background_repeat=\u00a0\u00bbrepeat\u00a0\u00bb background_size=\u00a0\u00bbinitial\u00a0\u00bb][et_pb_column type=\u00a0\u00bb4_4&Prime;][et_pb_divider disabled_on=\u00a0\u00bbon|on|off\u00a0\u00bb \/][et_pb_text text_orientation=\u00a0\u00bbcenter\u00a0\u00bb text_font=\u00a0\u00bbLato Light||||\u00a0\u00bb text_font_size=\u00a0\u00bb18&Prime; text_text_color=\u00a0\u00bb#7a7a7a\u00a0\u00bb header_font=\u00a0\u00bbLato Light|on|||\u00a0\u00bb header_font_size=\u00a0\u00bb46px\u00a0\u00bb header_text_color=\u00a0\u00bb#9b9b9b\u00a0\u00bb header_line_height=\u00a0\u00bb1.5em\u00a0\u00bb custom_margin=\u00a0\u00bb||5px|\u00a0\u00bb inline_fonts=\u00a0\u00bbLato Light\u00a0\u00bb background_position=\u00a0\u00bbtop_left\u00a0\u00bb background_repeat=\u00a0\u00bbrepeat\u00a0\u00bb background_size=\u00a0\u00bbinitial\u00a0\u00bb module_alignment=\u00a0\u00bbcenter\u00a0\u00bb]<\/p>\n<p style=\"text-align: center;\"><span style=\"font-family: Lato; font-weight: 300;\">LES INCONTOURNABLES\u00a0:<\/span><\/p>\n<p>[\/et_pb_text][\/et_pb_column][\/et_pb_row][et_pb_row parallax_1=\u00a0\u00bbon\u00a0\u00bb parallax_method_1=\u00a0\u00bboff\u00a0\u00bb parallax_2=\u00a0\u00bbon\u00a0\u00bb parallax_method_2=\u00a0\u00bboff\u00a0\u00bb parallax_3=\u00a0\u00bbon\u00a0\u00bb parallax_method_3=\u00a0\u00bboff\u00a0\u00bb background_position=\u00a0\u00bbtop_left\u00a0\u00bb background_repeat=\u00a0\u00bbrepeat\u00a0\u00bb background_size=\u00a0\u00bbinitial\u00a0\u00bb][et_pb_column type=\u00a0\u00bb1_3&Prime;][et_pb_image admin_label=\u00a0\u00bbRideaux\u00a0\u00bb src=\u00a0\u00bbhttp:\/\/www.mhcreations.fr\/wp-content\/uploads\/2017\/09\/Rideaux.jpg\u00a0\u00bb url=\u00a0\u00bbhttp:\/\/www.mhcreations.fr\/index.php\/rideaux\/\u00a0\u00bb custom_margin=\u00a0\u00bb|5px||\u00a0\u00bb animation_style=\u00a0\u00bbslide\u00a0\u00bb animation_duration=\u00a0\u00bb500ms\u00a0\u00bb animation_intensity_slide=\u00a0\u00bb10%\u00a0\u00bb animation_direction=\u00a0\u00bbleft\u00a0\u00bb show_bottom_space=\u00a0\u00bbon\u00a0\u00bb \/][\/et_pb_column][et_pb_column type=\u00a0\u00bb1_3&Prime;][et_pb_image admin_label=\u00a0\u00bbCoussins\u00a0\u00bb src=\u00a0\u00bbhttp:\/\/www.mhcreations.fr\/wp-content\/uploads\/2017\/09\/Les-Coussins-1.jpg\u00a0\u00bb url=\u00a0\u00bbhttp:\/\/www.mhcreations.fr\/index.php\/categorie-produit\/coussin\/\u00a0\u00bb custom_margin=\u00a0\u00bb|5px||\u00a0\u00bb animation_style=\u00a0\u00bbslide\u00a0\u00bb animation_duration=\u00a0\u00bb500ms\u00a0\u00bb animation_intensity_slide=\u00a0\u00bb10%\u00a0\u00bb animation_direction=\u00a0\u00bbleft\u00a0\u00bb show_bottom_space=\u00a0\u00bbon\u00a0\u00bb \/][\/et_pb_column][et_pb_column type=\u00a0\u00bb1_3&Prime;][et_pb_image admin_label=\u00a0\u00bbCantonni\u00e8res\u00a0\u00bb src=\u00a0\u00bbhttp:\/\/www.mhcreations.fr\/wp-content\/uploads\/2017\/09\/CANTONNIERE.jpg\u00a0\u00bb url=\u00a0\u00bbhttp:\/\/www.mhcreations.fr\/index.php\/categorie-produit\/rideaux\/cantonniere\/\u00a0\u00bb custom_margin=\u00a0\u00bb|5px||\u00a0\u00bb animation_style=\u00a0\u00bbslide\u00a0\u00bb animation_duration=\u00a0\u00bb500ms\u00a0\u00bb animation_intensity_slide=\u00a0\u00bb10%\u00a0\u00bb animation_direction=\u00a0\u00bbleft\u00a0\u00bb show_bottom_space=\u00a0\u00bbon\u00a0\u00bb \/][\/et_pb_column][\/et_pb_row][\/et_pb_section][et_pb_section bb_built=\u00a0\u00bb1&Prime; background_color=\u00a0\u00bb#efefef\u00a0\u00bb custom_padding=\u00a0\u00bb2px|||2px\u00a0\u00bb prev_background_color=\u00a0\u00bb#f9f9f7&Prime; next_background_color=\u00a0\u00bb#d1b5af\u00a0\u00bb][et_pb_row background_position=\u00a0\u00bbtop_left\u00a0\u00bb background_repeat=\u00a0\u00bbrepeat\u00a0\u00bb background_size=\u00a0\u00bbinitial\u00a0\u00bb][et_pb_column type=\u00a0\u00bb4_4&Prime;][et_pb_divider disabled_on=\u00a0\u00bbon|on|off\u00a0\u00bb \/][\/et_pb_column][\/et_pb_row][et_pb_row custom_padding=\u00a0\u00bb10px||10px|\u00a0\u00bb custom_margin=\u00a0\u00bb10px||10px|\u00a0\u00bb background_color=\u00a0\u00bb#efefef\u00a0\u00bb parallax_method_1=\u00a0\u00bboff\u00a0\u00bb background_position=\u00a0\u00bbtop_left\u00a0\u00bb background_repeat=\u00a0\u00bbrepeat\u00a0\u00bb background_size=\u00a0\u00bbinitial\u00a0\u00bb][et_pb_column type=\u00a0\u00bb4_4&Prime;][et_pb_slider admin_label=\u00a0\u00bbCOLLECTIONS\u00a0\u00bb auto=\u00a0\u00bbon\u00a0\u00bb auto_speed=\u00a0\u00bb3000&Prime; parallax=\u00a0\u00bbon\u00a0\u00bb show_image_video_mobile=\u00a0\u00bbon\u00a0\u00bb header_font_size=\u00a0\u00bb25&Prime; header_text_color=\u00a0\u00bb#f4f4f4&Prime; custom_padding=\u00a0\u00bb|||\u00a0\u00bb custom_padding_tablet=\u00a0\u00bb|||\u00a0\u00bb custom_padding_phone=\u00a0\u00bb|||\u00a0\u00bb show_inner_shadow=\u00a0\u00bbon\u00a0\u00bb show_content_on_mobile=\u00a0\u00bbon\u00a0\u00bb show_cta_on_mobile=\u00a0\u00bbon\u00a0\u00bb box_shadow_horizontal=\u00a0\u00bb0px\u00a0\u00bb box_shadow_vertical=\u00a0\u00bb0px\u00a0\u00bb box_shadow_blur=\u00a0\u00bb10px\u00a0\u00bb box_shadow_spread=\u00a0\u00bb0px\u00a0\u00bb box_shadow_position=\u00a0\u00bbinner\u00a0\u00bb box_shadow_color=\u00a0\u00bbrgba(0,0,0,0.1)\u00a0\u00bb box_shadow_style=\u00a0\u00bbpreset6&Prime;][et_pb_slide heading=\u00a0\u00bbD\u00c9COUVREZ LA COLLECTION\u00a0\u00bb button_link=\u00a0\u00bbhttp:\/\/www.mhcreations.fr\/index.php\/categorie-produit\/collections-un-jour-de-novembre\/\u00a0\u00bb image=\u00a0\u00bbhttp:\/\/www.mhcreations.fr\/wp-content\/uploads\/2017\/11\/Collection-Un-Jour-de-Novembe.jpg\u00a0\u00bb use_bg_overlay=\u00a0\u00bboff\u00a0\u00bb use_text_overlay=\u00a0\u00bbon\u00a0\u00bb arrows_custom_color=\u00a0\u00bb#c1c1c1&Prime; header_font=\u00a0\u00bb||||\u00a0\u00bb body_font=\u00a0\u00bb||||\u00a0\u00bb custom_button=\u00a0\u00bboff\u00a0\u00bb button_icon_placement=\u00a0\u00bbright\u00a0\u00bb button_on_hover=\u00a0\u00bbon\u00a0\u00bb][\/et_pb_slide][et_pb_slide heading=\u00a0\u00bbD\u00c9COUVREZ LA COLLECTION\u00a0\u00bb button_link=\u00a0\u00bbhttp:\/\/www.mhcreations.fr\/index.php\/categorie-produit\/collection-feston\/\u00a0\u00bb image=\u00a0\u00bbhttp:\/\/www.mhcreations.fr\/wp-content\/uploads\/2017\/09\/COLLECTION-FESTON.png\u00a0\u00bb use_bg_overlay=\u00a0\u00bboff\u00a0\u00bb use_text_overlay=\u00a0\u00bbon\u00a0\u00bb arrows_custom_color=\u00a0\u00bb#c1c1c1&Prime; header_font=\u00a0\u00bb||||\u00a0\u00bb body_font=\u00a0\u00bb||||\u00a0\u00bb button_icon_placement=\u00a0\u00bbright\u00a0\u00bb button_on_hover=\u00a0\u00bbon\u00a0\u00bb][\/et_pb_slide][et_pb_slide heading=\u00a0\u00bbD\u00c9COUVREZ LA COLLECTION\u00a0\u00bb button_link=\u00a0\u00bbhttp:\/\/www.mhcreations.fr\/index.php\/categorie-produit\/charance\/\u00a0\u00bb image=\u00a0\u00bbhttp:\/\/www.mhcreations.fr\/wp-content\/uploads\/2017\/09\/COLLECTION-CHARANCE.png\u00a0\u00bb use_bg_overlay=\u00a0\u00bboff\u00a0\u00bb use_text_overlay=\u00a0\u00bbon\u00a0\u00bb arrows_custom_color=\u00a0\u00bb#c1c1c1&Prime; header_font=\u00a0\u00bb||||\u00a0\u00bb body_font=\u00a0\u00bb||||\u00a0\u00bb button_icon_placement=\u00a0\u00bbright\u00a0\u00bb button_on_hover=\u00a0\u00bbon\u00a0\u00bb][\/et_pb_slide][et_pb_slide heading=\u00a0\u00bbD\u00c9COUVREZ LA COLLECTION\u00a0\u00bb button_link=\u00a0\u00bbhttp:\/\/www.mhcreations.fr\/index.php\/categorie-produit\/collectionfroufrou\/\u00a0\u00bb image=\u00a0\u00bbhttp:\/\/www.mhcreations.fr\/wp-content\/uploads\/2017\/09\/Collection-Shabby-Romantique.jpg\u00a0\u00bb use_bg_overlay=\u00a0\u00bboff\u00a0\u00bb use_text_overlay=\u00a0\u00bbon\u00a0\u00bb arrows_custom_color=\u00a0\u00bb#c1c1c1&Prime; header_font=\u00a0\u00bb||||\u00a0\u00bb body_font=\u00a0\u00bb||||\u00a0\u00bb custom_button=\u00a0\u00bboff\u00a0\u00bb button_icon_placement=\u00a0\u00bbright\u00a0\u00bb button_on_hover=\u00a0\u00bbon\u00a0\u00bb][\/et_pb_slide][\/et_pb_slider][\/et_pb_column][\/et_pb_row][\/et_pb_section][et_pb_section bb_built=\u00a0\u00bb1&Prime; admin_label=\u00a0\u00bbsection\u00a0\u00bb background_color=\u00a0\u00bb#d1b5af\u00a0\u00bb fullwidth=\u00a0\u00bbon\u00a0\u00bb prev_background_color=\u00a0\u00bb#efefef\u00a0\u00bb next_background_color=\u00a0\u00bb#ffffff\u00a0\u00bb][et_pb_fullwidth_header admin_label=\u00a0\u00bbFullwidth Header\u00a0\u00bb title=\u00a0\u00bbBIENVENUE DANS LA BOUTIQUE\u00a0\u00bb subhead=\u00a0\u00bbRetrouvez mes derni\u00e8res cr\u00e9ations lin et linge d&rsquo;antan (tendance SHABBY)\u00a0\u00bb background_layout=\u00a0\u00bbdark\u00a0\u00bb \/][\/et_pb_section][et_pb_section bb_built=\u00a0\u00bb1&Prime; admin_label=\u00a0\u00bbsection\u00a0\u00bb prev_background_color=\u00a0\u00bb#d1b5af\u00a0\u00bb next_background_color=\u00a0\u00bb#f2f2f2&Prime;][et_pb_row admin_label=\u00a0\u00bbrow\u00a0\u00bb background_position=\u00a0\u00bbtop_left\u00a0\u00bb background_repeat=\u00a0\u00bbrepeat\u00a0\u00bb background_size=\u00a0\u00bbinitial\u00a0\u00bb][et_pb_column type=\u00a0\u00bb4_4&Prime;][et_pb_shop admin_label=\u00a0\u00bbShop\u00a0\u00bb type=\u00a0\u00bbbest_selling\u00a0\u00bb posts_number=\u00a0\u00bb8&Prime; _builder_version=\u00a0\u00bb3.0.106&Prime; saved_tabs=\u00a0\u00bball\u00a0\u00bb columns_number=\u00a0\u00bb0&Prime; orderby=\u00a0\u00bbmenu_order\u00a0\u00bb \/][\/et_pb_column][\/et_pb_row][et_pb_row admin_label=\u00a0\u00bbrow\u00a0\u00bb background_position=\u00a0\u00bbtop_left\u00a0\u00bb background_repeat=\u00a0\u00bbrepeat\u00a0\u00bb background_size=\u00a0\u00bbinitial\u00a0\u00bb][et_pb_column type=\u00a0\u00bb4_4&Prime;][et_pb_cta admin_label=\u00a0\u00bbCall To Action\u00a0\u00bb title=\u00a0\u00bbNouveaut\u00e9s disponibles sur facebook\u00a0\u00bb button_url=\u00a0\u00bbhttps:\/\/www.facebook.com\/MHCreations.fr\/\u00a0\u00bb url_new_window=\u00a0\u00bbon\u00a0\u00bb button_text=\u00a0\u00bbSuivre\u00a0\u00bb background_color=\u00a0\u00bb#90ccc1&Prime; header_font=\u00a0\u00bbLato Light||||\u00a0\u00bb header_font_size=\u00a0\u00bb30px\u00a0\u00bb body_font=\u00a0\u00bbLato Light||||\u00a0\u00bb background_position=\u00a0\u00bbtop_left\u00a0\u00bb background_repeat=\u00a0\u00bbrepeat\u00a0\u00bb background_size=\u00a0\u00bbinitial\u00a0\u00bb]<\/p>\n<p>Suivez-moi et d\u00e9couvrez les coulisses des cr\u00e9ations et derni\u00e8res nouveaut\u00e9s.<br \/>\nLaissez \u00e9galement vos commentaires et avis. <em>Marie H\u00e9l\u00e8ne Dangoumau, MH Creations<\/em><\/p>\n<p>[\/et_pb_cta][\/et_pb_column][\/et_pb_row][\/et_pb_section][et_pb_section bb_built=\u00a0\u00bb1&Prime; background_color=\u00a0\u00bb#f2f2f2&Prime; custom_padding=\u00a0\u00bb1px|1px|1px|\u00a0\u00bb prev_background_color=\u00a0\u00bb#ffffff\u00a0\u00bb][et_pb_row background_color=\u00a0\u00bb#f2f2f2&Prime; parallax_method_1=\u00a0\u00bboff\u00a0\u00bb parallax_method_2=\u00a0\u00bboff\u00a0\u00bb parallax_method_3=\u00a0\u00bboff\u00a0\u00bb parallax_method_4=\u00a0\u00bboff\u00a0\u00bb background_position=\u00a0\u00bbtop_left\u00a0\u00bb background_repeat=\u00a0\u00bbrepeat\u00a0\u00bb background_size=\u00a0\u00bbinitial\u00a0\u00bb][et_pb_column type=\u00a0\u00bb1_4&Prime;][et_pb_image src=\u00a0\u00bbhttp:\/\/www.mhcreations.fr\/wp-content\/uploads\/2017\/09\/FAIT-MAIN.png\u00a0\u00bb url=\u00a0\u00bbhttp:\/\/www.mhcreations.fr\/index.php\/fait-main-et-qualite-francaise\/\u00a0\u00bb animation_style=\u00a0\u00bbslide\u00a0\u00bb animation_duration=\u00a0\u00bb500ms\u00a0\u00bb animation_intensity_slide=\u00a0\u00bb10%\u00a0\u00bb animation_direction=\u00a0\u00bbleft\u00a0\u00bb show_bottom_space=\u00a0\u00bbon\u00a0\u00bb \/][\/et_pb_column][et_pb_column type=\u00a0\u00bb1_4&Prime;][et_pb_image src=\u00a0\u00bbhttp:\/\/www.mhcreations.fr\/wp-content\/uploads\/2017\/09\/LIVRAISON.png\u00a0\u00bb url=\u00a0\u00bbhttp:\/\/www.mhcreations.fr\/index.php\/livraison\/\u00a0\u00bb animation_style=\u00a0\u00bbslide\u00a0\u00bb animation_duration=\u00a0\u00bb500ms\u00a0\u00bb animation_intensity_slide=\u00a0\u00bb10%\u00a0\u00bb animation_direction=\u00a0\u00bbleft\u00a0\u00bb show_bottom_space=\u00a0\u00bbon\u00a0\u00bb \/][\/et_pb_column][et_pb_column type=\u00a0\u00bb1_4&Prime;][et_pb_image src=\u00a0\u00bbhttp:\/\/www.mhcreations.fr\/wp-content\/uploads\/2017\/09\/SATISFAIT.png\u00a0\u00bb url=\u00a0\u00bbhttp:\/\/www.mhcreations.fr\/index.php\/satisfait-ou-rembourse\/\u00a0\u00bb animation_style=\u00a0\u00bbslide\u00a0\u00bb animation_duration=\u00a0\u00bb500ms\u00a0\u00bb animation_intensity_slide=\u00a0\u00bb10%\u00a0\u00bb animation_direction=\u00a0\u00bbleft\u00a0\u00bb show_bottom_space=\u00a0\u00bbon\u00a0\u00bb \/][\/et_pb_column][et_pb_column type=\u00a0\u00bb1_4&Prime;][et_pb_image src=\u00a0\u00bbhttp:\/\/www.mhcreations.fr\/wp-content\/uploads\/2017\/09\/SECU.png\u00a0\u00bb url=\u00a0\u00bbhttp:\/\/www.mhcreations.fr\/index.php\/cgv\/\u00a0\u00bb animation_style=\u00a0\u00bbslide\u00a0\u00bb animation_duration=\u00a0\u00bb500ms\u00a0\u00bb animation_intensity_slide=\u00a0\u00bb10%\u00a0\u00bb animation_direction=\u00a0\u00bbleft\u00a0\u00bb show_bottom_space=\u00a0\u00bbon\u00a0\u00bb \/][\/et_pb_column][\/et_pb_row][\/et_pb_section]<\/p>\n","protected":false},"excerpt":{"rendered":"<p>A CHACUN SA DECO, ET VOUS ? SHABBY ROMANTIQUE ? Que ce soit pour votre s\u00e9jour, vos chambres ou tout simplement\u00a0pour offrir, MH Creations vous\u00a0propose le bonheur d\u00e9co avec des pi\u00e8ces de qualit\u00e9 fran\u00e7aise et fait-main ! LES INCONTOURNABLES\u00a0: Suivez-moi et d\u00e9couvrez les coulisses des cr\u00e9ations et derni\u00e8res nouveaut\u00e9s. Laissez \u00e9galement vos commentaires et avis. [&hellip;]<\/p>\n","protected":false},"author":1,"featured_media":0,"parent":0,"menu_order":0,"comment_status":"closed","ping_status":"closed","template":"","meta":{"_et_pb_use_builder":"on","_et_pb_old_content":"","_et_gb_content_width":"","footnotes":""},"class_list":["post-690","page","type-page","status-publish","hentry"],"_links":{"self":[{"href":"https:\/\/www.mhcreations.fr\/index.php\/wp-json\/wp\/v2\/pages\/690","targetHints":{"allow":["GET"]}}],"collection":[{"href":"https:\/\/www.mhcreations.fr\/index.php\/wp-json\/wp\/v2\/pages"}],"about":[{"href":"https:\/\/www.mhcreations.fr\/index.php\/wp-json\/wp\/v2\/types\/page"}],"author":[{"embeddable":true,"href":"https:\/\/www.mhcreations.fr\/index.php\/wp-json\/wp\/v2\/users\/1"}],"replies":[{"embeddable":true,"href":"https:\/\/www.mhcreations.fr\/index.php\/wp-json\/wp\/v2\/comments?post=690"}],"version-history":[{"count":276,"href":"https:\/\/www.mhcreations.fr\/index.php\/wp-json\/wp\/v2\/pages\/690\/revisions"}],"predecessor-version":[{"id":4337,"href":"https:\/\/www.mhcreations.fr\/index.php\/wp-json\/wp\/v2\/pages\/690\/revisions\/4337"}],"wp:attachment":[{"href":"https:\/\/www.mhcreations.fr\/index.php\/wp-json\/wp\/v2\/media?parent=690"}],"curies":[{"name":"wp","href":"https:\/\/api.w.org\/{rel}","templated":true}]}}