{"id":10224,"date":"2020-11-15T22:42:38","date_gmt":"2020-11-15T21:42:38","guid":{"rendered":"https:\/\/www.mhcreations.fr\/?post_type=product&#038;p=10224"},"modified":"2021-03-07T19:47:32","modified_gmt":"2021-03-07T18:47:32","slug":"commande-sur-mesure-pour-sophie-s","status":"publish","type":"product","link":"https:\/\/www.mhcreations.fr\/index.php\/produit\/commande-sur-mesure-pour-sophie-s\/","title":{"rendered":"Commande sur mesure pour \u00ab\u00a0Sophie S\u00a0\u00bb"},"content":{"rendered":"<p>Mod\u00e8le \u00ab\u00a0Un jour de novembre\u00a0\u00bb<\/p>\n<p>Cantonni\u00e8re en linge ancien,\u00a0 monogramme F en m\u00e9daillon blanc et pompon<\/p>\n<p>2 &#8211;\u00a0 120 x 85 cm<\/p>\n<p>Rideau brise bise, monogramme F en m\u00e9daillon blanc et pompon. Cantonni\u00e8re en haut<\/p>\n<p>1 &#8211; 76 x 165 cm<\/p>\n<p>Mod\u00e8le \u00ab\u00a0Marie\u00a0\u00bb<\/p>\n<p>Housse de dossier &#8211; 85cm\u00a0 de largeur. monogramme F en m\u00e9daillon blanc<\/p>\n<p>Enti\u00e8rement r\u00e9alis\u00e9 par moi -m\u00eame avec des finitions et des mati\u00e8res de qualit\u00e9s et Fran\u00e7aise<\/p>\n<p>&nbsp;<\/p>\n<p>&nbsp;<\/p>\n","protected":false},"excerpt":{"rendered":"<p>&nbsp;<\/p>\n<p>&nbsp;<\/p>\n","protected":false},"featured_media":5713,"comment_status":"open","ping_status":"closed","template":"","meta":{"_et_pb_use_builder":"","_et_pb_old_content":"","_et_gb_content_width":""},"product_brand":[],"product_cat":[180],"product_tag":[],"class_list":{"0":"post-10224","1":"product","2":"type-product","3":"status-publish","4":"has-post-thumbnail","6":"product_cat-commande-sur-mesure","8":"first","9":"instock","10":"shipping-taxable","11":"purchasable","12":"product-type-simple"},"_links":{"self":[{"href":"https:\/\/www.mhcreations.fr\/index.php\/wp-json\/wp\/v2\/product\/10224","targetHints":{"allow":["GET"]}}],"collection":[{"href":"https:\/\/www.mhcreations.fr\/index.php\/wp-json\/wp\/v2\/product"}],"about":[{"href":"https:\/\/www.mhcreations.fr\/index.php\/wp-json\/wp\/v2\/types\/product"}],"replies":[{"embeddable":true,"href":"https:\/\/www.mhcreations.fr\/index.php\/wp-json\/wp\/v2\/comments?post=10224"}],"wp:featuredmedia":[{"embeddable":true,"href":"https:\/\/www.mhcreations.fr\/index.php\/wp-json\/wp\/v2\/media\/5713"}],"wp:attachment":[{"href":"https:\/\/www.mhcreations.fr\/index.php\/wp-json\/wp\/v2\/media?parent=10224"}],"wp:term":[{"taxonomy":"product_brand","embeddable":true,"href":"https:\/\/www.mhcreations.fr\/index.php\/wp-json\/wp\/v2\/product_brand?post=10224"},{"taxonomy":"product_cat","embeddable":true,"href":"https:\/\/www.mhcreations.fr\/index.php\/wp-json\/wp\/v2\/product_cat?post=10224"},{"taxonomy":"product_tag","embeddable":true,"href":"https:\/\/www.mhcreations.fr\/index.php\/wp-json\/wp\/v2\/product_tag?post=10224"}],"curies":[{"name":"wp","href":"https:\/\/api.w.org\/{rel}","templated":true}]}}