{"id":10593,"date":"2021-01-05T11:16:11","date_gmt":"2021-01-05T10:16:11","guid":{"rendered":"https:\/\/www.mhcreations.fr\/?post_type=product&#038;p=10593"},"modified":"2024-10-06T19:57:56","modified_gmt":"2024-10-06T17:57:56","slug":"housse-de-tele-froufrou-2","status":"publish","type":"product","link":"https:\/\/www.mhcreations.fr\/index.php\/produit\/housse-de-tele-froufrou-2\/","title":{"rendered":"Housse de t\u00e9l\u00e9, \u00ab\u00a0Froufrou\u00a0\u00bb"},"content":{"rendered":"<h1>Jolie housse de t\u00e9l\u00e9, TV, \u00e9cran en linge ancien blanc<\/h1>\n<h1>Avec volant sur le bas<\/h1>\n<h1>Monogramme double m\u00e9daillon,<\/h1>\n<p>Largeur 76 cm cm x Hauteur 50 cm<\/p>\n<p>La lettre pour le m\u00e9daillon est a choisir, ainsi que la couleur du contour ( lin, gris, rouge, bleu ou tout banc ou autres.<br \/>\nJe confectionne aussi sur mesure, vous pouvez donc choisir les dimensions de votre choix<\/p>\n","protected":false},"excerpt":{"rendered":"<p>Jolie housse de t\u00e9l\u00e9, TV, \u00e9cran en linge ancien blanc Avec volant sur le bas Monogramme double m\u00e9daillon, Largeur 76 cm cm x Hauteur 50 cm La lettre pour le m\u00e9daillon est a choisir, ainsi que la couleur du contour ( lin, gris, rouge, bleu ou tout banc ou autres. Je confectionne aussi sur mesure, [&hellip;]<\/p>\n","protected":false},"featured_media":954,"comment_status":"open","ping_status":"closed","template":"","meta":{"_et_pb_use_builder":"","_et_pb_old_content":"","_et_gb_content_width":""},"product_brand":[],"product_cat":[149],"product_tag":[],"class_list":{"0":"post-10593","1":"product","2":"type-product","3":"status-publish","4":"has-post-thumbnail","6":"product_cat-chambre","8":"first","9":"instock","10":"shipping-taxable","11":"purchasable","12":"product-type-variable"},"_links":{"self":[{"href":"https:\/\/www.mhcreations.fr\/index.php\/wp-json\/wp\/v2\/product\/10593","targetHints":{"allow":["GET"]}}],"collection":[{"href":"https:\/\/www.mhcreations.fr\/index.php\/wp-json\/wp\/v2\/product"}],"about":[{"href":"https:\/\/www.mhcreations.fr\/index.php\/wp-json\/wp\/v2\/types\/product"}],"replies":[{"embeddable":true,"href":"https:\/\/www.mhcreations.fr\/index.php\/wp-json\/wp\/v2\/comments?post=10593"}],"wp:featuredmedia":[{"embeddable":true,"href":"https:\/\/www.mhcreations.fr\/index.php\/wp-json\/wp\/v2\/media\/954"}],"wp:attachment":[{"href":"https:\/\/www.mhcreations.fr\/index.php\/wp-json\/wp\/v2\/media?parent=10593"}],"wp:term":[{"taxonomy":"product_brand","embeddable":true,"href":"https:\/\/www.mhcreations.fr\/index.php\/wp-json\/wp\/v2\/product_brand?post=10593"},{"taxonomy":"product_cat","embeddable":true,"href":"https:\/\/www.mhcreations.fr\/index.php\/wp-json\/wp\/v2\/product_cat?post=10593"},{"taxonomy":"product_tag","embeddable":true,"href":"https:\/\/www.mhcreations.fr\/index.php\/wp-json\/wp\/v2\/product_tag?post=10593"}],"curies":[{"name":"wp","href":"https:\/\/api.w.org\/{rel}","templated":true}]}}