{"id":10832,"date":"2021-01-28T21:06:49","date_gmt":"2021-01-28T20:06:49","guid":{"rendered":"https:\/\/www.mhcreations.fr\/?post_type=product&#038;p=10832"},"modified":"2021-03-07T19:57:57","modified_gmt":"2021-03-07T18:57:57","slug":"commande-sur-mesure-eugenie-rideaux-stores","status":"publish","type":"product","link":"https:\/\/www.mhcreations.fr\/index.php\/produit\/commande-sur-mesure-eugenie-rideaux-stores\/","title":{"rendered":"Commande sur mesure \u00ab\u00a0Eug\u00e9nie\u00a0\u00bb Rideaux stores"},"content":{"rendered":"<p>Mod\u00e8le \u00ab\u00a0Un jour de novembre\u00a0\u00bb<\/p>\n<p>2 &#8211; Rideau store en linge lin coton et voile de lin<\/p>\n<p>Monogramme C en m\u00e9daillon lin et pompon.<\/p>\n<p>Rideau 1<\/p>\n<p>Largeur : 118 cm<\/p>\n<p>Hauteur : 100 cm<\/p>\n<p>Cantonni\u00e8re 30 cm<\/p>\n<p>Rideau 2<\/p>\n<p>Largeur 78 cm<\/p>\n<p>Hauteur 178 cm<\/p>\n<p>Cantonni\u00e8re 45 cm<\/p>\n<p>&nbsp;<\/p>\n<p>D\u00e9lai de 3 semaine et suivant commandes en cours<\/p>\n<p>Ce mod\u00e8le est aussi r\u00e9alis\u00e9 sur mesure et personnalis\u00e9<\/p>\n<p>Enti\u00e8rement r\u00e9alis\u00e9 par moi -m\u00eame avec des finitions et des mati\u00e8re de qualit\u00e9 et Fran\u00e7aise<\/p>\n<p>Sur mesure :<em> <a href=\"https:\/\/www.mhcreations.fr\/index.php\/contact-test-2\/\">Me contacter<\/a><\/em><\/p>\n","protected":false},"excerpt":{"rendered":"<p>Mod\u00e8le \u00ab\u00a0Un jour de novembre\u00a0\u00bb 2 &#8211; Rideau store en linge lin coton et voile de lin Monogramme C en m\u00e9daillon lin et pompon. Rideau 1 Largeur : 118 cm Hauteur : 100 cm Cantonni\u00e8re 30 cm Rideau 2 Largeur 78 cm Hauteur 178 cm Cantonni\u00e8re 45 cm &nbsp; D\u00e9lai de 3 semaine et suivant [&hellip;]<\/p>\n","protected":false},"featured_media":5715,"comment_status":"open","ping_status":"closed","template":"","meta":{"_et_pb_use_builder":"","_et_pb_old_content":"","_et_gb_content_width":""},"product_brand":[],"product_cat":[180],"product_tag":[],"class_list":{"0":"post-10832","1":"product","2":"type-product","3":"status-publish","4":"has-post-thumbnail","6":"product_cat-commande-sur-mesure","8":"first","9":"instock","10":"shipping-taxable","11":"purchasable","12":"product-type-variable"},"_links":{"self":[{"href":"https:\/\/www.mhcreations.fr\/index.php\/wp-json\/wp\/v2\/product\/10832","targetHints":{"allow":["GET"]}}],"collection":[{"href":"https:\/\/www.mhcreations.fr\/index.php\/wp-json\/wp\/v2\/product"}],"about":[{"href":"https:\/\/www.mhcreations.fr\/index.php\/wp-json\/wp\/v2\/types\/product"}],"replies":[{"embeddable":true,"href":"https:\/\/www.mhcreations.fr\/index.php\/wp-json\/wp\/v2\/comments?post=10832"}],"wp:featuredmedia":[{"embeddable":true,"href":"https:\/\/www.mhcreations.fr\/index.php\/wp-json\/wp\/v2\/media\/5715"}],"wp:attachment":[{"href":"https:\/\/www.mhcreations.fr\/index.php\/wp-json\/wp\/v2\/media?parent=10832"}],"wp:term":[{"taxonomy":"product_brand","embeddable":true,"href":"https:\/\/www.mhcreations.fr\/index.php\/wp-json\/wp\/v2\/product_brand?post=10832"},{"taxonomy":"product_cat","embeddable":true,"href":"https:\/\/www.mhcreations.fr\/index.php\/wp-json\/wp\/v2\/product_cat?post=10832"},{"taxonomy":"product_tag","embeddable":true,"href":"https:\/\/www.mhcreations.fr\/index.php\/wp-json\/wp\/v2\/product_tag?post=10832"}],"curies":[{"name":"wp","href":"https:\/\/api.w.org\/{rel}","templated":true}]}}