{"id":11246,"date":"2021-08-16T20:35:49","date_gmt":"2021-08-16T18:35:49","guid":{"rendered":"https:\/\/www.mhcreations.fr\/?post_type=product&#038;p=11246"},"modified":"2023-06-18T17:36:39","modified_gmt":"2023-06-18T15:36:39","slug":"commande-sur-mesure-calis-rideaux-stores","status":"publish","type":"product","link":"https:\/\/www.mhcreations.fr\/index.php\/produit\/commande-sur-mesure-calis-rideaux-stores\/","title":{"rendered":"Commande sur mesure \u00ab\u00a0Calis\u00a0\u00bb Rideaux stores"},"content":{"rendered":"<p>Mod\u00e8le \u00ab\u00a0Un jour de novembre\u00a0\u00bb<\/p>\n<p>2 &#8211; Rideau store en linge lin coton et voile de lin<\/p>\n<p>Monogramme C en m\u00e9daillon lin et pompon.<\/p>\n<p>Rideau 1<\/p>\n<p>Largeur : 75 cm<\/p>\n<p>Hauteur : 170 cm<\/p>\n<p>Cantonni\u00e8re 35 cm<\/p>\n<p>Rideau 2<\/p>\n<p>Largeur 70 cm<\/p>\n<p>Hauteur 105 cm<\/p>\n<p>Cantonni\u00e8re 35 cm<\/p>\n<p>&nbsp;<\/p>\n<p>D\u00e9lai de 3 semaine et suivant commandes en cours<\/p>\n<p>Ce mod\u00e8le est aussi r\u00e9alis\u00e9 sur mesure et personnalis\u00e9<\/p>\n<p>Enti\u00e8rement r\u00e9alis\u00e9 par moi -m\u00eame avec des finitions et des mati\u00e8re de qualit\u00e9 et Fran\u00e7aise<\/p>\n<p>Sur mesure :<em> <a href=\"https:\/\/www.mhcreations.fr\/index.php\/contact-test-2\/\">Me contacter<\/a><\/em><\/p>\n","protected":false},"excerpt":{"rendered":"<p>Mod\u00e8le \u00ab\u00a0Un jour de novembre\u00a0\u00bb 2 &#8211; Rideau store en linge lin coton et voile de lin Monogramme C en m\u00e9daillon lin et pompon. Rideau 1 Largeur : 75 cm Hauteur : 170 cm Cantonni\u00e8re 35 cm Rideau 2 Largeur 70 cm Hauteur 105 cm Cantonni\u00e8re 35 cm &nbsp; D\u00e9lai de 3 semaine et suivant [&hellip;]<\/p>\n","protected":false},"featured_media":5715,"comment_status":"open","ping_status":"closed","template":"","meta":{"_et_pb_use_builder":"","_et_pb_old_content":"","_et_gb_content_width":""},"product_brand":[],"product_cat":[180],"product_tag":[],"class_list":{"0":"post-11246","1":"product","2":"type-product","3":"status-publish","4":"has-post-thumbnail","6":"product_cat-commande-sur-mesure","8":"first","9":"instock","10":"shipping-taxable","11":"purchasable","12":"product-type-variable"},"_links":{"self":[{"href":"https:\/\/www.mhcreations.fr\/index.php\/wp-json\/wp\/v2\/product\/11246","targetHints":{"allow":["GET"]}}],"collection":[{"href":"https:\/\/www.mhcreations.fr\/index.php\/wp-json\/wp\/v2\/product"}],"about":[{"href":"https:\/\/www.mhcreations.fr\/index.php\/wp-json\/wp\/v2\/types\/product"}],"replies":[{"embeddable":true,"href":"https:\/\/www.mhcreations.fr\/index.php\/wp-json\/wp\/v2\/comments?post=11246"}],"wp:featuredmedia":[{"embeddable":true,"href":"https:\/\/www.mhcreations.fr\/index.php\/wp-json\/wp\/v2\/media\/5715"}],"wp:attachment":[{"href":"https:\/\/www.mhcreations.fr\/index.php\/wp-json\/wp\/v2\/media?parent=11246"}],"wp:term":[{"taxonomy":"product_brand","embeddable":true,"href":"https:\/\/www.mhcreations.fr\/index.php\/wp-json\/wp\/v2\/product_brand?post=11246"},{"taxonomy":"product_cat","embeddable":true,"href":"https:\/\/www.mhcreations.fr\/index.php\/wp-json\/wp\/v2\/product_cat?post=11246"},{"taxonomy":"product_tag","embeddable":true,"href":"https:\/\/www.mhcreations.fr\/index.php\/wp-json\/wp\/v2\/product_tag?post=11246"}],"curies":[{"name":"wp","href":"https:\/\/api.w.org\/{rel}","templated":true}]}}