{"id":11992,"date":"2022-03-31T23:17:37","date_gmt":"2022-03-31T21:17:37","guid":{"rendered":"https:\/\/www.mhcreations.fr\/?post_type=product&#038;p=11992"},"modified":"2023-05-28T23:11:03","modified_gmt":"2023-05-28T21:11:03","slug":"commande-sur-mesure-delphine-rideau-et-brises-bises","status":"publish","type":"product","link":"https:\/\/www.mhcreations.fr\/index.php\/produit\/commande-sur-mesure-delphine-rideau-et-brises-bises\/","title":{"rendered":"Commande sur mesure \u00ab\u00a0Delphine\u00a0\u00bb Rideau et brises bises"},"content":{"rendered":"<p>Commande sur mesure \u00ab\u00a0Delphine\u00a0\u00bb Rideau et brises bises<\/p>\n<p>Rideau charance<\/p>\n<p>Cantonni\u00e8re en lin\u00a0 festonn\u00e9e et rehauss\u00e9e d\u2019un monogramme en m\u00e9daillon, Noeux et pompon<\/p>\n<p>Pans en voile de lin blanc. Fixations nouettes<\/p>\n<p>Hauteur cantonni\u00e8re 55 cm<\/p>\n<p>Largeur 140 cm<\/p>\n<p>Hauteur 240 cm<\/p>\n<p>8 &#8211; Rideau brise bise Mod\u00e8le \u00ab\u00a0Feston\u00a0\u00bb<\/p>\n<p>largeur 50 cm<\/p>\n<p>Hauteur 80 cm<\/p>\n<p>Tous blanc<\/p>\n<p>&nbsp;<\/p>\n","protected":false},"excerpt":{"rendered":"<p>Commande sur mesure \u00ab\u00a0Delphine\u00a0\u00bb Rideau et brises bises Rideau charance Cantonni\u00e8re en lin\u00a0 festonn\u00e9e et rehauss\u00e9e d\u2019un monogramme en m\u00e9daillon, Noeux et pompon Pans en voile de lin blanc. Fixations nouettes Hauteur cantonni\u00e8re 55 cm Largeur 140 cm Hauteur 240 cm 8 &#8211; Rideau brise bise Mod\u00e8le \u00ab\u00a0Feston\u00a0\u00bb largeur 50 cm Hauteur 80 cm Tous [&hellip;]<\/p>\n","protected":false},"featured_media":934,"comment_status":"open","ping_status":"closed","template":"","meta":{"_et_pb_use_builder":"","_et_pb_old_content":"","_et_gb_content_width":""},"product_brand":[],"product_cat":[180],"product_tag":[],"class_list":{"0":"post-11992","1":"product","2":"type-product","3":"status-publish","4":"has-post-thumbnail","6":"product_cat-commande-sur-mesure","8":"first","9":"instock","10":"shipping-taxable","11":"purchasable","12":"product-type-simple"},"_links":{"self":[{"href":"https:\/\/www.mhcreations.fr\/index.php\/wp-json\/wp\/v2\/product\/11992","targetHints":{"allow":["GET"]}}],"collection":[{"href":"https:\/\/www.mhcreations.fr\/index.php\/wp-json\/wp\/v2\/product"}],"about":[{"href":"https:\/\/www.mhcreations.fr\/index.php\/wp-json\/wp\/v2\/types\/product"}],"replies":[{"embeddable":true,"href":"https:\/\/www.mhcreations.fr\/index.php\/wp-json\/wp\/v2\/comments?post=11992"}],"wp:featuredmedia":[{"embeddable":true,"href":"https:\/\/www.mhcreations.fr\/index.php\/wp-json\/wp\/v2\/media\/934"}],"wp:attachment":[{"href":"https:\/\/www.mhcreations.fr\/index.php\/wp-json\/wp\/v2\/media?parent=11992"}],"wp:term":[{"taxonomy":"product_brand","embeddable":true,"href":"https:\/\/www.mhcreations.fr\/index.php\/wp-json\/wp\/v2\/product_brand?post=11992"},{"taxonomy":"product_cat","embeddable":true,"href":"https:\/\/www.mhcreations.fr\/index.php\/wp-json\/wp\/v2\/product_cat?post=11992"},{"taxonomy":"product_tag","embeddable":true,"href":"https:\/\/www.mhcreations.fr\/index.php\/wp-json\/wp\/v2\/product_tag?post=11992"}],"curies":[{"name":"wp","href":"https:\/\/api.w.org\/{rel}","templated":true}]}}