{"id":12078,"date":"2022-11-12T19:22:57","date_gmt":"2022-11-12T18:22:57","guid":{"rendered":"https:\/\/www.mhcreations.fr\/?post_type=product&#038;p=12078"},"modified":"2023-05-28T23:14:45","modified_gmt":"2023-05-28T21:14:45","slug":"rideau-bonne-femme-charance-5","status":"publish","type":"product","link":"https:\/\/www.mhcreations.fr\/index.php\/produit\/rideau-bonne-femme-charance-5\/","title":{"rendered":"Rideau bonne femme \u00ab\u00a0Charance\u00a0\u00bb"},"content":{"rendered":"<p>Magnifique Rideau feston<br \/>\nForme bonne femme<br \/>\nEn linge ancien et voile de lin blanc avec rappel de linge ancien sur le bas du voile<br \/>\nRehauss\u00e9 d&rsquo;un joli monogramme sur double m\u00e9daillon avec noueux et pompon<br \/>\nDimensions :<br \/>\nHauteur 210 cm<br \/>\nLargeur 85 cm<\/p>\n<p>La lettre pour le m\u00e9daillon est a choisir, ainsi que la couleur du contour ( lin, gris, rouge, bleu ou tout banc ou autres.<br \/>\nJe confectionne aussi sur mesure, vous pouvez donc choisir les dimensions de votre choix. <a href=\"https:\/\/www.mhcreations.fr\/index.php\/contact-test-2\/\">Me contacter<\/a><\/p>\n","protected":false},"excerpt":{"rendered":"<p>Magnifique Rideau feston Forme bonne femme En linge ancien et voile de lin blanc avec rappel de linge ancien sur le bas du voile Rehauss\u00e9 d&rsquo;un joli monogramme sur double m\u00e9daillon avec noueux et pompon Dimensions : Hauteur 210 cm Largeur 85 cm La lettre pour le m\u00e9daillon est a choisir, ainsi que la couleur [&hellip;]<\/p>\n","protected":false},"featured_media":986,"comment_status":"open","ping_status":"closed","template":"","meta":{"_et_pb_use_builder":"off","_et_pb_old_content":"Magnifique Rideau feston\r\nForme bonne femme\r\nEn linge ancien et voile de lin blanc avec rappel de linge ancien sur le bas du voile\r\nRehauss\u00e9 d'un joli monogramme sur double m\u00e9daillon avec noueux et pompon\r\nDimensions :\r\nHauteur 240 cm\r\nLargeur 83 cm\r\n\r\nLa lettre pour le m\u00e9daillon est a choisir, ainsi que la couleur du contour ( lin, gris, rouge, bleu ou tout banc ou autres.\r\nJe confectionne aussi sur mesure, vous pouvez donc choisir les dimensions de votre choix","_et_gb_content_width":""},"product_brand":[],"product_cat":[180],"product_tag":[],"class_list":{"0":"post-12078","1":"product","2":"type-product","3":"status-publish","4":"has-post-thumbnail","6":"product_cat-commande-sur-mesure","8":"first","9":"instock","10":"shipping-taxable","11":"purchasable","12":"product-type-variable"},"_links":{"self":[{"href":"https:\/\/www.mhcreations.fr\/index.php\/wp-json\/wp\/v2\/product\/12078","targetHints":{"allow":["GET"]}}],"collection":[{"href":"https:\/\/www.mhcreations.fr\/index.php\/wp-json\/wp\/v2\/product"}],"about":[{"href":"https:\/\/www.mhcreations.fr\/index.php\/wp-json\/wp\/v2\/types\/product"}],"replies":[{"embeddable":true,"href":"https:\/\/www.mhcreations.fr\/index.php\/wp-json\/wp\/v2\/comments?post=12078"}],"wp:featuredmedia":[{"embeddable":true,"href":"https:\/\/www.mhcreations.fr\/index.php\/wp-json\/wp\/v2\/media\/986"}],"wp:attachment":[{"href":"https:\/\/www.mhcreations.fr\/index.php\/wp-json\/wp\/v2\/media?parent=12078"}],"wp:term":[{"taxonomy":"product_brand","embeddable":true,"href":"https:\/\/www.mhcreations.fr\/index.php\/wp-json\/wp\/v2\/product_brand?post=12078"},{"taxonomy":"product_cat","embeddable":true,"href":"https:\/\/www.mhcreations.fr\/index.php\/wp-json\/wp\/v2\/product_cat?post=12078"},{"taxonomy":"product_tag","embeddable":true,"href":"https:\/\/www.mhcreations.fr\/index.php\/wp-json\/wp\/v2\/product_tag?post=12078"}],"curies":[{"name":"wp","href":"https:\/\/api.w.org\/{rel}","templated":true}]}}