{"id":12225,"date":"2023-01-06T10:32:23","date_gmt":"2023-01-06T09:32:23","guid":{"rendered":"https:\/\/www.mhcreations.fr\/?post_type=product&#038;p=12225"},"modified":"2023-05-28T23:04:59","modified_gmt":"2023-05-28T21:04:59","slug":"rideau-modele-charance-2","status":"publish","type":"product","link":"https:\/\/www.mhcreations.fr\/index.php\/produit\/rideau-modele-charance-2\/","title":{"rendered":"Rideaux \u00ab\u00a0Mod\u00e8le Charance \u00ab\u00a0. Commande sur mesure"},"content":{"rendered":"<p>Rideau<\/p>\n<p>Mod\u00e8le \u00ab\u00a0Charance \u00a0\u00bb<\/p>\n<p>Cantonni\u00e8re en linge ancien festonn\u00e9e et rehauss\u00e9e d&rsquo;un monogramme en m\u00e9daillon, Noeux et pompon<\/p>\n<p>Pans en voile de lin blanc. en 2 parties pour ouverture centrale<\/p>\n<p>Fixations nouettes<\/p>\n<p>Hauteur cantonni\u00e8re 55 cm<\/p>\n<p>Largeur 210 cm<\/p>\n<p>Hauteur 260 cm<\/p>\n<p>Rideau bonne femme<\/p>\n<p>Largeur 120 cm<\/p>\n<p>Hauteur 260 cm<\/p>\n<p>Cot\u00e9 droite<\/p>\n<p>Confection \u00e0 la commande<\/p>\n<p>D\u00e9lai 3 semaines environ suivant commande en cour<\/p>\n<p>Sur mesure <a href=\"https:\/\/www.mhcreations.fr\/index.php\/contact-test-2\/\">me contacter<\/a><\/p>\n<p>&nbsp;<\/p>\n","protected":false},"excerpt":{"rendered":"<p>Rideau Mod\u00e8le \u00ab\u00a0Charance \u00a0\u00bb Cantonni\u00e8re en linge ancien festonn\u00e9e et rehauss\u00e9e d&rsquo;un monogramme en m\u00e9daillon, Noeux et pompon Pans en voile de lin blanc. en 2 parties pour ouverture centrale Fixations nouettes Hauteur cantonni\u00e8re 55 cm Largeur 210 cm Hauteur 260 cm Rideau bonne femme Largeur 120 cm Hauteur 260 cm Cot\u00e9 droite Confection \u00e0 [&hellip;]<\/p>\n","protected":false},"featured_media":10214,"comment_status":"open","ping_status":"closed","template":"","meta":{"_et_pb_use_builder":"","_et_pb_old_content":"","_et_gb_content_width":""},"product_brand":[],"product_cat":[180],"product_tag":[],"class_list":{"0":"post-12225","1":"product","2":"type-product","3":"status-publish","4":"has-post-thumbnail","6":"product_cat-commande-sur-mesure","8":"first","9":"instock","10":"shipping-taxable","11":"purchasable","12":"product-type-simple"},"_links":{"self":[{"href":"https:\/\/www.mhcreations.fr\/index.php\/wp-json\/wp\/v2\/product\/12225","targetHints":{"allow":["GET"]}}],"collection":[{"href":"https:\/\/www.mhcreations.fr\/index.php\/wp-json\/wp\/v2\/product"}],"about":[{"href":"https:\/\/www.mhcreations.fr\/index.php\/wp-json\/wp\/v2\/types\/product"}],"replies":[{"embeddable":true,"href":"https:\/\/www.mhcreations.fr\/index.php\/wp-json\/wp\/v2\/comments?post=12225"}],"wp:featuredmedia":[{"embeddable":true,"href":"https:\/\/www.mhcreations.fr\/index.php\/wp-json\/wp\/v2\/media\/10214"}],"wp:attachment":[{"href":"https:\/\/www.mhcreations.fr\/index.php\/wp-json\/wp\/v2\/media?parent=12225"}],"wp:term":[{"taxonomy":"product_brand","embeddable":true,"href":"https:\/\/www.mhcreations.fr\/index.php\/wp-json\/wp\/v2\/product_brand?post=12225"},{"taxonomy":"product_cat","embeddable":true,"href":"https:\/\/www.mhcreations.fr\/index.php\/wp-json\/wp\/v2\/product_cat?post=12225"},{"taxonomy":"product_tag","embeddable":true,"href":"https:\/\/www.mhcreations.fr\/index.php\/wp-json\/wp\/v2\/product_tag?post=12225"}],"curies":[{"name":"wp","href":"https:\/\/api.w.org\/{rel}","templated":true}]}}