{"id":12826,"date":"2023-06-09T22:49:46","date_gmt":"2023-06-09T20:49:46","guid":{"rendered":"https:\/\/www.mhcreations.fr\/?post_type=product&#038;p=12826"},"modified":"2023-06-09T23:03:59","modified_gmt":"2023-06-09T21:03:59","slug":"cantonniere-modele-froufrou-2","status":"publish","type":"product","link":"https:\/\/www.mhcreations.fr\/index.php\/produit\/cantonniere-modele-froufrou-2\/","title":{"rendered":"Cantonni\u00e8re Mod\u00e8le Froufrou"},"content":{"rendered":"<h1>Cantonni\u00e8re froufrou<\/h1>\n<p>En linge ancien et coton<\/p>\n<p>Fixation nouette<br \/>\nDimensions :<br \/>\nLargeur de 100 cm \u00e0 170 cm<br \/>\nHauteur 75 cm<\/p>\n<p>Confection \u00e0 la commande, d\u00e9lai suivant commande en cours<\/p>\n<p>Je confectionne aussi sur mesure me <a href=\"https:\/\/www.mhcreations.fr\/index.php\/contact-test-2\/\">contacter<\/a><\/p>\n","protected":false},"excerpt":{"rendered":"<p>Cantonni\u00e8re froufrou En linge ancien et coton Fixation nouette Dimensions : Largeur de 100 cm \u00e0 170 cm Hauteur 75 cm Confection \u00e0 la commande, d\u00e9lai suivant commande en cours Je confectionne aussi sur mesure me contacter<\/p>\n","protected":false},"featured_media":12837,"comment_status":"open","ping_status":"closed","template":"","meta":{"_et_pb_use_builder":"","_et_pb_old_content":"","_et_gb_content_width":""},"product_brand":[],"product_cat":[47,69,38],"product_tag":[],"class_list":{"0":"post-12826","1":"product","2":"type-product","3":"status-publish","4":"has-post-thumbnail","6":"product_cat-cantonnieres","7":"product_cat-collectionfroufrou","8":"product_cat-rideaux","10":"first","11":"instock","12":"shipping-taxable","13":"purchasable","14":"product-type-variable"},"_links":{"self":[{"href":"https:\/\/www.mhcreations.fr\/index.php\/wp-json\/wp\/v2\/product\/12826","targetHints":{"allow":["GET"]}}],"collection":[{"href":"https:\/\/www.mhcreations.fr\/index.php\/wp-json\/wp\/v2\/product"}],"about":[{"href":"https:\/\/www.mhcreations.fr\/index.php\/wp-json\/wp\/v2\/types\/product"}],"replies":[{"embeddable":true,"href":"https:\/\/www.mhcreations.fr\/index.php\/wp-json\/wp\/v2\/comments?post=12826"}],"wp:featuredmedia":[{"embeddable":true,"href":"https:\/\/www.mhcreations.fr\/index.php\/wp-json\/wp\/v2\/media\/12837"}],"wp:attachment":[{"href":"https:\/\/www.mhcreations.fr\/index.php\/wp-json\/wp\/v2\/media?parent=12826"}],"wp:term":[{"taxonomy":"product_brand","embeddable":true,"href":"https:\/\/www.mhcreations.fr\/index.php\/wp-json\/wp\/v2\/product_brand?post=12826"},{"taxonomy":"product_cat","embeddable":true,"href":"https:\/\/www.mhcreations.fr\/index.php\/wp-json\/wp\/v2\/product_cat?post=12826"},{"taxonomy":"product_tag","embeddable":true,"href":"https:\/\/www.mhcreations.fr\/index.php\/wp-json\/wp\/v2\/product_tag?post=12826"}],"curies":[{"name":"wp","href":"https:\/\/api.w.org\/{rel}","templated":true}]}}