{"id":12927,"date":"2023-09-19T09:53:20","date_gmt":"2023-09-19T07:53:20","guid":{"rendered":"https:\/\/www.mhcreations.fr\/?post_type=product&#038;p=12927"},"modified":"2023-09-19T10:11:10","modified_gmt":"2023-09-19T08:11:10","slug":"commande-sur-mesure-3","status":"publish","type":"product","link":"https:\/\/www.mhcreations.fr\/index.php\/produit\/commande-sur-mesure-3\/","title":{"rendered":"Commande sur mesure"},"content":{"rendered":"<p>Mod\u00e8le CHARANCE<\/p>\n<p>1 &#8211; Cantonni\u00e8re en lin festonn\u00e9e et rehauss\u00e9e d&rsquo;un monogramme en m\u00e9daillon, Noeux et pompon. 184\u20ac<\/p>\n<p>Largeur\u00a0 306 cm<\/p>\n<p>Hauteur 70\/40 cm<\/p>\n<p>2 &#8211; Rideau 128\u20ac<\/p>\n<p>Largeur 110 cm<\/p>\n<p>Hauteur 233 cm<\/p>\n<p>Mod\u00e8le UN JOUR DE NOVEMBRE<\/p>\n<p>2 &#8211; Rideau store 72\u20ac<\/p>\n<p>Largeur 74 cm<\/p>\n<p>Hauteur 103 cm ( hauteur total rideau d\u00e9roul\u00e9)<\/p>\n<p>Lettre D &#8211; Contour lin<\/p>\n<p>Frais de port offert<\/p>\n<p>D\u00e9lai 4 semaines<\/p>\n<p>&nbsp;<\/p>\n<p>&nbsp;<\/p>\n","protected":false},"excerpt":{"rendered":"<p>Mod\u00e8le CHARANCE 1 &#8211; Cantonni\u00e8re en lin festonn\u00e9e et rehauss\u00e9e d&rsquo;un monogramme en m\u00e9daillon, Noeux et pompon. 184\u20ac Largeur\u00a0 306 cm Hauteur 70\/40 cm 2 &#8211; Rideau 128\u20ac Largeur 110 cm Hauteur 233 cm Mod\u00e8le UN JOUR DE NOVEMBRE 2 &#8211; Rideau store 72\u20ac Largeur 74 cm Hauteur 103 cm ( hauteur total rideau d\u00e9roul\u00e9) [&hellip;]<\/p>\n","protected":false},"featured_media":10214,"comment_status":"open","ping_status":"closed","template":"","meta":{"_et_pb_use_builder":"","_et_pb_old_content":"","_et_gb_content_width":""},"product_brand":[],"product_cat":[180],"product_tag":[],"class_list":{"0":"post-12927","1":"product","2":"type-product","3":"status-publish","4":"has-post-thumbnail","6":"product_cat-commande-sur-mesure","8":"first","9":"instock","10":"shipping-taxable","11":"purchasable","12":"product-type-simple"},"_links":{"self":[{"href":"https:\/\/www.mhcreations.fr\/index.php\/wp-json\/wp\/v2\/product\/12927","targetHints":{"allow":["GET"]}}],"collection":[{"href":"https:\/\/www.mhcreations.fr\/index.php\/wp-json\/wp\/v2\/product"}],"about":[{"href":"https:\/\/www.mhcreations.fr\/index.php\/wp-json\/wp\/v2\/types\/product"}],"replies":[{"embeddable":true,"href":"https:\/\/www.mhcreations.fr\/index.php\/wp-json\/wp\/v2\/comments?post=12927"}],"wp:featuredmedia":[{"embeddable":true,"href":"https:\/\/www.mhcreations.fr\/index.php\/wp-json\/wp\/v2\/media\/10214"}],"wp:attachment":[{"href":"https:\/\/www.mhcreations.fr\/index.php\/wp-json\/wp\/v2\/media?parent=12927"}],"wp:term":[{"taxonomy":"product_brand","embeddable":true,"href":"https:\/\/www.mhcreations.fr\/index.php\/wp-json\/wp\/v2\/product_brand?post=12927"},{"taxonomy":"product_cat","embeddable":true,"href":"https:\/\/www.mhcreations.fr\/index.php\/wp-json\/wp\/v2\/product_cat?post=12927"},{"taxonomy":"product_tag","embeddable":true,"href":"https:\/\/www.mhcreations.fr\/index.php\/wp-json\/wp\/v2\/product_tag?post=12927"}],"curies":[{"name":"wp","href":"https:\/\/api.w.org\/{rel}","templated":true}]}}