{"id":12992,"date":"2023-12-05T10:41:14","date_gmt":"2023-12-05T09:41:14","guid":{"rendered":"https:\/\/www.mhcreations.fr\/?post_type=product&#038;p=12992"},"modified":"2025-12-22T14:31:02","modified_gmt":"2025-12-22T13:31:02","slug":"commande-sur-mesure-nathalie","status":"publish","type":"product","link":"https:\/\/www.mhcreations.fr\/index.php\/produit\/commande-sur-mesure-nathalie\/","title":{"rendered":"Commande sur mesure \u00ab\u00a0Nathalie\u00a0\u00bb"},"content":{"rendered":"<p>Mod\u00e8le \u00ab\u00a0Charance\u00a0\u00bb<\/p>\n<p><em>Rideau Ciel de lit<\/em><\/p>\n<p>Cantonni\u00e8re en lin lin blanc festonn\u00e9e et r\u00e9hauss\u00e9e d&rsquo;un monogramme en m\u00e9daillon sur de lin rouge, Noeux et pompon<\/p>\n<p>Pans en voile de lin blanc. Fixations nouettes<\/p>\n<p>Lettre M<\/p>\n<p>Largeur 115 cm<\/p>\n<p>Hauteur 220 cm<\/p>\n<p>Ciel de lit en bronze patin\u00e9 couleur lin<\/p>\n","protected":false},"excerpt":{"rendered":"<p>Mod\u00e8le \u00ab\u00a0Charance\u00a0\u00bb Rideau Ciel de lit Cantonni\u00e8re en lin lin blanc festonn\u00e9e et r\u00e9hauss\u00e9e d&rsquo;un monogramme en m\u00e9daillon sur de lin rouge, Noeux et pompon Pans en voile de lin blanc. Fixations nouettes Lettre M Largeur 115 cm Hauteur 220 cm Ciel de lit en bronze patin\u00e9 couleur lin<\/p>\n","protected":false},"featured_media":12993,"comment_status":"open","ping_status":"closed","template":"","meta":{"_et_pb_use_builder":"","_et_pb_old_content":"","_et_gb_content_width":""},"product_brand":[],"product_cat":[62,60],"product_tag":[],"class_list":{"0":"post-12992","1":"product","2":"type-product","3":"status-publish","4":"has-post-thumbnail","6":"product_cat-ciel-de-lit","7":"product_cat-charance","9":"first","10":"outofstock","11":"sold-individually","12":"shipping-taxable","13":"purchasable","14":"product-type-simple"},"_links":{"self":[{"href":"https:\/\/www.mhcreations.fr\/index.php\/wp-json\/wp\/v2\/product\/12992","targetHints":{"allow":["GET"]}}],"collection":[{"href":"https:\/\/www.mhcreations.fr\/index.php\/wp-json\/wp\/v2\/product"}],"about":[{"href":"https:\/\/www.mhcreations.fr\/index.php\/wp-json\/wp\/v2\/types\/product"}],"replies":[{"embeddable":true,"href":"https:\/\/www.mhcreations.fr\/index.php\/wp-json\/wp\/v2\/comments?post=12992"}],"wp:featuredmedia":[{"embeddable":true,"href":"https:\/\/www.mhcreations.fr\/index.php\/wp-json\/wp\/v2\/media\/12993"}],"wp:attachment":[{"href":"https:\/\/www.mhcreations.fr\/index.php\/wp-json\/wp\/v2\/media?parent=12992"}],"wp:term":[{"taxonomy":"product_brand","embeddable":true,"href":"https:\/\/www.mhcreations.fr\/index.php\/wp-json\/wp\/v2\/product_brand?post=12992"},{"taxonomy":"product_cat","embeddable":true,"href":"https:\/\/www.mhcreations.fr\/index.php\/wp-json\/wp\/v2\/product_cat?post=12992"},{"taxonomy":"product_tag","embeddable":true,"href":"https:\/\/www.mhcreations.fr\/index.php\/wp-json\/wp\/v2\/product_tag?post=12992"}],"curies":[{"name":"wp","href":"https:\/\/api.w.org\/{rel}","templated":true}]}}