{"id":13285,"date":"2024-05-15T09:02:22","date_gmt":"2024-05-15T07:02:22","guid":{"rendered":"https:\/\/www.mhcreations.fr\/?post_type=product&#038;p=13285"},"modified":"2024-05-15T18:09:53","modified_gmt":"2024-05-15T16:09:53","slug":"rideau-bonne-femme-charance-6","status":"publish","type":"product","link":"https:\/\/www.mhcreations.fr\/index.php\/produit\/rideau-bonne-femme-charance-6\/","title":{"rendered":"Rideau bonne femme \u00ab\u00a0Charance\u00a0\u00bb"},"content":{"rendered":"<p>Magnifique Rideau feston<br \/>\nForme bonne femme<br \/>\nEn lin et voile de lin blanc<br \/>\nRehauss\u00e9 d&rsquo;un joli monogramme sur double m\u00e9daillon en lin naturel avec noueux et pompon<br \/>\nDimensions :<br \/>\nHauteur 280 cm<br \/>\nLargeur 110 cm<\/p>\n<p>D\u00e9lai 4 semaines<\/p>\n<p>&nbsp;<\/p>\n","protected":false},"excerpt":{"rendered":"<p>Magnifique Rideau feston Forme bonne femme En lin et voile de lin blanc Rehauss\u00e9 d&rsquo;un joli monogramme sur double m\u00e9daillon en lin naturel avec noueux et pompon Dimensions : Hauteur 280 cm Largeur 110 cm D\u00e9lai 4 semaines &nbsp;<\/p>\n","protected":false},"featured_media":986,"comment_status":"open","ping_status":"closed","template":"","meta":{"_et_pb_use_builder":"off","_et_pb_old_content":"Magnifique Rideau feston\r\nForme bonne femme\r\nEn linge ancien et voile de lin blanc avec rappel de linge ancien sur le bas du voile\r\nRehauss\u00e9 d'un joli monogramme sur double m\u00e9daillon avec noueux et pompon\r\nDimensions :\r\nHauteur 240 cm\r\nLargeur 83 cm\r\n\r\nLa lettre pour le m\u00e9daillon est a choisir, ainsi que la couleur du contour ( lin, gris, rouge, bleu ou tout banc ou autres.\r\nJe confectionne aussi sur mesure, vous pouvez donc choisir les dimensions de votre choix","_et_gb_content_width":""},"product_brand":[],"product_cat":[180],"product_tag":[],"class_list":{"0":"post-13285","1":"product","2":"type-product","3":"status-publish","4":"has-post-thumbnail","6":"product_cat-commande-sur-mesure","8":"first","9":"instock","10":"shipping-taxable","11":"purchasable","12":"product-type-variable"},"_links":{"self":[{"href":"https:\/\/www.mhcreations.fr\/index.php\/wp-json\/wp\/v2\/product\/13285","targetHints":{"allow":["GET"]}}],"collection":[{"href":"https:\/\/www.mhcreations.fr\/index.php\/wp-json\/wp\/v2\/product"}],"about":[{"href":"https:\/\/www.mhcreations.fr\/index.php\/wp-json\/wp\/v2\/types\/product"}],"replies":[{"embeddable":true,"href":"https:\/\/www.mhcreations.fr\/index.php\/wp-json\/wp\/v2\/comments?post=13285"}],"wp:featuredmedia":[{"embeddable":true,"href":"https:\/\/www.mhcreations.fr\/index.php\/wp-json\/wp\/v2\/media\/986"}],"wp:attachment":[{"href":"https:\/\/www.mhcreations.fr\/index.php\/wp-json\/wp\/v2\/media?parent=13285"}],"wp:term":[{"taxonomy":"product_brand","embeddable":true,"href":"https:\/\/www.mhcreations.fr\/index.php\/wp-json\/wp\/v2\/product_brand?post=13285"},{"taxonomy":"product_cat","embeddable":true,"href":"https:\/\/www.mhcreations.fr\/index.php\/wp-json\/wp\/v2\/product_cat?post=13285"},{"taxonomy":"product_tag","embeddable":true,"href":"https:\/\/www.mhcreations.fr\/index.php\/wp-json\/wp\/v2\/product_tag?post=13285"}],"curies":[{"name":"wp","href":"https:\/\/api.w.org\/{rel}","templated":true}]}}