{"id":1336,"date":"2017-10-03T22:26:54","date_gmt":"2017-10-03T20:26:54","guid":{"rendered":"http:\/\/www.mhcreations.fr\/?post_type=product&#038;p=1336"},"modified":"2021-03-07T20:09:22","modified_gmt":"2021-03-07T19:09:22","slug":"housse-de-dossier-de-chaise-en-toile-de-lin","status":"publish","type":"product","link":"https:\/\/www.mhcreations.fr\/index.php\/produit\/housse-de-dossier-de-chaise-en-toile-de-lin\/","title":{"rendered":"Housse de dossier en lin \u00a0\u00bb Froufrou\u00a0\u00bb"},"content":{"rendered":"<p>Housse de dossier de chaise en toile de lin, monogramme en m\u00e9daillon<br \/>\nMod\u00e8le \u00a0\u00bb Froufrou\u00a0\u00bb<br \/>\nLettre personnalis\u00e9<br \/>\nDimensions :<\/p>\n<p>Largeur 44 cm<br \/>\nHauteur 28 cm<br \/>\nConfection \u00e0 la commande, d\u00e9lai suivant commande en cour<\/p>\n","protected":false},"excerpt":{"rendered":"<p>Housse de dossier de chaise en toile de lin, monogramme en m\u00e9daillon Mod\u00e8le \u00a0\u00bb Froufrou\u00a0\u00bb Lettre personnalis\u00e9 Dimensions : Largeur 44 cm Hauteur 28 cm Confection \u00e0 la commande, d\u00e9lai suivant commande en cour<\/p>\n","protected":false},"featured_media":1337,"comment_status":"open","ping_status":"closed","template":"","meta":{"_et_pb_use_builder":"","_et_pb_old_content":"","_et_gb_content_width":""},"product_brand":[],"product_cat":[69,49,156],"product_tag":[],"class_list":{"0":"post-1336","1":"product","2":"type-product","3":"status-publish","4":"has-post-thumbnail","6":"product_cat-collectionfroufrou","7":"product_cat-housses-de-chaise","8":"product_cat-sejour","10":"first","11":"outofstock","12":"shipping-taxable","13":"purchasable","14":"product-type-variable"},"_links":{"self":[{"href":"https:\/\/www.mhcreations.fr\/index.php\/wp-json\/wp\/v2\/product\/1336","targetHints":{"allow":["GET"]}}],"collection":[{"href":"https:\/\/www.mhcreations.fr\/index.php\/wp-json\/wp\/v2\/product"}],"about":[{"href":"https:\/\/www.mhcreations.fr\/index.php\/wp-json\/wp\/v2\/types\/product"}],"replies":[{"embeddable":true,"href":"https:\/\/www.mhcreations.fr\/index.php\/wp-json\/wp\/v2\/comments?post=1336"}],"wp:featuredmedia":[{"embeddable":true,"href":"https:\/\/www.mhcreations.fr\/index.php\/wp-json\/wp\/v2\/media\/1337"}],"wp:attachment":[{"href":"https:\/\/www.mhcreations.fr\/index.php\/wp-json\/wp\/v2\/media?parent=1336"}],"wp:term":[{"taxonomy":"product_brand","embeddable":true,"href":"https:\/\/www.mhcreations.fr\/index.php\/wp-json\/wp\/v2\/product_brand?post=1336"},{"taxonomy":"product_cat","embeddable":true,"href":"https:\/\/www.mhcreations.fr\/index.php\/wp-json\/wp\/v2\/product_cat?post=1336"},{"taxonomy":"product_tag","embeddable":true,"href":"https:\/\/www.mhcreations.fr\/index.php\/wp-json\/wp\/v2\/product_tag?post=1336"}],"curies":[{"name":"wp","href":"https:\/\/api.w.org\/{rel}","templated":true}]}}