{"id":13407,"date":"2024-07-08T21:05:15","date_gmt":"2024-07-08T19:05:15","guid":{"rendered":"https:\/\/www.mhcreations.fr\/?post_type=product&#038;p=13407"},"modified":"2024-07-08T21:06:34","modified_gmt":"2024-07-08T19:06:34","slug":"sac-a-pain-a-linge-ou-a-vrac-47-x-33-cm","status":"publish","type":"product","link":"https:\/\/www.mhcreations.fr\/index.php\/produit\/sac-a-pain-a-linge-ou-a-vrac-47-x-33-cm\/","title":{"rendered":"Sac \u00e0 pain, \u00e0 linge ou \u00e0 vrac 47 x 33 cm"},"content":{"rendered":"<p>Sac \u00e0 pain, \u00e0 linge ou \u00e0 vrac<\/p>\n<p>47 x 33 cm<\/p>\n<p>En coton<\/p>\n<p>Lavage a 40\u00b0<\/p>\n","protected":false},"excerpt":{"rendered":"<p>Sac \u00e0 pain, \u00e0 linge ou \u00e0 vrac 47 x 33 cm En coton Lavage a 40\u00b0<\/p>\n","protected":false},"featured_media":13408,"comment_status":"open","ping_status":"closed","template":"","meta":{"_et_pb_use_builder":"","_et_pb_old_content":"","_et_gb_content_width":""},"product_brand":[],"product_cat":[212],"product_tag":[],"class_list":{"0":"post-13407","1":"product","2":"type-product","3":"status-publish","4":"has-post-thumbnail","6":"product_cat-sac-a-pain","8":"first","9":"instock","10":"shipping-taxable","11":"purchasable","12":"product-type-simple"},"_links":{"self":[{"href":"https:\/\/www.mhcreations.fr\/index.php\/wp-json\/wp\/v2\/product\/13407","targetHints":{"allow":["GET"]}}],"collection":[{"href":"https:\/\/www.mhcreations.fr\/index.php\/wp-json\/wp\/v2\/product"}],"about":[{"href":"https:\/\/www.mhcreations.fr\/index.php\/wp-json\/wp\/v2\/types\/product"}],"replies":[{"embeddable":true,"href":"https:\/\/www.mhcreations.fr\/index.php\/wp-json\/wp\/v2\/comments?post=13407"}],"wp:featuredmedia":[{"embeddable":true,"href":"https:\/\/www.mhcreations.fr\/index.php\/wp-json\/wp\/v2\/media\/13408"}],"wp:attachment":[{"href":"https:\/\/www.mhcreations.fr\/index.php\/wp-json\/wp\/v2\/media?parent=13407"}],"wp:term":[{"taxonomy":"product_brand","embeddable":true,"href":"https:\/\/www.mhcreations.fr\/index.php\/wp-json\/wp\/v2\/product_brand?post=13407"},{"taxonomy":"product_cat","embeddable":true,"href":"https:\/\/www.mhcreations.fr\/index.php\/wp-json\/wp\/v2\/product_cat?post=13407"},{"taxonomy":"product_tag","embeddable":true,"href":"https:\/\/www.mhcreations.fr\/index.php\/wp-json\/wp\/v2\/product_tag?post=13407"}],"curies":[{"name":"wp","href":"https:\/\/api.w.org\/{rel}","templated":true}]}}