{"id":13449,"date":"2024-07-15T17:06:46","date_gmt":"2024-07-15T15:06:46","guid":{"rendered":"https:\/\/www.mhcreations.fr\/?post_type=product&#038;p=13449"},"modified":"2024-12-12T22:10:08","modified_gmt":"2024-12-12T21:10:08","slug":"bouillotte-coeur-100-lin-housse-en-lin-lave-et-graines-de-lin-bio-4","status":"publish","type":"product","link":"https:\/\/www.mhcreations.fr\/index.php\/produit\/bouillotte-coeur-100-lin-housse-en-lin-lave-et-graines-de-lin-bio-4\/","title":{"rendered":"Bouillotte c\u0153ur 100 % Lin . Housse en lin lav\u00e9 et graines de lin bio"},"content":{"rendered":"<p>Bouillotte 100 % lin<\/p>\n<p>Housse en lin lav\u00e9 d\u00e9houssable et lavable \u00e0 30\u00b0<\/p>\n<p>Largeur 26 cm<\/p>\n<p>Hauteur 19 cm<\/p>\n<p>Int\u00e9rieur : bouillotte en lin blanc garnie de graines de lin bio<\/p>\n<p>&nbsp;<\/p>\n<p><span style=\"font-size: small;\"><span style=\"font-family: Times New Roman, serif;\">Cette bouillotte en graine de lin bio, vous offrira une source de chaleur douce, apaisante et relaxante, <\/span><\/span><\/p>\n<p><span style=\"font-family: Times New Roman, serif;\"><span style=\"font-size: small;\">L\u2019ar\u00f4me de l\u2019huile de lin, une sensation de bien \u00eatre imm\u00e9diat <\/span><\/span><\/p>\n<p><span style=\"font-family: Times New Roman, serif;\"><span style=\"font-size: small;\">Sa forme en c\u0153ur \u00e9pouse le bas du ventre, id\u00e9ale pour les douleurs menstruelles<\/span><\/span><\/p>\n<p><span style=\"font-family: Times New Roman, serif;\"><span style=\"font-size: small;\"><i>Ses vertus antalgiques soulageront\u00a0: <\/i> <\/span><\/span><\/p>\n<p><span style=\"font-family: Times New Roman, serif;\"><span style=\"font-size: small;\"><b>Chau<\/b><b>ff<\/b><b>\u00e9e<\/b>\u00a0:<\/span><\/span><\/p>\n<p><span style=\"font-family: Times New Roman, serif;\"><span style=\"font-size: small;\">Vos rhumatismes, lumbagos, arthroses, torticolis, douleurs abdominales, r\u00e8gles douloureuse, articulations, rhumes, bronchites<\/span><\/span><\/p>\n<p><span style=\"font-family: Times New Roman, serif;\"><span style=\"font-size: small;\">&#8211; 1 minutes au micro onde ( puis par palier de 30 seconde si elle n\u2019est pas assez chaude)<\/span><\/span><\/p>\n<p><span style=\"font-family: Times New Roman, serif;\"><span style=\"font-size: small;\">&#8211; Four traditionnelle 10 minutes \u00e0 80 \u00b0<\/span><\/span><\/p>\n<p><span style=\"font-family: Times New Roman, serif;\"><span style=\"font-size: small;\">&#8211; ou sur un radiateur,<\/span><\/span><\/p>\n<p><span style=\"font-family: Times New Roman, serif;\"><span style=\"font-size: small;\"><b>Refroidie\u00a0:<\/b><\/span><\/span><\/p>\n<p><span style=\"font-family: Times New Roman, serif;\"><span style=\"font-size: small;\">Entorses, ecchymoses, tendinites et migraines<\/span><\/span><\/p>\n<p><span style=\"font-family: Times New Roman, serif;\"><span style=\"font-size: small;\">&#8211; Mettre la bouillotte dans un sac plastique 30 minutes au cong\u00e9lateur ou 2 heures au r\u00e9frig\u00e9rateur,<\/span><\/span><\/p>\n<p><span style=\"font-family: Times New Roman, serif;\"><span style=\"font-size: small;\">Ne pas surchauffer et ne pas laisser la bouillotte sans surveillance lors de la chauffe<\/span><\/span><\/p>\n<p>Plusieurs couleur au choix<\/p>\n","protected":false},"excerpt":{"rendered":"<p>Bouillotte 100 % lin Housse en lin lav\u00e9 d\u00e9houssable et lavable \u00e0 30\u00b0 Largeur 26 cm Hauteur 19 cm Int\u00e9rieur : bouillotte en lin blanc garnie de graines de lin bio &nbsp; Cette bouillotte en graine de lin bio, vous offrira une source de chaleur douce, apaisante et relaxante, L\u2019ar\u00f4me de l\u2019huile de lin, une [&hellip;]<\/p>\n","protected":false},"featured_media":13426,"comment_status":"open","ping_status":"closed","template":"","meta":{"_et_pb_use_builder":"","_et_pb_old_content":"","_et_gb_content_width":""},"product_brand":[],"product_cat":[215],"product_tag":[],"class_list":{"0":"post-13449","1":"product","2":"type-product","3":"status-publish","4":"has-post-thumbnail","6":"product_cat-bouillotte-coeur","8":"first","9":"instock","10":"shipping-taxable","11":"purchasable","12":"product-type-simple"},"_links":{"self":[{"href":"https:\/\/www.mhcreations.fr\/index.php\/wp-json\/wp\/v2\/product\/13449","targetHints":{"allow":["GET"]}}],"collection":[{"href":"https:\/\/www.mhcreations.fr\/index.php\/wp-json\/wp\/v2\/product"}],"about":[{"href":"https:\/\/www.mhcreations.fr\/index.php\/wp-json\/wp\/v2\/types\/product"}],"replies":[{"embeddable":true,"href":"https:\/\/www.mhcreations.fr\/index.php\/wp-json\/wp\/v2\/comments?post=13449"}],"wp:featuredmedia":[{"embeddable":true,"href":"https:\/\/www.mhcreations.fr\/index.php\/wp-json\/wp\/v2\/media\/13426"}],"wp:attachment":[{"href":"https:\/\/www.mhcreations.fr\/index.php\/wp-json\/wp\/v2\/media?parent=13449"}],"wp:term":[{"taxonomy":"product_brand","embeddable":true,"href":"https:\/\/www.mhcreations.fr\/index.php\/wp-json\/wp\/v2\/product_brand?post=13449"},{"taxonomy":"product_cat","embeddable":true,"href":"https:\/\/www.mhcreations.fr\/index.php\/wp-json\/wp\/v2\/product_cat?post=13449"},{"taxonomy":"product_tag","embeddable":true,"href":"https:\/\/www.mhcreations.fr\/index.php\/wp-json\/wp\/v2\/product_tag?post=13449"}],"curies":[{"name":"wp","href":"https:\/\/api.w.org\/{rel}","templated":true}]}}