{"id":13991,"date":"2024-12-09T23:25:40","date_gmt":"2024-12-09T22:25:40","guid":{"rendered":"https:\/\/www.mhcreations.fr\/?post_type=product&#038;p=13991"},"modified":"2024-12-12T19:13:40","modified_gmt":"2024-12-12T18:13:40","slug":"sapin-de-noel","status":"publish","type":"product","link":"https:\/\/www.mhcreations.fr\/index.php\/produit\/sapin-de-noel\/","title":{"rendered":"Sapin de No\u00ebl dentelle guipure"},"content":{"rendered":"<p>Sapin de No\u00ebl en toile de lin et dentelle guipure macram\u00e9<\/p>\n<p>Pied en verre<\/p>\n<p>Hauteur\u00a0 32 cm<\/p>\n<p>Largeur 15 cm<\/p>\n","protected":false},"excerpt":{"rendered":"<p>Sapin de No\u00ebl en toile de lin et dentelle guipure macram\u00e9 Pied en verre Hauteur\u00a0 32 cm Largeur 15 cm<\/p>\n","protected":false},"featured_media":13992,"comment_status":"open","ping_status":"closed","template":"","meta":{"_et_pb_use_builder":"","_et_pb_old_content":"","_et_gb_content_width":""},"product_brand":[],"product_cat":[251],"product_tag":[],"class_list":{"0":"post-13991","1":"product","2":"type-product","3":"status-publish","4":"has-post-thumbnail","6":"product_cat-noel","8":"first","9":"instock","10":"shipping-taxable","11":"purchasable","12":"product-type-simple"},"_links":{"self":[{"href":"https:\/\/www.mhcreations.fr\/index.php\/wp-json\/wp\/v2\/product\/13991","targetHints":{"allow":["GET"]}}],"collection":[{"href":"https:\/\/www.mhcreations.fr\/index.php\/wp-json\/wp\/v2\/product"}],"about":[{"href":"https:\/\/www.mhcreations.fr\/index.php\/wp-json\/wp\/v2\/types\/product"}],"replies":[{"embeddable":true,"href":"https:\/\/www.mhcreations.fr\/index.php\/wp-json\/wp\/v2\/comments?post=13991"}],"wp:featuredmedia":[{"embeddable":true,"href":"https:\/\/www.mhcreations.fr\/index.php\/wp-json\/wp\/v2\/media\/13992"}],"wp:attachment":[{"href":"https:\/\/www.mhcreations.fr\/index.php\/wp-json\/wp\/v2\/media?parent=13991"}],"wp:term":[{"taxonomy":"product_brand","embeddable":true,"href":"https:\/\/www.mhcreations.fr\/index.php\/wp-json\/wp\/v2\/product_brand?post=13991"},{"taxonomy":"product_cat","embeddable":true,"href":"https:\/\/www.mhcreations.fr\/index.php\/wp-json\/wp\/v2\/product_cat?post=13991"},{"taxonomy":"product_tag","embeddable":true,"href":"https:\/\/www.mhcreations.fr\/index.php\/wp-json\/wp\/v2\/product_tag?post=13991"}],"curies":[{"name":"wp","href":"https:\/\/api.w.org\/{rel}","templated":true}]}}