{"id":14001,"date":"2024-12-10T21:58:48","date_gmt":"2024-12-10T20:58:48","guid":{"rendered":"https:\/\/www.mhcreations.fr\/?post_type=product&#038;p=14001"},"modified":"2024-12-12T19:13:23","modified_gmt":"2024-12-12T18:13:23","slug":"sapin-de-noel-2","status":"publish","type":"product","link":"https:\/\/www.mhcreations.fr\/index.php\/produit\/sapin-de-noel-2\/","title":{"rendered":"Sapin de No\u00ebl lumineux, dentelle et linge ancien"},"content":{"rendered":"<p>Sapin de No\u00ebl, dentelle et linge ancien<\/p>\n<p>Sapin de No\u00ebl lumineux led avec piles<\/p>\n<p>Pied pot en m\u00e9tal<\/p>\n<p>Hauteur\u00a0 totale : 46 cm<\/p>\n<p>Largeur 25 cm<\/p>\n","protected":false},"excerpt":{"rendered":"<p>Sapin de No\u00ebl, dentelle et linge ancien Sapin de No\u00ebl lumineux led avec piles Pied pot en m\u00e9tal Hauteur\u00a0 totale : 46 cm Largeur 25 cm<\/p>\n","protected":false},"featured_media":14019,"comment_status":"open","ping_status":"closed","template":"","meta":{"_et_pb_use_builder":"","_et_pb_old_content":"","_et_gb_content_width":""},"product_brand":[],"product_cat":[52,251],"product_tag":[],"class_list":{"0":"post-14001","1":"product","2":"type-product","3":"status-publish","4":"has-post-thumbnail","6":"product_cat-decoration-2","7":"product_cat-noel","9":"first","10":"instock","11":"shipping-taxable","12":"purchasable","13":"product-type-simple"},"_links":{"self":[{"href":"https:\/\/www.mhcreations.fr\/index.php\/wp-json\/wp\/v2\/product\/14001","targetHints":{"allow":["GET"]}}],"collection":[{"href":"https:\/\/www.mhcreations.fr\/index.php\/wp-json\/wp\/v2\/product"}],"about":[{"href":"https:\/\/www.mhcreations.fr\/index.php\/wp-json\/wp\/v2\/types\/product"}],"replies":[{"embeddable":true,"href":"https:\/\/www.mhcreations.fr\/index.php\/wp-json\/wp\/v2\/comments?post=14001"}],"wp:featuredmedia":[{"embeddable":true,"href":"https:\/\/www.mhcreations.fr\/index.php\/wp-json\/wp\/v2\/media\/14019"}],"wp:attachment":[{"href":"https:\/\/www.mhcreations.fr\/index.php\/wp-json\/wp\/v2\/media?parent=14001"}],"wp:term":[{"taxonomy":"product_brand","embeddable":true,"href":"https:\/\/www.mhcreations.fr\/index.php\/wp-json\/wp\/v2\/product_brand?post=14001"},{"taxonomy":"product_cat","embeddable":true,"href":"https:\/\/www.mhcreations.fr\/index.php\/wp-json\/wp\/v2\/product_cat?post=14001"},{"taxonomy":"product_tag","embeddable":true,"href":"https:\/\/www.mhcreations.fr\/index.php\/wp-json\/wp\/v2\/product_tag?post=14001"}],"curies":[{"name":"wp","href":"https:\/\/api.w.org\/{rel}","templated":true}]}}