{"id":14055,"date":"2024-12-11T22:45:00","date_gmt":"2024-12-11T21:45:00","guid":{"rendered":"https:\/\/www.mhcreations.fr\/?post_type=product&#038;p=14055"},"modified":"2024-12-12T19:11:42","modified_gmt":"2024-12-12T18:11:42","slug":"boule-de-noel-en-verre-a-suspendre","status":"publish","type":"product","link":"https:\/\/www.mhcreations.fr\/index.php\/produit\/boule-de-noel-en-verre-a-suspendre\/","title":{"rendered":"Boule de No\u00ebl en verre \u00e0 suspendre"},"content":{"rendered":"<p>Boule de No\u00ebl en verre \u00e0 suspendre<\/p>\n<p>En dentelle et d\u00e9cor shabby<\/p>\n<p>Diam\u00e8tre 11 cm<\/p>\n<p>Epaisseur 5 cm<\/p>\n<p>&nbsp;<\/p>\n","protected":false},"excerpt":{"rendered":"<p>Boule de No\u00ebl en verre \u00e0 suspendre En dentelle et d\u00e9cor shabby Diam\u00e8tre 11 cm Epaisseur 5 cm &nbsp;<\/p>\n","protected":false},"featured_media":14064,"comment_status":"open","ping_status":"closed","template":"","meta":{"_et_pb_use_builder":"","_et_pb_old_content":"","_et_gb_content_width":""},"product_brand":[],"product_cat":[251],"product_tag":[],"class_list":{"0":"post-14055","1":"product","2":"type-product","3":"status-publish","4":"has-post-thumbnail","6":"product_cat-noel","8":"first","9":"instock","10":"shipping-taxable","11":"purchasable","12":"product-type-simple"},"_links":{"self":[{"href":"https:\/\/www.mhcreations.fr\/index.php\/wp-json\/wp\/v2\/product\/14055","targetHints":{"allow":["GET"]}}],"collection":[{"href":"https:\/\/www.mhcreations.fr\/index.php\/wp-json\/wp\/v2\/product"}],"about":[{"href":"https:\/\/www.mhcreations.fr\/index.php\/wp-json\/wp\/v2\/types\/product"}],"replies":[{"embeddable":true,"href":"https:\/\/www.mhcreations.fr\/index.php\/wp-json\/wp\/v2\/comments?post=14055"}],"wp:featuredmedia":[{"embeddable":true,"href":"https:\/\/www.mhcreations.fr\/index.php\/wp-json\/wp\/v2\/media\/14064"}],"wp:attachment":[{"href":"https:\/\/www.mhcreations.fr\/index.php\/wp-json\/wp\/v2\/media?parent=14055"}],"wp:term":[{"taxonomy":"product_brand","embeddable":true,"href":"https:\/\/www.mhcreations.fr\/index.php\/wp-json\/wp\/v2\/product_brand?post=14055"},{"taxonomy":"product_cat","embeddable":true,"href":"https:\/\/www.mhcreations.fr\/index.php\/wp-json\/wp\/v2\/product_cat?post=14055"},{"taxonomy":"product_tag","embeddable":true,"href":"https:\/\/www.mhcreations.fr\/index.php\/wp-json\/wp\/v2\/product_tag?post=14055"}],"curies":[{"name":"wp","href":"https:\/\/api.w.org\/{rel}","templated":true}]}}