{"id":14071,"date":"2024-12-11T23:10:02","date_gmt":"2024-12-11T22:10:02","guid":{"rendered":"https:\/\/www.mhcreations.fr\/?post_type=product&#038;p=14071"},"modified":"2024-12-12T19:01:54","modified_gmt":"2024-12-12T18:01:54","slug":"sachet-lavande-ange-a-suspendre","status":"publish","type":"product","link":"https:\/\/www.mhcreations.fr\/index.php\/produit\/sachet-lavande-ange-a-suspendre\/","title":{"rendered":"Sachet lavande ange \u00e0 suspendre"},"content":{"rendered":"<p>Sachet ange \u00e0 suspendre<\/p>\n<p>En coton paillet\u00e9 avec d\u00e9co ange<\/p>\n<p>Garnie de lavande<\/p>\n<p>Hauteur 9 cm<\/p>\n<p>Largeur 6 cm<\/p>\n<p>&nbsp;<\/p>\n<p>&nbsp;<\/p>\n","protected":false},"excerpt":{"rendered":"<p>Sachet ange \u00e0 suspendre En coton paillet\u00e9 avec d\u00e9co ange Garnie de lavande Hauteur 9 cm Largeur 6 cm &nbsp; &nbsp;<\/p>\n","protected":false},"featured_media":14065,"comment_status":"open","ping_status":"closed","template":"","meta":{"_et_pb_use_builder":"","_et_pb_old_content":"","_et_gb_content_width":""},"product_brand":[],"product_cat":[52,251],"product_tag":[],"class_list":{"0":"post-14071","1":"product","2":"type-product","3":"status-publish","4":"has-post-thumbnail","6":"product_cat-decoration-2","7":"product_cat-noel","9":"first","10":"instock","11":"shipping-taxable","12":"purchasable","13":"product-type-simple"},"_links":{"self":[{"href":"https:\/\/www.mhcreations.fr\/index.php\/wp-json\/wp\/v2\/product\/14071","targetHints":{"allow":["GET"]}}],"collection":[{"href":"https:\/\/www.mhcreations.fr\/index.php\/wp-json\/wp\/v2\/product"}],"about":[{"href":"https:\/\/www.mhcreations.fr\/index.php\/wp-json\/wp\/v2\/types\/product"}],"replies":[{"embeddable":true,"href":"https:\/\/www.mhcreations.fr\/index.php\/wp-json\/wp\/v2\/comments?post=14071"}],"wp:featuredmedia":[{"embeddable":true,"href":"https:\/\/www.mhcreations.fr\/index.php\/wp-json\/wp\/v2\/media\/14065"}],"wp:attachment":[{"href":"https:\/\/www.mhcreations.fr\/index.php\/wp-json\/wp\/v2\/media?parent=14071"}],"wp:term":[{"taxonomy":"product_brand","embeddable":true,"href":"https:\/\/www.mhcreations.fr\/index.php\/wp-json\/wp\/v2\/product_brand?post=14071"},{"taxonomy":"product_cat","embeddable":true,"href":"https:\/\/www.mhcreations.fr\/index.php\/wp-json\/wp\/v2\/product_cat?post=14071"},{"taxonomy":"product_tag","embeddable":true,"href":"https:\/\/www.mhcreations.fr\/index.php\/wp-json\/wp\/v2\/product_tag?post=14071"}],"curies":[{"name":"wp","href":"https:\/\/api.w.org\/{rel}","templated":true}]}}