{"id":14170,"date":"2025-01-25T20:46:34","date_gmt":"2025-01-25T19:46:34","guid":{"rendered":"https:\/\/www.mhcreations.fr\/?post_type=product&#038;p=14170"},"modified":"2025-01-25T20:52:23","modified_gmt":"2025-01-25T19:52:23","slug":"boite-a-mouchoirs","status":"publish","type":"product","link":"https:\/\/www.mhcreations.fr\/index.php\/produit\/boite-a-mouchoirs\/","title":{"rendered":"Bo\u00eete \u00e0 mouchoirs"},"content":{"rendered":"<p>Housse en toile de lin naturel beige pour bo\u00eete \u00e0 mouchoir<\/p>\n<p>Vendu garnie<\/p>\n<p>Lavable \u00e0 30\u00b0<\/p>\n<p>Couleur divers ainsi que la couleur de votre choix sur demande<\/p>\n","protected":false},"excerpt":{"rendered":"<p>Housse en toile de lin naturel beige pour bo\u00eete \u00e0 mouchoir Vendu garnie Lavable \u00e0 30\u00b0 Couleur divers ainsi que la couleur de votre choix sur demande<\/p>\n","protected":false},"featured_media":14173,"comment_status":"open","ping_status":"closed","template":"","meta":{"_et_pb_use_builder":"","_et_pb_old_content":"","_et_gb_content_width":""},"product_brand":[],"product_cat":[218],"product_tag":[],"class_list":{"0":"post-14170","1":"product","2":"type-product","3":"status-publish","4":"has-post-thumbnail","6":"product_cat-boite-a-mouchoir","8":"first","9":"instock","10":"shipping-taxable","11":"purchasable","12":"product-type-simple"},"_links":{"self":[{"href":"https:\/\/www.mhcreations.fr\/index.php\/wp-json\/wp\/v2\/product\/14170","targetHints":{"allow":["GET"]}}],"collection":[{"href":"https:\/\/www.mhcreations.fr\/index.php\/wp-json\/wp\/v2\/product"}],"about":[{"href":"https:\/\/www.mhcreations.fr\/index.php\/wp-json\/wp\/v2\/types\/product"}],"replies":[{"embeddable":true,"href":"https:\/\/www.mhcreations.fr\/index.php\/wp-json\/wp\/v2\/comments?post=14170"}],"wp:featuredmedia":[{"embeddable":true,"href":"https:\/\/www.mhcreations.fr\/index.php\/wp-json\/wp\/v2\/media\/14173"}],"wp:attachment":[{"href":"https:\/\/www.mhcreations.fr\/index.php\/wp-json\/wp\/v2\/media?parent=14170"}],"wp:term":[{"taxonomy":"product_brand","embeddable":true,"href":"https:\/\/www.mhcreations.fr\/index.php\/wp-json\/wp\/v2\/product_brand?post=14170"},{"taxonomy":"product_cat","embeddable":true,"href":"https:\/\/www.mhcreations.fr\/index.php\/wp-json\/wp\/v2\/product_cat?post=14170"},{"taxonomy":"product_tag","embeddable":true,"href":"https:\/\/www.mhcreations.fr\/index.php\/wp-json\/wp\/v2\/product_tag?post=14170"}],"curies":[{"name":"wp","href":"https:\/\/api.w.org\/{rel}","templated":true}]}}