{"id":14383,"date":"2025-03-23T22:22:21","date_gmt":"2025-03-23T21:22:21","guid":{"rendered":"https:\/\/www.mhcreations.fr\/?post_type=product&#038;p=14383"},"modified":"2025-03-23T22:27:56","modified_gmt":"2025-03-23T21:27:56","slug":"rideau-feston","status":"publish","type":"product","link":"https:\/\/www.mhcreations.fr\/index.php\/produit\/rideau-feston\/","title":{"rendered":"Rideau  \u00ab\u00a0Feston\u00a0\u00bb"},"content":{"rendered":"<p>Magnifique Rideau feston<\/p>\n<p>En lin et voile de lin blanc<br \/>\nRehauss\u00e9 d&rsquo;un joli monogramme en m\u00e9daillon avec noueux et pompon. La lettre pour le m\u00e9daillon est personnalis\u00e9<\/p>\n<p>Dimensions :<br \/>\nHauteur 240 cm<br \/>\nLargeur 83, 90, 100, 120, 140, 160, 180 cm<\/p>\n<p>Je confectionne aussi sur mesure, vous pouvez donc choisir les dimensions de votre choix. <a href=\"https:\/\/www.mhcreations.fr\/index.php\/contact-test-2\/\">Me contacter<\/a><\/p>\n<p>D\u00e9lai de confection de 3 a 4 semaines et suivant commande en cour<\/p>\n","protected":false},"excerpt":{"rendered":"<p>Magnifique Rideau feston En lin et voile de lin blanc Rehauss\u00e9 d&rsquo;un joli monogramme en m\u00e9daillon avec noueux et pompon. La lettre pour le m\u00e9daillon est personnalis\u00e9 Dimensions : Hauteur 240 cm Largeur 83, 90, 100, 120, 140, 160, 180 cm Je confectionne aussi sur mesure, vous pouvez donc choisir les dimensions de votre choix. [&hellip;]<\/p>\n","protected":false},"featured_media":14396,"comment_status":"open","ping_status":"closed","template":"","meta":{"_et_pb_use_builder":"off","_et_pb_old_content":"Magnifique Rideau feston\r\nForme bonne femme\r\nEn linge ancien et voile de lin blanc avec rappel de linge ancien sur le bas du voile\r\nRehauss\u00e9 d'un joli monogramme sur double m\u00e9daillon avec noueux et pompon\r\nDimensions :\r\nHauteur 240 cm\r\nLargeur 83 cm\r\n\r\nLa lettre pour le m\u00e9daillon est a choisir, ainsi que la couleur du contour ( lin, gris, rouge, bleu ou tout banc ou autres.\r\nJe confectionne aussi sur mesure, vous pouvez donc choisir les dimensions de votre choix","_et_gb_content_width":""},"product_brand":[],"product_cat":[60,44,38],"product_tag":[],"class_list":{"0":"post-14383","1":"product","2":"type-product","3":"status-publish","4":"has-post-thumbnail","6":"product_cat-charance","7":"product_cat-grands-rideaux","8":"product_cat-rideaux","10":"first","11":"instock","12":"shipping-taxable","13":"purchasable","14":"product-type-variable"},"_links":{"self":[{"href":"https:\/\/www.mhcreations.fr\/index.php\/wp-json\/wp\/v2\/product\/14383","targetHints":{"allow":["GET"]}}],"collection":[{"href":"https:\/\/www.mhcreations.fr\/index.php\/wp-json\/wp\/v2\/product"}],"about":[{"href":"https:\/\/www.mhcreations.fr\/index.php\/wp-json\/wp\/v2\/types\/product"}],"replies":[{"embeddable":true,"href":"https:\/\/www.mhcreations.fr\/index.php\/wp-json\/wp\/v2\/comments?post=14383"}],"wp:featuredmedia":[{"embeddable":true,"href":"https:\/\/www.mhcreations.fr\/index.php\/wp-json\/wp\/v2\/media\/14396"}],"wp:attachment":[{"href":"https:\/\/www.mhcreations.fr\/index.php\/wp-json\/wp\/v2\/media?parent=14383"}],"wp:term":[{"taxonomy":"product_brand","embeddable":true,"href":"https:\/\/www.mhcreations.fr\/index.php\/wp-json\/wp\/v2\/product_brand?post=14383"},{"taxonomy":"product_cat","embeddable":true,"href":"https:\/\/www.mhcreations.fr\/index.php\/wp-json\/wp\/v2\/product_cat?post=14383"},{"taxonomy":"product_tag","embeddable":true,"href":"https:\/\/www.mhcreations.fr\/index.php\/wp-json\/wp\/v2\/product_tag?post=14383"}],"curies":[{"name":"wp","href":"https:\/\/api.w.org\/{rel}","templated":true}]}}