{"id":14937,"date":"2026-04-23T08:27:52","date_gmt":"2026-04-23T06:27:52","guid":{"rendered":"https:\/\/www.mhcreations.fr\/?post_type=product&#038;p=14937"},"modified":"2026-04-23T08:30:19","modified_gmt":"2026-04-23T06:30:19","slug":"rideau-dencadrement-un-jour-de-novembre","status":"publish","type":"product","link":"https:\/\/www.mhcreations.fr\/index.php\/produit\/rideau-dencadrement-un-jour-de-novembre\/","title":{"rendered":"Rideau d&rsquo;encadrement \u00ab\u00a0Un jour de novembre\u00a0\u00bb"},"content":{"rendered":"<p><span class=\"wbreak\">Rideau th\u00e9\u00e2tral pour porte ou fen\u00eatre<\/p>\n<p><\/span><\/p>\n<p>Rideau en toile 100% lin blanc<br \/>\nId\u00e9ale pour recouvrir l&rsquo;encadrement d&rsquo;une porte ou une s\u00e9paration de pi\u00e8ce<br \/>\nConvient aussi pour fen\u00eatre<br \/>\nLargeur 200 cm<br \/>\nHauteur 255 cm<\/p>\n<p><span class=\"wbreak\">Sur mesure demander un devis<\/span><\/p>\n<p>Confection \u00e0 la commande, d\u00e9lai suivant commande en cour ( environ 3 semaines )<\/p>\n<p>Travail soign\u00e9 et finitions de qualit\u00e9s.<\/p>\n","protected":false},"excerpt":{"rendered":"<p>Rideau th\u00e9\u00e2tral pour porte ou fen\u00eatre Rideau en toile 100% lin blanc Id\u00e9ale pour recouvrir l&rsquo;encadrement d&rsquo;une porte ou une s\u00e9paration de pi\u00e8ce Convient aussi pour fen\u00eatre Largeur 200 cm Hauteur 255 cm Sur mesure demander un devis Confection \u00e0 la commande, d\u00e9lai suivant commande en cour ( environ 3 semaines ) Travail soign\u00e9 et [&hellip;]<\/p>\n","protected":false},"featured_media":297,"comment_status":"open","ping_status":"closed","template":"","meta":{"_et_pb_use_builder":"","_et_pb_old_content":"","_et_gb_content_width":""},"product_brand":[],"product_cat":[180,61,38],"product_tag":[],"class_list":{"0":"post-14937","1":"product","2":"type-product","3":"status-publish","4":"has-post-thumbnail","6":"product_cat-commande-sur-mesure","7":"product_cat-rideau-dencadrement-theatral","8":"product_cat-rideaux","10":"first","11":"instock","12":"shipping-taxable","13":"purchasable","14":"product-type-simple"},"_links":{"self":[{"href":"https:\/\/www.mhcreations.fr\/index.php\/wp-json\/wp\/v2\/product\/14937","targetHints":{"allow":["GET"]}}],"collection":[{"href":"https:\/\/www.mhcreations.fr\/index.php\/wp-json\/wp\/v2\/product"}],"about":[{"href":"https:\/\/www.mhcreations.fr\/index.php\/wp-json\/wp\/v2\/types\/product"}],"replies":[{"embeddable":true,"href":"https:\/\/www.mhcreations.fr\/index.php\/wp-json\/wp\/v2\/comments?post=14937"}],"wp:featuredmedia":[{"embeddable":true,"href":"https:\/\/www.mhcreations.fr\/index.php\/wp-json\/wp\/v2\/media\/297"}],"wp:attachment":[{"href":"https:\/\/www.mhcreations.fr\/index.php\/wp-json\/wp\/v2\/media?parent=14937"}],"wp:term":[{"taxonomy":"product_brand","embeddable":true,"href":"https:\/\/www.mhcreations.fr\/index.php\/wp-json\/wp\/v2\/product_brand?post=14937"},{"taxonomy":"product_cat","embeddable":true,"href":"https:\/\/www.mhcreations.fr\/index.php\/wp-json\/wp\/v2\/product_cat?post=14937"},{"taxonomy":"product_tag","embeddable":true,"href":"https:\/\/www.mhcreations.fr\/index.php\/wp-json\/wp\/v2\/product_tag?post=14937"}],"curies":[{"name":"wp","href":"https:\/\/api.w.org\/{rel}","templated":true}]}}