{"id":15001,"date":"2026-05-05T12:06:23","date_gmt":"2026-05-05T10:06:23","guid":{"rendered":"https:\/\/www.mhcreations.fr\/?post_type=product&#038;p=15001"},"modified":"2026-05-05T12:10:24","modified_gmt":"2026-05-05T10:10:24","slug":"rideau-charance-en-toile-de-lin-naturel-et-lin-blanc","status":"publish","type":"product","link":"https:\/\/www.mhcreations.fr\/index.php\/produit\/rideau-charance-en-toile-de-lin-naturel-et-lin-blanc\/","title":{"rendered":"Rideau \u00ab\u00a0Charance En toile de lin Naturel et lin blanc"},"content":{"rendered":"<p>Rideau Charance<\/p>\n<p>En toile lin naturel et lin blanc<br \/>\nRehauss\u00e9 d&rsquo;un joli monogramme en m\u00e9daillon avec noueux et pompon. La lettre pour le m\u00e9daillon est personnalis\u00e9<\/p>\n<p>Dimensions :<br \/>\nHauteur 110 cm<br \/>\nLargeur 100 cm<\/p>\n<p>Je confectionne aussi sur mesure, vous pouvez donc choisir les dimensions de votre choix. <a href=\"https:\/\/www.mhcreations.fr\/index.php\/contact-test-2\/\">Me contacter<\/a><\/p>\n<p>D\u00e9lai de confection de 3 a 4 semaines et suivant commande en cour<\/p>\n","protected":false},"excerpt":{"rendered":"<p>Rideau Charance En toile lin naturel et lin blanc Rehauss\u00e9 d&rsquo;un joli monogramme en m\u00e9daillon avec noueux et pompon. La lettre pour le m\u00e9daillon est personnalis\u00e9 Dimensions : Hauteur 110 cm Largeur 100 cm Je confectionne aussi sur mesure, vous pouvez donc choisir les dimensions de votre choix. Me contacter D\u00e9lai de confection de 3 [&hellip;]<\/p>\n","protected":false},"featured_media":10209,"comment_status":"open","ping_status":"closed","template":"","meta":{"_et_pb_use_builder":"off","_et_pb_old_content":"Magnifique Rideau feston\r\nForme bonne femme\r\nEn linge ancien et voile de lin blanc avec rappel de linge ancien sur le bas du voile\r\nRehauss\u00e9 d'un joli monogramme sur double m\u00e9daillon avec noueux et pompon\r\nDimensions :\r\nHauteur 240 cm\r\nLargeur 83 cm\r\n\r\nLa lettre pour le m\u00e9daillon est a choisir, ainsi que la couleur du contour ( lin, gris, rouge, bleu ou tout banc ou autres.\r\nJe confectionne aussi sur mesure, vous pouvez donc choisir les dimensions de votre choix","_et_gb_content_width":""},"product_brand":[],"product_cat":[60,44,38],"product_tag":[],"class_list":{"0":"post-15001","1":"product","2":"type-product","3":"status-publish","4":"has-post-thumbnail","6":"product_cat-charance","7":"product_cat-grands-rideaux","8":"product_cat-rideaux","10":"first","11":"instock","12":"shipping-taxable","13":"purchasable","14":"product-type-variable"},"_links":{"self":[{"href":"https:\/\/www.mhcreations.fr\/index.php\/wp-json\/wp\/v2\/product\/15001","targetHints":{"allow":["GET"]}}],"collection":[{"href":"https:\/\/www.mhcreations.fr\/index.php\/wp-json\/wp\/v2\/product"}],"about":[{"href":"https:\/\/www.mhcreations.fr\/index.php\/wp-json\/wp\/v2\/types\/product"}],"replies":[{"embeddable":true,"href":"https:\/\/www.mhcreations.fr\/index.php\/wp-json\/wp\/v2\/comments?post=15001"}],"wp:featuredmedia":[{"embeddable":true,"href":"https:\/\/www.mhcreations.fr\/index.php\/wp-json\/wp\/v2\/media\/10209"}],"wp:attachment":[{"href":"https:\/\/www.mhcreations.fr\/index.php\/wp-json\/wp\/v2\/media?parent=15001"}],"wp:term":[{"taxonomy":"product_brand","embeddable":true,"href":"https:\/\/www.mhcreations.fr\/index.php\/wp-json\/wp\/v2\/product_brand?post=15001"},{"taxonomy":"product_cat","embeddable":true,"href":"https:\/\/www.mhcreations.fr\/index.php\/wp-json\/wp\/v2\/product_cat?post=15001"},{"taxonomy":"product_tag","embeddable":true,"href":"https:\/\/www.mhcreations.fr\/index.php\/wp-json\/wp\/v2\/product_tag?post=15001"}],"curies":[{"name":"wp","href":"https:\/\/api.w.org\/{rel}","templated":true}]}}