{"id":1786,"date":"2017-10-05T14:49:43","date_gmt":"2017-10-05T12:49:43","guid":{"rendered":"http:\/\/www.mhcreations.fr\/?post_type=product&#038;p=1786"},"modified":"2024-12-03T22:42:38","modified_gmt":"2024-12-03T21:42:38","slug":"housse-de-dossier-de-chaise-charance","status":"publish","type":"product","link":"https:\/\/www.mhcreations.fr\/index.php\/produit\/housse-de-dossier-de-chaise-charance\/","title":{"rendered":"Housse de dossier \u00ab\u00a0Marie\u00a0\u00bb"},"content":{"rendered":"<h1>Housse de dossier de chaise<\/h1>\n<h1>Mod\u00e8le \u00a0\u00bb Marie\u00a0\u00bb<\/h1>\n<h1>En lin, monogramme en m\u00e9daillon<\/h1>\n<p>&nbsp;<\/p>\n<p>Dimensions :<\/p>\n<p>Largeur 44 cm<\/p>\n<p>Hauteur 28 cm<\/p>\n<p>La lettre pour le m\u00e9daillon est \u00e0 choisir, ainsi que la couleur du contour ( lin, gris, rouge, bleu ou tout banc ou autres.<br \/>\nJe confectionne aussi sur mesure, vous pouvez donc choisir les dimensions de votre choix<\/p>\n<p>&nbsp;<\/p>\n","protected":false},"excerpt":{"rendered":"<p>Housse de dossier de chaise Mod\u00e8le \u00a0\u00bb Marie\u00a0\u00bb En lin, monogramme en m\u00e9daillon &nbsp; Dimensions : Largeur 44 cm Hauteur 28 cm La lettre pour le m\u00e9daillon est \u00e0 choisir, ainsi que la couleur du contour ( lin, gris, rouge, bleu ou tout banc ou autres. Je confectionne aussi sur mesure, vous pouvez donc choisir [&hellip;]<\/p>\n","protected":false},"featured_media":1787,"comment_status":"open","ping_status":"closed","template":"","meta":{"_et_pb_use_builder":"","_et_pb_old_content":"","_et_gb_content_width":""},"product_brand":[],"product_cat":[157,49,156],"product_tag":[],"class_list":{"0":"post-1786","1":"product","2":"type-product","3":"status-publish","4":"has-post-thumbnail","6":"product_cat-collection-marie","7":"product_cat-housses-de-chaise","8":"product_cat-sejour","10":"first","11":"instock","12":"shipping-taxable","13":"purchasable","14":"product-type-variable"},"_links":{"self":[{"href":"https:\/\/www.mhcreations.fr\/index.php\/wp-json\/wp\/v2\/product\/1786","targetHints":{"allow":["GET"]}}],"collection":[{"href":"https:\/\/www.mhcreations.fr\/index.php\/wp-json\/wp\/v2\/product"}],"about":[{"href":"https:\/\/www.mhcreations.fr\/index.php\/wp-json\/wp\/v2\/types\/product"}],"replies":[{"embeddable":true,"href":"https:\/\/www.mhcreations.fr\/index.php\/wp-json\/wp\/v2\/comments?post=1786"}],"wp:featuredmedia":[{"embeddable":true,"href":"https:\/\/www.mhcreations.fr\/index.php\/wp-json\/wp\/v2\/media\/1787"}],"wp:attachment":[{"href":"https:\/\/www.mhcreations.fr\/index.php\/wp-json\/wp\/v2\/media?parent=1786"}],"wp:term":[{"taxonomy":"product_brand","embeddable":true,"href":"https:\/\/www.mhcreations.fr\/index.php\/wp-json\/wp\/v2\/product_brand?post=1786"},{"taxonomy":"product_cat","embeddable":true,"href":"https:\/\/www.mhcreations.fr\/index.php\/wp-json\/wp\/v2\/product_cat?post=1786"},{"taxonomy":"product_tag","embeddable":true,"href":"https:\/\/www.mhcreations.fr\/index.php\/wp-json\/wp\/v2\/product_tag?post=1786"}],"curies":[{"name":"wp","href":"https:\/\/api.w.org\/{rel}","templated":true}]}}