{"id":339,"date":"2017-06-20T14:25:44","date_gmt":"2017-06-20T12:25:44","guid":{"rendered":"http:\/\/www.mhcreations.fr\/?post_type=product&#038;p=339"},"modified":"2023-05-28T23:09:03","modified_gmt":"2023-05-28T21:09:03","slug":"rideau-feston-jours-et-monogramme-en-lin-et-linge-ancien","status":"publish","type":"product","link":"https:\/\/www.mhcreations.fr\/index.php\/produit\/rideau-feston-jours-et-monogramme-en-lin-et-linge-ancien\/","title":{"rendered":"Rideau en linge ancien \u00ab\u00a0feston\u00a0\u00bb"},"content":{"rendered":"<p>Rideau feston<\/p>\n<p>Cantonni\u00e8re en linge ancien avec jours et feston<\/p>\n<p>Rehauss\u00e9e d&rsquo;un monogramme en m\u00e9daillon blanc avec contour toile de lin naturel<\/p>\n<p>Pompon et n\u0153ud<\/p>\n<p>Pan en toile de lin 100 % Naturel \u00ab\u00a0qualit\u00e9 France\u00a0\u00bb<\/p>\n<p>Dimension du mod\u00e8le pr\u00e9sent\u00e9 :<\/p>\n<p>Largeur 140 cm<\/p>\n<p>Hauteur 240 cm<\/p>\n<p>Hauteur cantonni\u00e8re festonn\u00e9e 60 cm<\/p>\n<p>Mod\u00e8le confectionn\u00e9 \u00e0 la commande e suivant commande en cour<\/p>\n<p>Pour toutes autres dimensions, me contacter pour le tarifs<\/p>\n","protected":false},"excerpt":{"rendered":"<p>Confection \u00e0 la commande<\/p>\n<p>&nbsp;<\/p>\n","protected":false},"featured_media":335,"comment_status":"closed","ping_status":"closed","template":"","meta":{"_et_pb_use_builder":"","_et_pb_old_content":"","_et_gb_content_width":""},"product_brand":[],"product_cat":[67,44,38],"product_tag":[],"class_list":{"0":"post-339","1":"product","2":"type-product","3":"status-publish","4":"has-post-thumbnail","6":"product_cat-collection-feston","7":"product_cat-grands-rideaux","8":"product_cat-rideaux","10":"first","11":"instock","12":"shipping-taxable","13":"purchasable","14":"product-type-variable"},"_links":{"self":[{"href":"https:\/\/www.mhcreations.fr\/index.php\/wp-json\/wp\/v2\/product\/339","targetHints":{"allow":["GET"]}}],"collection":[{"href":"https:\/\/www.mhcreations.fr\/index.php\/wp-json\/wp\/v2\/product"}],"about":[{"href":"https:\/\/www.mhcreations.fr\/index.php\/wp-json\/wp\/v2\/types\/product"}],"replies":[{"embeddable":true,"href":"https:\/\/www.mhcreations.fr\/index.php\/wp-json\/wp\/v2\/comments?post=339"}],"wp:featuredmedia":[{"embeddable":true,"href":"https:\/\/www.mhcreations.fr\/index.php\/wp-json\/wp\/v2\/media\/335"}],"wp:attachment":[{"href":"https:\/\/www.mhcreations.fr\/index.php\/wp-json\/wp\/v2\/media?parent=339"}],"wp:term":[{"taxonomy":"product_brand","embeddable":true,"href":"https:\/\/www.mhcreations.fr\/index.php\/wp-json\/wp\/v2\/product_brand?post=339"},{"taxonomy":"product_cat","embeddable":true,"href":"https:\/\/www.mhcreations.fr\/index.php\/wp-json\/wp\/v2\/product_cat?post=339"},{"taxonomy":"product_tag","embeddable":true,"href":"https:\/\/www.mhcreations.fr\/index.php\/wp-json\/wp\/v2\/product_tag?post=339"}],"curies":[{"name":"wp","href":"https:\/\/api.w.org\/{rel}","templated":true}]}}