{"id":3500,"date":"2017-11-03T19:39:09","date_gmt":"2017-11-03T18:39:09","guid":{"rendered":"http:\/\/www.mhcreations.fr\/?post_type=product&#038;p=3500"},"modified":"2021-09-01T10:45:51","modified_gmt":"2021-09-01T08:45:51","slug":"3500","status":"publish","type":"product","link":"https:\/\/www.mhcreations.fr\/index.php\/produit\/3500\/","title":{"rendered":"Embrasse festonn\u00e9e, monogramme en m\u00e9daillon"},"content":{"rendered":"<h1>Embrasse en linge ancien avec monogramme en m\u00e9daillon<\/h1>\n<p>Longeur 70 cm<\/p>\n<p>Hauteur 15 cm<\/p>\n","protected":false},"excerpt":{"rendered":"<p>Embrasse en linge ancien avec monogramme en m\u00e9daillon Longeur 70 cm Hauteur 15 cm<\/p>\n","protected":false},"featured_media":3501,"comment_status":"open","ping_status":"closed","template":"","meta":{"_et_pb_use_builder":"","_et_pb_old_content":"","_et_gb_content_width":""},"product_brand":[],"product_cat":[173],"product_tag":[],"class_list":{"0":"post-3500","1":"product","2":"type-product","3":"status-publish","4":"has-post-thumbnail","6":"product_cat-embrases","8":"first","9":"instock","10":"shipping-taxable","11":"purchasable","12":"product-type-variable"},"_links":{"self":[{"href":"https:\/\/www.mhcreations.fr\/index.php\/wp-json\/wp\/v2\/product\/3500","targetHints":{"allow":["GET"]}}],"collection":[{"href":"https:\/\/www.mhcreations.fr\/index.php\/wp-json\/wp\/v2\/product"}],"about":[{"href":"https:\/\/www.mhcreations.fr\/index.php\/wp-json\/wp\/v2\/types\/product"}],"replies":[{"embeddable":true,"href":"https:\/\/www.mhcreations.fr\/index.php\/wp-json\/wp\/v2\/comments?post=3500"}],"wp:featuredmedia":[{"embeddable":true,"href":"https:\/\/www.mhcreations.fr\/index.php\/wp-json\/wp\/v2\/media\/3501"}],"wp:attachment":[{"href":"https:\/\/www.mhcreations.fr\/index.php\/wp-json\/wp\/v2\/media?parent=3500"}],"wp:term":[{"taxonomy":"product_brand","embeddable":true,"href":"https:\/\/www.mhcreations.fr\/index.php\/wp-json\/wp\/v2\/product_brand?post=3500"},{"taxonomy":"product_cat","embeddable":true,"href":"https:\/\/www.mhcreations.fr\/index.php\/wp-json\/wp\/v2\/product_cat?post=3500"},{"taxonomy":"product_tag","embeddable":true,"href":"https:\/\/www.mhcreations.fr\/index.php\/wp-json\/wp\/v2\/product_tag?post=3500"}],"curies":[{"name":"wp","href":"https:\/\/api.w.org\/{rel}","templated":true}]}}