{"id":4365,"date":"2018-05-08T22:01:12","date_gmt":"2018-05-08T20:01:12","guid":{"rendered":"https:\/\/www.mhcreations.fr\/?post_type=product&#038;p=4365"},"modified":"2021-03-24T11:17:41","modified_gmt":"2021-03-24T10:17:41","slug":"petit-rideau-brise-bise","status":"publish","type":"product","link":"https:\/\/www.mhcreations.fr\/index.php\/produit\/petit-rideau-brise-bise\/","title":{"rendered":"Petit rideau brise bise"},"content":{"rendered":"<p>[et_pb_section bb_built=\u00a0\u00bb1&Prime; admin_label=\u00a0\u00bbsection\u00a0\u00bb][et_pb_row admin_label=\u00a0\u00bbrow\u00a0\u00bb background_position=\u00a0\u00bbtop_left\u00a0\u00bb background_repeat=\u00a0\u00bbrepeat\u00a0\u00bb background_size=\u00a0\u00bbinitial\u00a0\u00bb][et_pb_column type=\u00a0\u00bb4_4&Prime;][et_pb_text admin_label=\u00a0\u00bbText\u00a0\u00bb background_position=\u00a0\u00bbtop_left\u00a0\u00bb background_repeat=\u00a0\u00bbrepeat\u00a0\u00bb background_size=\u00a0\u00bbinitial\u00a0\u00bb _builder_version=\u00a0\u00bb3.20.2&Prime;]<\/p>\n<p>Rideau brise bise en linge ancien et organdi blanc<br \/>\nMonogramme en m\u00e9daillon<br \/>\nConfection sur mesure et monogramme personnalis\u00e9<br \/>\nM\u00e9daillon en lin rond ou ovale ou<br \/>\nContour monogramme couleur lin ou gris, rouge, ou autre suivant vos envies<br \/>\nDimensions du mod\u00e8le propos\u00e9<br \/>\nLargeur 45 cm<br \/>\nHauteur 90 cm<\/p>\n<p>[\/et_pb_text][\/et_pb_column][\/et_pb_row][\/et_pb_section]<\/p>\n","protected":false},"excerpt":{"rendered":"<p>Rideau brise bise en linge ancien et organdi blanc Monogramme en m\u00e9daillon Confection sur mesure et monogramme personnalis\u00e9 M\u00e9daillon en lin rond ou ovale ou Contour monogramme couleur lin ou gris, rouge, ou autre suivant vos envies Dimensions du mod\u00e8le propos\u00e9 Largeur 45 cm Hauteur 90 cm<\/p>\n","protected":false},"featured_media":4370,"comment_status":"open","ping_status":"closed","template":"","meta":{"_et_pb_use_builder":"on","_et_pb_old_content":"Rideau brise bise en linge ancien et organdi blanc\r\nMonogramme en m\u00e9daillon\r\nConfection sur mesure et monogramme personnalis\u00e9\r\nM\u00e9daillon en lin rond ou ovale ou\r\nContour monogramme couleur lin ou gris, rouge, ou autre suivant vos envies\r\nDimensions du mod\u00e8le propos\u00e9\r\nLargeur 45 cm\r\nHauteur 70 cm","_et_gb_content_width":""},"product_brand":[],"product_cat":[45,38],"product_tag":[],"class_list":{"0":"post-4365","1":"product","2":"type-product","3":"status-publish","4":"has-post-thumbnail","6":"product_cat-brises-bises-rideaux","7":"product_cat-rideaux","9":"first","10":"outofstock","11":"shipping-taxable","12":"purchasable","13":"product-type-variable"},"_links":{"self":[{"href":"https:\/\/www.mhcreations.fr\/index.php\/wp-json\/wp\/v2\/product\/4365","targetHints":{"allow":["GET"]}}],"collection":[{"href":"https:\/\/www.mhcreations.fr\/index.php\/wp-json\/wp\/v2\/product"}],"about":[{"href":"https:\/\/www.mhcreations.fr\/index.php\/wp-json\/wp\/v2\/types\/product"}],"replies":[{"embeddable":true,"href":"https:\/\/www.mhcreations.fr\/index.php\/wp-json\/wp\/v2\/comments?post=4365"}],"wp:featuredmedia":[{"embeddable":true,"href":"https:\/\/www.mhcreations.fr\/index.php\/wp-json\/wp\/v2\/media\/4370"}],"wp:attachment":[{"href":"https:\/\/www.mhcreations.fr\/index.php\/wp-json\/wp\/v2\/media?parent=4365"}],"wp:term":[{"taxonomy":"product_brand","embeddable":true,"href":"https:\/\/www.mhcreations.fr\/index.php\/wp-json\/wp\/v2\/product_brand?post=4365"},{"taxonomy":"product_cat","embeddable":true,"href":"https:\/\/www.mhcreations.fr\/index.php\/wp-json\/wp\/v2\/product_cat?post=4365"},{"taxonomy":"product_tag","embeddable":true,"href":"https:\/\/www.mhcreations.fr\/index.php\/wp-json\/wp\/v2\/product_tag?post=4365"}],"curies":[{"name":"wp","href":"https:\/\/api.w.org\/{rel}","templated":true}]}}