{"id":4734,"date":"2019-01-26T23:38:11","date_gmt":"2019-01-26T22:38:11","guid":{"rendered":"https:\/\/www.mhcreations.fr\/?post_type=product&#038;p=4734"},"modified":"2021-03-24T11:28:30","modified_gmt":"2021-03-24T10:28:30","slug":"rideau-store-en-linge-ancien-monogramme-sur-mesure","status":"publish","type":"product","link":"https:\/\/www.mhcreations.fr\/index.php\/produit\/rideau-store-en-linge-ancien-monogramme-sur-mesure\/","title":{"rendered":"Rideau store en linge ancien, monogramme. Sur mesure"},"content":{"rendered":"<p>Rideau store en linge ancien et voile de lin<\/p>\n<p>Monogramme personnalis\u00e9<\/p>\n<p>Sur mesure me contacter 06 88 47 99 80<\/p>\n<p>Travail soign\u00e9 et finition de qualit\u00e9<\/p>\n<p>D\u00e9lai de 2 \u00e0 3 semaines et suivant commandes en cours<\/p>\n","protected":false},"excerpt":{"rendered":"<p>Rideau store en linge ancien et voile de lin Monogramme personnalis\u00e9 Sur mesure me contacter 06 88 47 99 80 Travail soign\u00e9 et finition de qualit\u00e9 D\u00e9lai de 2 \u00e0 3 semaines et suivant commandes en cours<\/p>\n","protected":false},"featured_media":4735,"comment_status":"open","ping_status":"closed","template":"","meta":{"_et_pb_use_builder":"","_et_pb_old_content":"","_et_gb_content_width":""},"product_brand":[],"product_cat":[180],"product_tag":[],"class_list":{"0":"post-4734","1":"product","2":"type-product","3":"status-publish","4":"has-post-thumbnail","6":"product_cat-commande-sur-mesure","8":"first","9":"outofstock","10":"shipping-taxable","11":"purchasable","12":"product-type-variable"},"_links":{"self":[{"href":"https:\/\/www.mhcreations.fr\/index.php\/wp-json\/wp\/v2\/product\/4734","targetHints":{"allow":["GET"]}}],"collection":[{"href":"https:\/\/www.mhcreations.fr\/index.php\/wp-json\/wp\/v2\/product"}],"about":[{"href":"https:\/\/www.mhcreations.fr\/index.php\/wp-json\/wp\/v2\/types\/product"}],"replies":[{"embeddable":true,"href":"https:\/\/www.mhcreations.fr\/index.php\/wp-json\/wp\/v2\/comments?post=4734"}],"wp:featuredmedia":[{"embeddable":true,"href":"https:\/\/www.mhcreations.fr\/index.php\/wp-json\/wp\/v2\/media\/4735"}],"wp:attachment":[{"href":"https:\/\/www.mhcreations.fr\/index.php\/wp-json\/wp\/v2\/media?parent=4734"}],"wp:term":[{"taxonomy":"product_brand","embeddable":true,"href":"https:\/\/www.mhcreations.fr\/index.php\/wp-json\/wp\/v2\/product_brand?post=4734"},{"taxonomy":"product_cat","embeddable":true,"href":"https:\/\/www.mhcreations.fr\/index.php\/wp-json\/wp\/v2\/product_cat?post=4734"},{"taxonomy":"product_tag","embeddable":true,"href":"https:\/\/www.mhcreations.fr\/index.php\/wp-json\/wp\/v2\/product_tag?post=4734"}],"curies":[{"name":"wp","href":"https:\/\/api.w.org\/{rel}","templated":true}]}}