{"id":527,"date":"2017-08-25T20:29:15","date_gmt":"2017-08-25T18:29:15","guid":{"rendered":"http:\/\/www.mhcreations.fr\/?post_type=product&#038;p=527"},"modified":"2021-06-18T15:57:39","modified_gmt":"2021-06-18T13:57:39","slug":"rideau-dencadrement-theatrale-en-loile-de-lin-naturel-copie","status":"publish","type":"product","link":"https:\/\/www.mhcreations.fr\/index.php\/produit\/rideau-dencadrement-theatrale-en-loile-de-lin-naturel-copie\/","title":{"rendered":"Rideau d&rsquo;encadrement \u00ab\u00a0Helen\u00a0\u00bb"},"content":{"rendered":"<p><span class=\"wbreak\">Rideau th\u00e9\u00e2tral pour porte ou fen\u00eatre<br \/>\nMod\u00e8le H\u00e9l\u00e8ne<\/span><\/p>\n<p>Rideau en toile 100% lin naturel<br \/>\nId\u00e9ale pour recouvrir l&rsquo;encadrement d&rsquo;une porte ou une s\u00e9paration de pi\u00e8ce ( entr\u00e9e d&rsquo;un dressing par exemple)<br \/>\nConvient aussi pour fen\u00eatre<br \/>\nLargeur 90 cm<br \/>\nHauteur 210 cm<\/p>\n<p><span class=\"wbreak\">Sur mesure demander un devis<\/span><\/p>\n<p>Confection \u00e0 la commande, d\u00e9lai suivant commande en cour ( environ 3 semaines )<\/p>\n<p>Travail soign\u00e9 et finitions de qualit\u00e9s.<\/p>\n","protected":false},"excerpt":{"rendered":"<p>Rideau th\u00e9\u00e2tral pour porte ou fen\u00eatre Mod\u00e8le H\u00e9l\u00e8ne Rideau en toile 100% lin naturel Id\u00e9ale pour recouvrir l&rsquo;encadrement d&rsquo;une porte ou une s\u00e9paration de pi\u00e8ce ( entr\u00e9e d&rsquo;un dressing par exemple) Convient aussi pour fen\u00eatre Largeur 90 cm Hauteur 210 cm Sur mesure demander un devis Confection \u00e0 la commande, d\u00e9lai suivant commande en cour [&hellip;]<\/p>\n","protected":false},"featured_media":297,"comment_status":"open","ping_status":"closed","template":"","meta":{"_et_pb_use_builder":"","_et_pb_old_content":"","_et_gb_content_width":""},"product_brand":[],"product_cat":[87,61,38],"product_tag":[],"class_list":{"0":"post-527","1":"product","2":"type-product","3":"status-publish","4":"has-post-thumbnail","6":"product_cat-collection-helen","7":"product_cat-rideau-dencadrement-theatral","8":"product_cat-rideaux","10":"first","11":"instock","12":"shipping-taxable","13":"purchasable","14":"product-type-simple"},"_links":{"self":[{"href":"https:\/\/www.mhcreations.fr\/index.php\/wp-json\/wp\/v2\/product\/527","targetHints":{"allow":["GET"]}}],"collection":[{"href":"https:\/\/www.mhcreations.fr\/index.php\/wp-json\/wp\/v2\/product"}],"about":[{"href":"https:\/\/www.mhcreations.fr\/index.php\/wp-json\/wp\/v2\/types\/product"}],"replies":[{"embeddable":true,"href":"https:\/\/www.mhcreations.fr\/index.php\/wp-json\/wp\/v2\/comments?post=527"}],"wp:featuredmedia":[{"embeddable":true,"href":"https:\/\/www.mhcreations.fr\/index.php\/wp-json\/wp\/v2\/media\/297"}],"wp:attachment":[{"href":"https:\/\/www.mhcreations.fr\/index.php\/wp-json\/wp\/v2\/media?parent=527"}],"wp:term":[{"taxonomy":"product_brand","embeddable":true,"href":"https:\/\/www.mhcreations.fr\/index.php\/wp-json\/wp\/v2\/product_brand?post=527"},{"taxonomy":"product_cat","embeddable":true,"href":"https:\/\/www.mhcreations.fr\/index.php\/wp-json\/wp\/v2\/product_cat?post=527"},{"taxonomy":"product_tag","embeddable":true,"href":"https:\/\/www.mhcreations.fr\/index.php\/wp-json\/wp\/v2\/product_tag?post=527"}],"curies":[{"name":"wp","href":"https:\/\/api.w.org\/{rel}","templated":true}]}}