{"id":5705,"date":"2019-03-09T22:25:14","date_gmt":"2019-03-09T21:25:14","guid":{"rendered":"https:\/\/www.mhcreations.fr\/?post_type=product&#038;p=5705"},"modified":"2024-12-07T22:45:02","modified_gmt":"2024-12-07T21:45:02","slug":"cantonniere-monogramme-en-medaillon","status":"publish","type":"product","link":"https:\/\/www.mhcreations.fr\/index.php\/produit\/cantonniere-monogramme-en-medaillon\/","title":{"rendered":"Rideau store en lin, monogramme en m\u00e9daillon"},"content":{"rendered":"<p>Mod\u00e8le \u00ab\u00a0Un jour de novembre\u00a0\u00bb<\/p>\n<p>Rideau store en lin et voile de lin<\/p>\n<p>Monogramme en m\u00e9daillon et pompon.<\/p>\n<p>Dimensions :<\/p>\n<p>Largeur : de 90 cm \u00e0 160 cm<\/p>\n<p>Hauteur : d\u00e9roul\u00e9\u00a0 de 90 cm \u00e0 180cm<\/p>\n<p>Par exemple pour une dimension de 92cm x 124 cm choisir la dimension 90 cm x 120 cm et notifier vos dimensions lors de la commande<\/p>\n<p>D\u00e9lai de 2 \u00e0 3 semaine et suivant commandes en cours<\/p>\n<p>&nbsp;<\/p>\n<p>Enti\u00e8rement r\u00e9alis\u00e9 par moi -m\u00eame avec des finitions et des mati\u00e8re de qualit\u00e9 et Fran\u00e7aise<\/p>\n<p>Pour toutes autres dimensions ou personnalisation :<em> <a href=\"https:\/\/www.mhcreations.fr\/index.php\/contact-test-2\/\">Me contacter<\/a><\/em><\/p>\n","protected":false},"excerpt":{"rendered":"<p>Mod\u00e8le \u00ab\u00a0Un jour de novembre\u00a0\u00bb<\/p>\n<p>&nbsp;<\/p>\n","protected":false},"featured_media":5715,"comment_status":"open","ping_status":"closed","template":"","meta":{"_et_pb_use_builder":"","_et_pb_old_content":"","_et_gb_content_width":""},"product_brand":[],"product_cat":[68,38,48],"product_tag":[],"class_list":{"0":"post-5705","1":"product","2":"type-product","3":"status-publish","4":"has-post-thumbnail","6":"product_cat-collections-un-jour-de-novembre","7":"product_cat-rideaux","8":"product_cat-stores","10":"first","11":"instock","12":"shipping-taxable","13":"purchasable","14":"product-type-variable"},"_links":{"self":[{"href":"https:\/\/www.mhcreations.fr\/index.php\/wp-json\/wp\/v2\/product\/5705","targetHints":{"allow":["GET"]}}],"collection":[{"href":"https:\/\/www.mhcreations.fr\/index.php\/wp-json\/wp\/v2\/product"}],"about":[{"href":"https:\/\/www.mhcreations.fr\/index.php\/wp-json\/wp\/v2\/types\/product"}],"replies":[{"embeddable":true,"href":"https:\/\/www.mhcreations.fr\/index.php\/wp-json\/wp\/v2\/comments?post=5705"}],"wp:featuredmedia":[{"embeddable":true,"href":"https:\/\/www.mhcreations.fr\/index.php\/wp-json\/wp\/v2\/media\/5715"}],"wp:attachment":[{"href":"https:\/\/www.mhcreations.fr\/index.php\/wp-json\/wp\/v2\/media?parent=5705"}],"wp:term":[{"taxonomy":"product_brand","embeddable":true,"href":"https:\/\/www.mhcreations.fr\/index.php\/wp-json\/wp\/v2\/product_brand?post=5705"},{"taxonomy":"product_cat","embeddable":true,"href":"https:\/\/www.mhcreations.fr\/index.php\/wp-json\/wp\/v2\/product_cat?post=5705"},{"taxonomy":"product_tag","embeddable":true,"href":"https:\/\/www.mhcreations.fr\/index.php\/wp-json\/wp\/v2\/product_tag?post=5705"}],"curies":[{"name":"wp","href":"https:\/\/api.w.org\/{rel}","templated":true}]}}