{"id":5999,"date":"2019-06-13T20:12:13","date_gmt":"2019-06-13T18:12:13","guid":{"rendered":"https:\/\/www.mhcreations.fr\/?post_type=product&#038;p=5999"},"modified":"2025-03-23T21:56:36","modified_gmt":"2025-03-23T20:56:36","slug":"commande-sur-mesure-modele-un-jour-de-novembre","status":"publish","type":"product","link":"https:\/\/www.mhcreations.fr\/index.php\/produit\/commande-sur-mesure-modele-un-jour-de-novembre\/","title":{"rendered":"Rideau .Mod\u00e8le \u00ab\u00a0Un Jour de novembre\u00a0\u00bb"},"content":{"rendered":"<div><\/div>\n<p>Cantonni\u00e8re en lin blanc r\u00e9hauss\u00e9 d\u2019un monogramme en m\u00e9daillon ( lettre aux choix)<\/p>\n<p>Pan en toile de lin 100 % Naturel \u00ab\u00a0qualit\u00e9 France\u00a0\u00bb<\/p>\n<p>Dimensions :<\/p>\n<p>Largeur 145 cm<\/p>\n<p>Hauteur 240 cm<\/p>\n<p>Mod\u00e8le confectionn\u00e9 \u00e0 la commande, d\u00e9lai 3 semaines et suivant commande en cour<\/p>\n<p>Pour toutes autres dimensions, <a href=\"https:\/\/www.mhcreations.fr\/index.php\/contact-test-2\/\">me contacter<\/a> pour le tarifs<\/p>\n","protected":false},"excerpt":{"rendered":"<p>Commande sur mesure<\/p>\n<p>&nbsp;<\/p>\n","protected":false},"featured_media":10212,"comment_status":"closed","ping_status":"closed","template":"","meta":{"_et_pb_use_builder":"","_et_pb_old_content":"","_et_gb_content_width":""},"product_brand":[],"product_cat":[68,44,38],"product_tag":[],"class_list":{"0":"post-5999","1":"product","2":"type-product","3":"status-publish","4":"has-post-thumbnail","6":"product_cat-collections-un-jour-de-novembre","7":"product_cat-grands-rideaux","8":"product_cat-rideaux","10":"first","11":"instock","12":"shipping-taxable","13":"purchasable","14":"product-type-variable"},"_links":{"self":[{"href":"https:\/\/www.mhcreations.fr\/index.php\/wp-json\/wp\/v2\/product\/5999","targetHints":{"allow":["GET"]}}],"collection":[{"href":"https:\/\/www.mhcreations.fr\/index.php\/wp-json\/wp\/v2\/product"}],"about":[{"href":"https:\/\/www.mhcreations.fr\/index.php\/wp-json\/wp\/v2\/types\/product"}],"replies":[{"embeddable":true,"href":"https:\/\/www.mhcreations.fr\/index.php\/wp-json\/wp\/v2\/comments?post=5999"}],"wp:featuredmedia":[{"embeddable":true,"href":"https:\/\/www.mhcreations.fr\/index.php\/wp-json\/wp\/v2\/media\/10212"}],"wp:attachment":[{"href":"https:\/\/www.mhcreations.fr\/index.php\/wp-json\/wp\/v2\/media?parent=5999"}],"wp:term":[{"taxonomy":"product_brand","embeddable":true,"href":"https:\/\/www.mhcreations.fr\/index.php\/wp-json\/wp\/v2\/product_brand?post=5999"},{"taxonomy":"product_cat","embeddable":true,"href":"https:\/\/www.mhcreations.fr\/index.php\/wp-json\/wp\/v2\/product_cat?post=5999"},{"taxonomy":"product_tag","embeddable":true,"href":"https:\/\/www.mhcreations.fr\/index.php\/wp-json\/wp\/v2\/product_tag?post=5999"}],"curies":[{"name":"wp","href":"https:\/\/api.w.org\/{rel}","templated":true}]}}