{"id":6114,"date":"2019-07-12T11:54:18","date_gmt":"2019-07-12T09:54:18","guid":{"rendered":"https:\/\/www.mhcreations.fr\/?post_type=product&#038;p=6114"},"modified":"2021-03-07T20:24:50","modified_gmt":"2021-03-07T19:24:50","slug":"commande-sur-mesure-rideau-ciel-de-lit-charance","status":"publish","type":"product","link":"https:\/\/www.mhcreations.fr\/index.php\/produit\/commande-sur-mesure-rideau-ciel-de-lit-charance\/","title":{"rendered":"Commande sur mesure -Rideau Ciel de lit \u00ab\u00a0Charance\u00a0\u00bb"},"content":{"rendered":"<p>Commande sur mesure Magalie<\/p>\n<p>Rideau Ciel de lit<\/p>\n<p>Mod\u00e8le \u00ab\u00a0Charance\u00a0\u00bb<\/p>\n<p>Cantonni\u00e8re en linge ancien festonn\u00e9e et r\u00e9hauss\u00e9e d&rsquo;un monogramme en m\u00e9daillon sur toile de lin naturel, noeux et pompon<\/p>\n<p>Pans en voile de lin blanc. Fixations nouettes<\/p>\n<p>Lettre M<\/p>\n<p>&nbsp;<\/p>\n<p>&nbsp;<\/p>\n","protected":false},"excerpt":{"rendered":"<p>Commande sur mesure Magalie Rideau Ciel de lit Mod\u00e8le \u00ab\u00a0Charance\u00a0\u00bb Cantonni\u00e8re en linge ancien festonn\u00e9e et r\u00e9hauss\u00e9e d&rsquo;un monogramme en m\u00e9daillon sur toile de lin naturel, noeux et pompon Pans en voile de lin blanc. Fixations nouettes Lettre M &nbsp; &nbsp;<\/p>\n","protected":false},"featured_media":295,"comment_status":"open","ping_status":"closed","template":"","meta":{"_et_pb_use_builder":"","_et_pb_old_content":"","_et_gb_content_width":""},"product_brand":[],"product_cat":[180],"product_tag":[187],"class_list":{"0":"post-6114","1":"product","2":"type-product","3":"status-publish","4":"has-post-thumbnail","6":"product_cat-commande-sur-mesure","7":"product_tag-livraison-5-semaines","9":"first","10":"outofstock","11":"shipping-taxable","12":"purchasable","13":"product-type-simple"},"_links":{"self":[{"href":"https:\/\/www.mhcreations.fr\/index.php\/wp-json\/wp\/v2\/product\/6114","targetHints":{"allow":["GET"]}}],"collection":[{"href":"https:\/\/www.mhcreations.fr\/index.php\/wp-json\/wp\/v2\/product"}],"about":[{"href":"https:\/\/www.mhcreations.fr\/index.php\/wp-json\/wp\/v2\/types\/product"}],"replies":[{"embeddable":true,"href":"https:\/\/www.mhcreations.fr\/index.php\/wp-json\/wp\/v2\/comments?post=6114"}],"wp:featuredmedia":[{"embeddable":true,"href":"https:\/\/www.mhcreations.fr\/index.php\/wp-json\/wp\/v2\/media\/295"}],"wp:attachment":[{"href":"https:\/\/www.mhcreations.fr\/index.php\/wp-json\/wp\/v2\/media?parent=6114"}],"wp:term":[{"taxonomy":"product_brand","embeddable":true,"href":"https:\/\/www.mhcreations.fr\/index.php\/wp-json\/wp\/v2\/product_brand?post=6114"},{"taxonomy":"product_cat","embeddable":true,"href":"https:\/\/www.mhcreations.fr\/index.php\/wp-json\/wp\/v2\/product_cat?post=6114"},{"taxonomy":"product_tag","embeddable":true,"href":"https:\/\/www.mhcreations.fr\/index.php\/wp-json\/wp\/v2\/product_tag?post=6114"}],"curies":[{"name":"wp","href":"https:\/\/api.w.org\/{rel}","templated":true}]}}