{"id":6195,"date":"2019-07-14T11:04:32","date_gmt":"2019-07-14T09:04:32","guid":{"rendered":"https:\/\/www.mhcreations.fr\/?post_type=product&#038;p=6195"},"modified":"2020-11-19T21:46:53","modified_gmt":"2020-11-19T20:46:53","slug":"commande-sur-mesure-cantonniere-froufrou","status":"publish","type":"product","link":"https:\/\/www.mhcreations.fr\/index.php\/produit\/commande-sur-mesure-cantonniere-froufrou\/","title":{"rendered":"Commande sur mesure -Cantonni\u00e8re \u00ab\u00a0froufrou\u00a0\u00bb"},"content":{"rendered":"<h1><em>2 -Cantonni\u00e8re en linge ancien blanche, monogramme en m\u00e9daillon monogramme V et M, noeux\u00a0et pompon<\/em><\/h1>\n<p>Mod\u00e8le \u00a0\u00bb Froufrou\u00a0\u00bb<\/p>\n<p>Fixation nouettes<\/p>\n<p>Largeur 140 cm<del><\/del><br \/>\nHauteur 50 cm<br \/>\nConfection \u00e0 la commande<br \/>\n\u00c9galement sur mesure et personnalis\u00e9 (me contacter)<\/p>\n","protected":false},"excerpt":{"rendered":"<p>2 -Cantonni\u00e8re en linge ancien blanche, monogramme en m\u00e9daillon monogramme V et M, noeux\u00a0et pompon Mod\u00e8le \u00a0\u00bb Froufrou\u00a0\u00bb Fixation nouettes Largeur 140 cm Hauteur 50 cm Confection \u00e0 la commande \u00c9galement sur mesure et personnalis\u00e9 (me contacter)<\/p>\n","protected":false},"featured_media":6275,"comment_status":"open","ping_status":"closed","template":"","meta":{"_et_pb_use_builder":"","_et_pb_old_content":"","_et_gb_content_width":""},"product_brand":[],"product_cat":[180],"product_tag":[],"class_list":{"0":"post-6195","1":"product","2":"type-product","3":"status-publish","4":"has-post-thumbnail","6":"product_cat-commande-sur-mesure","8":"first","9":"outofstock","10":"shipping-taxable","11":"purchasable","12":"product-type-simple"},"_links":{"self":[{"href":"https:\/\/www.mhcreations.fr\/index.php\/wp-json\/wp\/v2\/product\/6195","targetHints":{"allow":["GET"]}}],"collection":[{"href":"https:\/\/www.mhcreations.fr\/index.php\/wp-json\/wp\/v2\/product"}],"about":[{"href":"https:\/\/www.mhcreations.fr\/index.php\/wp-json\/wp\/v2\/types\/product"}],"replies":[{"embeddable":true,"href":"https:\/\/www.mhcreations.fr\/index.php\/wp-json\/wp\/v2\/comments?post=6195"}],"wp:featuredmedia":[{"embeddable":true,"href":"https:\/\/www.mhcreations.fr\/index.php\/wp-json\/wp\/v2\/media\/6275"}],"wp:attachment":[{"href":"https:\/\/www.mhcreations.fr\/index.php\/wp-json\/wp\/v2\/media?parent=6195"}],"wp:term":[{"taxonomy":"product_brand","embeddable":true,"href":"https:\/\/www.mhcreations.fr\/index.php\/wp-json\/wp\/v2\/product_brand?post=6195"},{"taxonomy":"product_cat","embeddable":true,"href":"https:\/\/www.mhcreations.fr\/index.php\/wp-json\/wp\/v2\/product_cat?post=6195"},{"taxonomy":"product_tag","embeddable":true,"href":"https:\/\/www.mhcreations.fr\/index.php\/wp-json\/wp\/v2\/product_tag?post=6195"}],"curies":[{"name":"wp","href":"https:\/\/api.w.org\/{rel}","templated":true}]}}