{"id":6697,"date":"2019-10-22T09:23:21","date_gmt":"2019-10-22T07:23:21","guid":{"rendered":"https:\/\/www.mhcreations.fr\/?post_type=product&#038;p=6697"},"modified":"2021-03-07T19:50:20","modified_gmt":"2021-03-07T18:50:20","slug":"cantonniere-feston-monogramme-en-medaillon","status":"publish","type":"product","link":"https:\/\/www.mhcreations.fr\/index.php\/produit\/cantonniere-feston-monogramme-en-medaillon\/","title":{"rendered":"Cantonni\u00e8res festons + lampe deux branches, abat jours toile de jouy"},"content":{"rendered":"<p>Mod\u00e8le \u00ab\u00a0Feston\u00a0\u00bb<\/p>\n<p>Commande sur mesure<\/p>\n<p>2 Cantonni\u00e8re en linge ancien,<\/p>\n<p>1 lampe 2 branches avec abat jour toile de louy<\/p>\n<p>Monogramme AA entrelac\u00e9 et en m\u00e9daillon Manon<\/p>\n<p>Ce mod\u00e8le est aussi r\u00e9alis\u00e9 sur mesure et personnalis\u00e9<\/p>\n<p>Enti\u00e8rement r\u00e9alis\u00e9 par moi -m\u00eame avec des finitions et des mati\u00e8re de qualit\u00e9 et Fran\u00e7aise<\/p>\n<p>&nbsp;<\/p>\n","protected":false},"excerpt":{"rendered":"<p>&nbsp;<\/p>\n<p>&nbsp;<\/p>\n","protected":false},"featured_media":9164,"comment_status":"open","ping_status":"closed","template":"","meta":{"_et_pb_use_builder":"","_et_pb_old_content":"","_et_gb_content_width":""},"product_brand":[],"product_cat":[180],"product_tag":[],"class_list":{"0":"post-6697","1":"product","2":"type-product","3":"status-publish","4":"has-post-thumbnail","6":"product_cat-commande-sur-mesure","8":"first","9":"outofstock","10":"shipping-taxable","11":"purchasable","12":"product-type-simple"},"_links":{"self":[{"href":"https:\/\/www.mhcreations.fr\/index.php\/wp-json\/wp\/v2\/product\/6697","targetHints":{"allow":["GET"]}}],"collection":[{"href":"https:\/\/www.mhcreations.fr\/index.php\/wp-json\/wp\/v2\/product"}],"about":[{"href":"https:\/\/www.mhcreations.fr\/index.php\/wp-json\/wp\/v2\/types\/product"}],"replies":[{"embeddable":true,"href":"https:\/\/www.mhcreations.fr\/index.php\/wp-json\/wp\/v2\/comments?post=6697"}],"wp:featuredmedia":[{"embeddable":true,"href":"https:\/\/www.mhcreations.fr\/index.php\/wp-json\/wp\/v2\/media\/9164"}],"wp:attachment":[{"href":"https:\/\/www.mhcreations.fr\/index.php\/wp-json\/wp\/v2\/media?parent=6697"}],"wp:term":[{"taxonomy":"product_brand","embeddable":true,"href":"https:\/\/www.mhcreations.fr\/index.php\/wp-json\/wp\/v2\/product_brand?post=6697"},{"taxonomy":"product_cat","embeddable":true,"href":"https:\/\/www.mhcreations.fr\/index.php\/wp-json\/wp\/v2\/product_cat?post=6697"},{"taxonomy":"product_tag","embeddable":true,"href":"https:\/\/www.mhcreations.fr\/index.php\/wp-json\/wp\/v2\/product_tag?post=6697"}],"curies":[{"name":"wp","href":"https:\/\/api.w.org\/{rel}","templated":true}]}}