{"id":6708,"date":"2019-11-04T08:35:58","date_gmt":"2019-11-04T07:35:58","guid":{"rendered":"https:\/\/www.mhcreations.fr\/?post_type=product&#038;p=6708"},"modified":"2020-11-19T21:47:18","modified_gmt":"2020-11-19T20:47:18","slug":"cantonniere-collection-manon","status":"publish","type":"product","link":"https:\/\/www.mhcreations.fr\/index.php\/produit\/cantonniere-collection-manon\/","title":{"rendered":"Cantonni\u00e8re  \u00ab\u00a0Collection Manon\u00a0\u00bb"},"content":{"rendered":"<p>Mod\u00e8le \u00ab\u00a0Manon\u00a0\u00bb<\/p>\n<p>Cantonni\u00e8re en linge ancien,<\/p>\n<p>Dimensions :<\/p>\n<p>Largeur : 120 cm<\/p>\n<p>Hauteur : 65 cm<\/p>\n<p>D\u00e9lai de 1 \u00e0 2 semaines et suivant commandes en cours<\/p>\n<p>Ce mod\u00e8le est aussi r\u00e9alis\u00e9 sur mesure et personnalis\u00e9<\/p>\n<p>Enti\u00e8rement r\u00e9alis\u00e9 par moi -m\u00eame avec des finitions et des mati\u00e8re de qualit\u00e9 et Fran\u00e7aise<\/p>\n<p>&nbsp;<\/p>\n","protected":false},"excerpt":{"rendered":"<p>&nbsp;<\/p>\n<p>&nbsp;<\/p>\n","protected":false},"featured_media":6709,"comment_status":"open","ping_status":"closed","template":"","meta":{"_et_pb_use_builder":"","_et_pb_old_content":"","_et_gb_content_width":""},"product_brand":[],"product_cat":[180],"product_tag":[],"class_list":{"0":"post-6708","1":"product","2":"type-product","3":"status-publish","4":"has-post-thumbnail","6":"product_cat-commande-sur-mesure","8":"first","9":"outofstock","10":"shipping-taxable","11":"purchasable","12":"product-type-simple"},"_links":{"self":[{"href":"https:\/\/www.mhcreations.fr\/index.php\/wp-json\/wp\/v2\/product\/6708","targetHints":{"allow":["GET"]}}],"collection":[{"href":"https:\/\/www.mhcreations.fr\/index.php\/wp-json\/wp\/v2\/product"}],"about":[{"href":"https:\/\/www.mhcreations.fr\/index.php\/wp-json\/wp\/v2\/types\/product"}],"replies":[{"embeddable":true,"href":"https:\/\/www.mhcreations.fr\/index.php\/wp-json\/wp\/v2\/comments?post=6708"}],"wp:featuredmedia":[{"embeddable":true,"href":"https:\/\/www.mhcreations.fr\/index.php\/wp-json\/wp\/v2\/media\/6709"}],"wp:attachment":[{"href":"https:\/\/www.mhcreations.fr\/index.php\/wp-json\/wp\/v2\/media?parent=6708"}],"wp:term":[{"taxonomy":"product_brand","embeddable":true,"href":"https:\/\/www.mhcreations.fr\/index.php\/wp-json\/wp\/v2\/product_brand?post=6708"},{"taxonomy":"product_cat","embeddable":true,"href":"https:\/\/www.mhcreations.fr\/index.php\/wp-json\/wp\/v2\/product_cat?post=6708"},{"taxonomy":"product_tag","embeddable":true,"href":"https:\/\/www.mhcreations.fr\/index.php\/wp-json\/wp\/v2\/product_tag?post=6708"}],"curies":[{"name":"wp","href":"https:\/\/api.w.org\/{rel}","templated":true}]}}