{"id":6921,"date":"2020-01-23T09:59:23","date_gmt":"2020-01-23T08:59:23","guid":{"rendered":"https:\/\/www.mhcreations.fr\/?post_type=product&#038;p=6921"},"modified":"2020-06-13T22:11:17","modified_gmt":"2020-06-13T20:11:17","slug":"6-rideaux-charance-commande-sur-mesure-celine","status":"publish","type":"product","link":"https:\/\/www.mhcreations.fr\/index.php\/produit\/6-rideaux-charance-commande-sur-mesure-celine\/","title":{"rendered":"6 &#8211; Rideaux \u00ab\u00a0Charance\u00a0\u00bb Commande sur mesure C\u00e9line"},"content":{"rendered":"<p>Commande sur mesure C\u00e9line ( 3 paires de rideau \/ 3 gauches et 3 droites)<\/p>\n<p>Magnifique Rideau feston<br \/>\nForme bonne femme<br \/>\nEn linge ancien et voile de lin blanc avec rappel de linge ancien sur le bas du voile<br \/>\nRehauss\u00e9 d&rsquo;un joli monogramme sur double m\u00e9daillon avec noueux et pompon<\/p>\n<p>Lettres entrelac\u00e9es C et N<br \/>\nDimensions :<br \/>\nHauteur 235 cm<br \/>\nLargeur 95 cm<\/p>\n<p>D\u00e9lai 5 semaines<\/p>\n","protected":false},"excerpt":{"rendered":"<p>Commande sur mesure C\u00e9line ( 3 paires de rideau \/ 3 gauches et 3 droites) Magnifique Rideau feston Forme bonne femme En linge ancien et voile de lin blanc avec rappel de linge ancien sur le bas du voile Rehauss\u00e9 d&rsquo;un joli monogramme sur double m\u00e9daillon avec noueux et pompon Lettres entrelac\u00e9es C et N [&hellip;]<\/p>\n","protected":false},"featured_media":986,"comment_status":"open","ping_status":"closed","template":"","meta":{"_et_pb_use_builder":"off","_et_pb_old_content":"Magnifique Rideau feston\r\nForme bonne femme\r\nEn linge ancien et voile de lin blanc avec rappel de linge ancien sur le bas du voile\r\nRehauss\u00e9 d'un joli monogramme sur double m\u00e9daillon avec noueux et pompon\r\nDimensions :\r\nHauteur 240 cm\r\nLargeur 83 cm\r\n\r\nLa lettre pour le m\u00e9daillon est a choisir, ainsi que la couleur du contour ( lin, gris, rouge, bleu ou tout banc ou autres.\r\nJe confectionne aussi sur mesure, vous pouvez donc choisir les dimensions de votre choix","_et_gb_content_width":""},"product_brand":[],"product_cat":[180,38],"product_tag":[],"class_list":{"0":"post-6921","1":"product","2":"type-product","3":"status-publish","4":"has-post-thumbnail","6":"product_cat-commande-sur-mesure","7":"product_cat-rideaux","9":"first","10":"outofstock","11":"shipping-taxable","12":"purchasable","13":"product-type-simple"},"_links":{"self":[{"href":"https:\/\/www.mhcreations.fr\/index.php\/wp-json\/wp\/v2\/product\/6921","targetHints":{"allow":["GET"]}}],"collection":[{"href":"https:\/\/www.mhcreations.fr\/index.php\/wp-json\/wp\/v2\/product"}],"about":[{"href":"https:\/\/www.mhcreations.fr\/index.php\/wp-json\/wp\/v2\/types\/product"}],"replies":[{"embeddable":true,"href":"https:\/\/www.mhcreations.fr\/index.php\/wp-json\/wp\/v2\/comments?post=6921"}],"wp:featuredmedia":[{"embeddable":true,"href":"https:\/\/www.mhcreations.fr\/index.php\/wp-json\/wp\/v2\/media\/986"}],"wp:attachment":[{"href":"https:\/\/www.mhcreations.fr\/index.php\/wp-json\/wp\/v2\/media?parent=6921"}],"wp:term":[{"taxonomy":"product_brand","embeddable":true,"href":"https:\/\/www.mhcreations.fr\/index.php\/wp-json\/wp\/v2\/product_brand?post=6921"},{"taxonomy":"product_cat","embeddable":true,"href":"https:\/\/www.mhcreations.fr\/index.php\/wp-json\/wp\/v2\/product_cat?post=6921"},{"taxonomy":"product_tag","embeddable":true,"href":"https:\/\/www.mhcreations.fr\/index.php\/wp-json\/wp\/v2\/product_tag?post=6921"}],"curies":[{"name":"wp","href":"https:\/\/api.w.org\/{rel}","templated":true}]}}