{"id":778,"date":"2017-09-25T22:57:10","date_gmt":"2017-09-25T20:57:10","guid":{"rendered":"http:\/\/www.mhcreations.fr\/?post_type=product&#038;p=778"},"modified":"2021-03-07T20:01:04","modified_gmt":"2021-03-07T19:01:04","slug":"rideau-feston-bonne-femme-monogramme-en-medaillon-et-pompon-pan-voile-de-lin","status":"publish","type":"product","link":"https:\/\/www.mhcreations.fr\/index.php\/produit\/rideau-feston-bonne-femme-monogramme-en-medaillon-et-pompon-pan-voile-de-lin\/","title":{"rendered":"Rideau bonne femme \u00ab\u00a0Feston\u00a0\u00bb"},"content":{"rendered":"<p>Paire de Rideau Bonne femme festonn\u00e9e droite gauche<\/p>\n<p>Cantonni\u00e8re en linge ancien festonn\u00e9e<\/p>\n<p>Rehauss\u00e9e d&rsquo;un monogramme en m\u00e9daillon blanc avec contour toile de lin naturel<\/p>\n<p>Pompon et n\u0153ud<\/p>\n<p>Pan en voile de lin 100 % Naturel \u00ab\u00a0qualit\u00e9 France\u00a0\u00bb<\/p>\n<p>Dimensions<\/p>\n<p>Largeur 180cm<\/p>\n<p>Hauteur 320 cm<\/p>\n<p>Mod\u00e8le confectionn\u00e9 \u00e0 la commande, d\u00e9lai 3 semaines et suivant commande en cour<\/p>\n","protected":false},"excerpt":{"rendered":"<p>Confection \u00e0 la commande<\/p>\n<p>&nbsp;<\/p>\n","protected":false},"featured_media":779,"comment_status":"open","ping_status":"closed","template":"","meta":{"_et_pb_use_builder":"","_et_pb_old_content":"","_et_gb_content_width":""},"product_brand":[],"product_cat":[180],"product_tag":[],"class_list":{"0":"post-778","1":"product","2":"type-product","3":"status-publish","4":"has-post-thumbnail","6":"product_cat-commande-sur-mesure","8":"first","9":"outofstock","10":"shipping-taxable","11":"purchasable","12":"product-type-simple"},"_links":{"self":[{"href":"https:\/\/www.mhcreations.fr\/index.php\/wp-json\/wp\/v2\/product\/778","targetHints":{"allow":["GET"]}}],"collection":[{"href":"https:\/\/www.mhcreations.fr\/index.php\/wp-json\/wp\/v2\/product"}],"about":[{"href":"https:\/\/www.mhcreations.fr\/index.php\/wp-json\/wp\/v2\/types\/product"}],"replies":[{"embeddable":true,"href":"https:\/\/www.mhcreations.fr\/index.php\/wp-json\/wp\/v2\/comments?post=778"}],"wp:featuredmedia":[{"embeddable":true,"href":"https:\/\/www.mhcreations.fr\/index.php\/wp-json\/wp\/v2\/media\/779"}],"wp:attachment":[{"href":"https:\/\/www.mhcreations.fr\/index.php\/wp-json\/wp\/v2\/media?parent=778"}],"wp:term":[{"taxonomy":"product_brand","embeddable":true,"href":"https:\/\/www.mhcreations.fr\/index.php\/wp-json\/wp\/v2\/product_brand?post=778"},{"taxonomy":"product_cat","embeddable":true,"href":"https:\/\/www.mhcreations.fr\/index.php\/wp-json\/wp\/v2\/product_cat?post=778"},{"taxonomy":"product_tag","embeddable":true,"href":"https:\/\/www.mhcreations.fr\/index.php\/wp-json\/wp\/v2\/product_tag?post=778"}],"curies":[{"name":"wp","href":"https:\/\/api.w.org\/{rel}","templated":true}]}}