{"id":787,"date":"2017-09-25T23:17:29","date_gmt":"2017-09-25T21:17:29","guid":{"rendered":"http:\/\/www.mhcreations.fr\/?post_type=product&#038;p=787"},"modified":"2025-03-23T21:46:46","modified_gmt":"2025-03-23T20:46:46","slug":"rideau-feston-bonne-femme-monogramme-en-medaillon-et-pompon-pan-voile-de-lin-copie","status":"publish","type":"product","link":"https:\/\/www.mhcreations.fr\/index.php\/produit\/rideau-feston-bonne-femme-monogramme-en-medaillon-et-pompon-pan-voile-de-lin-copie\/","title":{"rendered":"Rideau bonne femme \u00ab\u00a0Charance\u00a0\u00bb lin"},"content":{"rendered":"<h1>Rideau Bonne femme festonn\u00e9<\/h1>\n<p>Mod\u00e8le \u00ab\u00a0Charance\u00a0\u00bb<\/p>\n<p>Cantonni\u00e8re en lin blanc festonn\u00e9e<\/p>\n<p>Rehauss\u00e9e d&rsquo;un monogramme en m\u00e9daillon blanc avec contour toile de lin naturel<\/p>\n<p>Pompon et n\u0153ud<\/p>\n<p>Pan en toile de lin 100 % Naturel \u00ab\u00a0qualit\u00e9 France\u00a0\u00bb<\/p>\n<p>Dimensions :<\/p>\n<p>Largeur 140cm<\/p>\n<p>Hauteur 240 cm<\/p>\n<p>Mod\u00e8le confectionn\u00e9 \u00e0 la commande, d\u00e9lai 3 semaines et suivant commande en cour<\/p>\n<p>Pour toutes autres dimensions, me contacter pour le tarifs<\/p>\n","protected":false},"excerpt":{"rendered":"<p>Confection \u00e0 la commande<\/p>\n<p>&nbsp;<\/p>\n","protected":false},"featured_media":590,"comment_status":"closed","ping_status":"closed","template":"","meta":{"_et_pb_use_builder":"","_et_pb_old_content":"","_et_gb_content_width":""},"product_brand":[],"product_cat":[60,44,38],"product_tag":[],"class_list":{"0":"post-787","1":"product","2":"type-product","3":"status-publish","4":"has-post-thumbnail","6":"product_cat-charance","7":"product_cat-grands-rideaux","8":"product_cat-rideaux","10":"first","11":"instock","12":"shipping-taxable","13":"purchasable","14":"product-type-variable"},"_links":{"self":[{"href":"https:\/\/www.mhcreations.fr\/index.php\/wp-json\/wp\/v2\/product\/787","targetHints":{"allow":["GET"]}}],"collection":[{"href":"https:\/\/www.mhcreations.fr\/index.php\/wp-json\/wp\/v2\/product"}],"about":[{"href":"https:\/\/www.mhcreations.fr\/index.php\/wp-json\/wp\/v2\/types\/product"}],"replies":[{"embeddable":true,"href":"https:\/\/www.mhcreations.fr\/index.php\/wp-json\/wp\/v2\/comments?post=787"}],"wp:featuredmedia":[{"embeddable":true,"href":"https:\/\/www.mhcreations.fr\/index.php\/wp-json\/wp\/v2\/media\/590"}],"wp:attachment":[{"href":"https:\/\/www.mhcreations.fr\/index.php\/wp-json\/wp\/v2\/media?parent=787"}],"wp:term":[{"taxonomy":"product_brand","embeddable":true,"href":"https:\/\/www.mhcreations.fr\/index.php\/wp-json\/wp\/v2\/product_brand?post=787"},{"taxonomy":"product_cat","embeddable":true,"href":"https:\/\/www.mhcreations.fr\/index.php\/wp-json\/wp\/v2\/product_cat?post=787"},{"taxonomy":"product_tag","embeddable":true,"href":"https:\/\/www.mhcreations.fr\/index.php\/wp-json\/wp\/v2\/product_tag?post=787"}],"curies":[{"name":"wp","href":"https:\/\/api.w.org\/{rel}","templated":true}]}}