{"id":811,"date":"2017-09-26T23:36:45","date_gmt":"2017-09-26T21:36:45","guid":{"rendered":"http:\/\/www.mhcreations.fr\/?post_type=product&#038;p=811"},"modified":"2024-04-22T21:36:35","modified_gmt":"2024-04-22T19:36:35","slug":"housse-de-dossier-de-chaise-monogramme-en-medaillon","status":"publish","type":"product","link":"https:\/\/www.mhcreations.fr\/index.php\/produit\/housse-de-dossier-de-chaise-monogramme-en-medaillon\/","title":{"rendered":"Housse de dossier de chaise \u00ab\u00a0Feston\u00a0\u00bb"},"content":{"rendered":"<p>Housse de dossier de chaise<\/p>\n<p>Mod\u00e8le \u00ab\u00a0feston\u00a0\u00bb<\/p>\n<p>En linge ancien avec monogramme brod\u00e9 blanc sur m\u00e9daillon blanc<\/p>\n<p>Lettre \u00e0 choisir<\/p>\n<p>Dimensions :<\/p>\n<p>Largeur 44 cm<\/p>\n<p>Hauteur 28 cm<\/p>\n<p>Pour autres dimensions me contacter pour le tarif<\/p>\n<p>&nbsp;<\/p>\n","protected":false},"excerpt":{"rendered":"<p>Housse de dossier de chaise Mod\u00e8le \u00ab\u00a0feston\u00a0\u00bb En linge ancien avec monogramme brod\u00e9 blanc sur m\u00e9daillon blanc Lettre \u00e0 choisir Dimensions : Largeur 44 cm Hauteur 28 cm Pour autres dimensions me contacter pour le tarif &nbsp;<\/p>\n","protected":false},"featured_media":812,"comment_status":"open","ping_status":"closed","template":"","meta":{"_et_pb_use_builder":"","_et_pb_old_content":"","_et_gb_content_width":""},"product_brand":[],"product_cat":[67,49,156],"product_tag":[],"class_list":{"0":"post-811","1":"product","2":"type-product","3":"status-publish","4":"has-post-thumbnail","6":"product_cat-collection-feston","7":"product_cat-housses-de-chaise","8":"product_cat-sejour","10":"first","11":"instock","12":"shipping-taxable","13":"purchasable","14":"product-type-variable"},"_links":{"self":[{"href":"https:\/\/www.mhcreations.fr\/index.php\/wp-json\/wp\/v2\/product\/811","targetHints":{"allow":["GET"]}}],"collection":[{"href":"https:\/\/www.mhcreations.fr\/index.php\/wp-json\/wp\/v2\/product"}],"about":[{"href":"https:\/\/www.mhcreations.fr\/index.php\/wp-json\/wp\/v2\/types\/product"}],"replies":[{"embeddable":true,"href":"https:\/\/www.mhcreations.fr\/index.php\/wp-json\/wp\/v2\/comments?post=811"}],"wp:featuredmedia":[{"embeddable":true,"href":"https:\/\/www.mhcreations.fr\/index.php\/wp-json\/wp\/v2\/media\/812"}],"wp:attachment":[{"href":"https:\/\/www.mhcreations.fr\/index.php\/wp-json\/wp\/v2\/media?parent=811"}],"wp:term":[{"taxonomy":"product_brand","embeddable":true,"href":"https:\/\/www.mhcreations.fr\/index.php\/wp-json\/wp\/v2\/product_brand?post=811"},{"taxonomy":"product_cat","embeddable":true,"href":"https:\/\/www.mhcreations.fr\/index.php\/wp-json\/wp\/v2\/product_cat?post=811"},{"taxonomy":"product_tag","embeddable":true,"href":"https:\/\/www.mhcreations.fr\/index.php\/wp-json\/wp\/v2\/product_tag?post=811"}],"curies":[{"name":"wp","href":"https:\/\/api.w.org\/{rel}","templated":true}]}}