{"id":8797,"date":"2020-04-04T20:37:04","date_gmt":"2020-04-04T18:37:04","guid":{"rendered":"https:\/\/www.mhcreations.fr\/?post_type=product&#038;p=8797"},"modified":"2020-05-02T23:07:32","modified_gmt":"2020-05-02T21:07:32","slug":"rideau-ciel-de-lit-charance-commande-sur-mesure","status":"publish","type":"product","link":"https:\/\/www.mhcreations.fr\/index.php\/produit\/rideau-ciel-de-lit-charance-commande-sur-mesure\/","title":{"rendered":"Rideau Ciel de lit \u00ab\u00a0Charance\u00a0\u00bb (Commande sur mesure)"},"content":{"rendered":"<p>Rideau Ciel de lit<\/p>\n<p>Mod\u00e8le \u00ab\u00a0Charance\u00a0\u00bb<\/p>\n<p>Cantonni\u00e8re en linge ancien festonn\u00e9e et rehauss\u00e9e d&rsquo;un monogramme en m\u00e9daillon sur toile de lin naturel, noeux et pompon<\/p>\n<p>Pans en voile de lin blanc. Fixations nouettes<\/p>\n<p>Hauteur cantonni\u00e8re + 14 cm<\/p>\n<p>Largeur 90 cm<\/p>\n<p>Hauteur 250 cm<\/p>\n<p>Lettre A<\/p>\n","protected":false},"excerpt":{"rendered":"<p>Rideau Ciel de lit Mod\u00e8le \u00ab\u00a0Charance\u00a0\u00bb Cantonni\u00e8re en linge ancien festonn\u00e9e et rehauss\u00e9e d&rsquo;un monogramme en m\u00e9daillon sur toile de lin naturel, noeux et pompon Pans en voile de lin blanc. Fixations nouettes Hauteur cantonni\u00e8re + 14 cm Largeur 90 cm Hauteur 250 cm Lettre A<\/p>\n","protected":false},"featured_media":295,"comment_status":"open","ping_status":"closed","template":"","meta":{"_et_pb_use_builder":"","_et_pb_old_content":"","_et_gb_content_width":""},"product_brand":[],"product_cat":[180],"product_tag":[],"class_list":{"0":"post-8797","1":"product","2":"type-product","3":"status-publish","4":"has-post-thumbnail","6":"product_cat-commande-sur-mesure","8":"first","9":"instock","10":"shipping-taxable","11":"purchasable","12":"product-type-simple"},"_links":{"self":[{"href":"https:\/\/www.mhcreations.fr\/index.php\/wp-json\/wp\/v2\/product\/8797","targetHints":{"allow":["GET"]}}],"collection":[{"href":"https:\/\/www.mhcreations.fr\/index.php\/wp-json\/wp\/v2\/product"}],"about":[{"href":"https:\/\/www.mhcreations.fr\/index.php\/wp-json\/wp\/v2\/types\/product"}],"replies":[{"embeddable":true,"href":"https:\/\/www.mhcreations.fr\/index.php\/wp-json\/wp\/v2\/comments?post=8797"}],"wp:featuredmedia":[{"embeddable":true,"href":"https:\/\/www.mhcreations.fr\/index.php\/wp-json\/wp\/v2\/media\/295"}],"wp:attachment":[{"href":"https:\/\/www.mhcreations.fr\/index.php\/wp-json\/wp\/v2\/media?parent=8797"}],"wp:term":[{"taxonomy":"product_brand","embeddable":true,"href":"https:\/\/www.mhcreations.fr\/index.php\/wp-json\/wp\/v2\/product_brand?post=8797"},{"taxonomy":"product_cat","embeddable":true,"href":"https:\/\/www.mhcreations.fr\/index.php\/wp-json\/wp\/v2\/product_cat?post=8797"},{"taxonomy":"product_tag","embeddable":true,"href":"https:\/\/www.mhcreations.fr\/index.php\/wp-json\/wp\/v2\/product_tag?post=8797"}],"curies":[{"name":"wp","href":"https:\/\/api.w.org\/{rel}","templated":true}]}}