{"id":9166,"date":"2020-04-18T08:50:38","date_gmt":"2020-04-18T06:50:38","guid":{"rendered":"https:\/\/www.mhcreations.fr\/?post_type=product&#038;p=9166"},"modified":"2021-03-07T19:48:11","modified_gmt":"2021-03-07T18:48:11","slug":"dessus-de-canape-feston-monogramme-en-medaillon","status":"publish","type":"product","link":"https:\/\/www.mhcreations.fr\/index.php\/produit\/dessus-de-canape-feston-monogramme-en-medaillon\/","title":{"rendered":"Dessus de canap\u00e9 feston, monogramme en m\u00e9daillon"},"content":{"rendered":"<p>Commande sur mesure Mod\u00e8le \u00ab\u00a0Feston\u00a0\u00bb<\/p>\n<p>Dessus de canap\u00e9<\/p>\n<p>Dimensions :<\/p>\n<p>Hauteur : 65 cm<\/p>\n<p>D\u00e9lai de 2 \u00e0 3 semaines et suivant commandes en cours<\/p>\n<p>&nbsp;<\/p>\n<p>Enti\u00e8rement r\u00e9alis\u00e9 par moi -m\u00eame avec des finitions et des mati\u00e8res de qualit\u00e9 et Fran\u00e7aise<\/p>\n<p>&nbsp;<\/p>\n","protected":false},"excerpt":{"rendered":"<p>&nbsp;<\/p>\n<p>&nbsp;<\/p>\n","protected":false},"featured_media":9744,"comment_status":"open","ping_status":"closed","template":"","meta":{"_et_pb_use_builder":"","_et_pb_old_content":"","_et_gb_content_width":""},"product_brand":[],"product_cat":[180],"product_tag":[],"class_list":{"0":"post-9166","1":"product","2":"type-product","3":"status-publish","4":"has-post-thumbnail","6":"product_cat-commande-sur-mesure","8":"first","9":"instock","10":"virtual","11":"purchasable","12":"product-type-simple"},"_links":{"self":[{"href":"https:\/\/www.mhcreations.fr\/index.php\/wp-json\/wp\/v2\/product\/9166","targetHints":{"allow":["GET"]}}],"collection":[{"href":"https:\/\/www.mhcreations.fr\/index.php\/wp-json\/wp\/v2\/product"}],"about":[{"href":"https:\/\/www.mhcreations.fr\/index.php\/wp-json\/wp\/v2\/types\/product"}],"replies":[{"embeddable":true,"href":"https:\/\/www.mhcreations.fr\/index.php\/wp-json\/wp\/v2\/comments?post=9166"}],"wp:featuredmedia":[{"embeddable":true,"href":"https:\/\/www.mhcreations.fr\/index.php\/wp-json\/wp\/v2\/media\/9744"}],"wp:attachment":[{"href":"https:\/\/www.mhcreations.fr\/index.php\/wp-json\/wp\/v2\/media?parent=9166"}],"wp:term":[{"taxonomy":"product_brand","embeddable":true,"href":"https:\/\/www.mhcreations.fr\/index.php\/wp-json\/wp\/v2\/product_brand?post=9166"},{"taxonomy":"product_cat","embeddable":true,"href":"https:\/\/www.mhcreations.fr\/index.php\/wp-json\/wp\/v2\/product_cat?post=9166"},{"taxonomy":"product_tag","embeddable":true,"href":"https:\/\/www.mhcreations.fr\/index.php\/wp-json\/wp\/v2\/product_tag?post=9166"}],"curies":[{"name":"wp","href":"https:\/\/api.w.org\/{rel}","templated":true}]}}