{"id":979,"date":"2017-09-27T23:46:48","date_gmt":"2017-09-27T21:46:48","guid":{"rendered":"http:\/\/www.mhcreations.fr\/?post_type=product&#038;p=979"},"modified":"2020-08-13T22:52:37","modified_gmt":"2020-08-13T20:52:37","slug":"cantonniere-en-linge-ancien-et-froufrou-toile-de-lin-monogramme-en-medaillon","status":"publish","type":"product","link":"https:\/\/www.mhcreations.fr\/index.php\/produit\/cantonniere-en-linge-ancien-et-froufrou-toile-de-lin-monogramme-en-medaillon\/","title":{"rendered":"Cantonni\u00e8re \u00ab\u00a0froufrou\u00a0\u00bb"},"content":{"rendered":"<h1><em>Cantonni\u00e8re en linge ancien et toile de lin, monogramme en m\u00e9daillon<\/em><\/h1>\n<p>Mod\u00e8le \u00a0\u00bb Froufrou\u00a0\u00bb<\/p>\n<p>Fixation nouettes<\/p>\n<p>Largeur 140 cm<del><\/del><br \/>\nHauteur 50 cm<br \/>\nConfection \u00e0 la commande<br \/>\n\u00c9galement sur mesure et personnalis\u00e9 (me contacter)<\/p>\n","protected":false},"excerpt":{"rendered":"<p>Cantonni\u00e8re en linge ancien et toile de lin, monogramme en m\u00e9daillon Mod\u00e8le \u00a0\u00bb Froufrou\u00a0\u00bb Fixation nouettes Largeur 140 cm Hauteur 50 cm Confection \u00e0 la commande \u00c9galement sur mesure et personnalis\u00e9 (me contacter)<\/p>\n","protected":false},"featured_media":980,"comment_status":"open","ping_status":"closed","template":"","meta":{"_et_pb_use_builder":"","_et_pb_old_content":"","_et_gb_content_width":""},"product_brand":[],"product_cat":[47,69,38],"product_tag":[],"class_list":{"0":"post-979","1":"product","2":"type-product","3":"status-publish","4":"has-post-thumbnail","6":"product_cat-cantonnieres","7":"product_cat-collectionfroufrou","8":"product_cat-rideaux","10":"first","11":"outofstock","12":"shipping-taxable","13":"purchasable","14":"product-type-variable"},"_links":{"self":[{"href":"https:\/\/www.mhcreations.fr\/index.php\/wp-json\/wp\/v2\/product\/979","targetHints":{"allow":["GET"]}}],"collection":[{"href":"https:\/\/www.mhcreations.fr\/index.php\/wp-json\/wp\/v2\/product"}],"about":[{"href":"https:\/\/www.mhcreations.fr\/index.php\/wp-json\/wp\/v2\/types\/product"}],"replies":[{"embeddable":true,"href":"https:\/\/www.mhcreations.fr\/index.php\/wp-json\/wp\/v2\/comments?post=979"}],"wp:featuredmedia":[{"embeddable":true,"href":"https:\/\/www.mhcreations.fr\/index.php\/wp-json\/wp\/v2\/media\/980"}],"wp:attachment":[{"href":"https:\/\/www.mhcreations.fr\/index.php\/wp-json\/wp\/v2\/media?parent=979"}],"wp:term":[{"taxonomy":"product_brand","embeddable":true,"href":"https:\/\/www.mhcreations.fr\/index.php\/wp-json\/wp\/v2\/product_brand?post=979"},{"taxonomy":"product_cat","embeddable":true,"href":"https:\/\/www.mhcreations.fr\/index.php\/wp-json\/wp\/v2\/product_cat?post=979"},{"taxonomy":"product_tag","embeddable":true,"href":"https:\/\/www.mhcreations.fr\/index.php\/wp-json\/wp\/v2\/product_tag?post=979"}],"curies":[{"name":"wp","href":"https:\/\/api.w.org\/{rel}","templated":true}]}}