{"id":987,"date":"2017-09-27T23:59:56","date_gmt":"2017-09-27T21:59:56","guid":{"rendered":"http:\/\/www.mhcreations.fr\/?post_type=product&#038;p=987"},"modified":"2022-12-03T15:50:28","modified_gmt":"2022-12-03T14:50:28","slug":"tete-de-lit-en-linge-ancien-cantonniere-festonnee-rehaussee-dun-monogramme-en-medaillon-et-dun-pompon","status":"publish","type":"product","link":"https:\/\/www.mhcreations.fr\/index.php\/produit\/tete-de-lit-en-linge-ancien-cantonniere-festonnee-rehaussee-dun-monogramme-en-medaillon-et-dun-pompon\/","title":{"rendered":"T\u00eate de lit \u00ab\u00a0Charance\u00a0\u00bb."},"content":{"rendered":"<h3>Magnifique t\u00eate de lit <span style=\"color: #808080;\"> <em> En linge ancien , rembourr\u00e9e matelass\u00e9 type \u00e9dredon<\/em><\/span> <span style=\"color: #808080;\"> <em> Cantonni\u00e8re festonn\u00e9e<\/em><\/span><\/h3>\n<h6>Rehauss\u00e9 d&rsquo;un joli monogramme sur double m\u00e9daillon avec n\u0153ud et pompon Dimensions : Largeur 90cm, 140 cm, et 160 cm Hauteur 55 cm Epaisseur : 10 cm<\/h6>\n<h6><span style=\"color: #808080;\">La lettre pour le m\u00e9daillon est a choisir, ainsi que la couleur du contour ( lin, gris, rouge, bleu ou tout banc ou autres.Je confectionne aussi sur mesure, vous pouvez donc choisir les dimensions de votre choix <a style=\"color: #808080;\" href=\"https:\/\/www.mhcreations.fr\/index.php\/contact-test-2\/\">(me contacter)\u00a0\u00a0\u00a0 <\/a><\/span><\/h6>\n<h6><span style=\"color: #808080;\">Confection \u00e0 la commande<\/span><\/h6>\n<p>\u00a0<\/p>\n","protected":false},"excerpt":{"rendered":"<p>T\u00eate de lit<\/p>\n","protected":false},"featured_media":990,"comment_status":"open","ping_status":"closed","template":"","meta":{"_et_pb_use_builder":"","_et_pb_old_content":"","_et_gb_content_width":""},"product_brand":[],"product_cat":[149,60,74],"product_tag":[],"class_list":{"0":"post-987","1":"product","2":"type-product","3":"status-publish","4":"has-post-thumbnail","6":"product_cat-chambre","7":"product_cat-charance","8":"product_cat-tete-de-lit","10":"first","11":"instock","12":"shipping-taxable","13":"purchasable","14":"product-type-variable"},"_links":{"self":[{"href":"https:\/\/www.mhcreations.fr\/index.php\/wp-json\/wp\/v2\/product\/987","targetHints":{"allow":["GET"]}}],"collection":[{"href":"https:\/\/www.mhcreations.fr\/index.php\/wp-json\/wp\/v2\/product"}],"about":[{"href":"https:\/\/www.mhcreations.fr\/index.php\/wp-json\/wp\/v2\/types\/product"}],"replies":[{"embeddable":true,"href":"https:\/\/www.mhcreations.fr\/index.php\/wp-json\/wp\/v2\/comments?post=987"}],"wp:featuredmedia":[{"embeddable":true,"href":"https:\/\/www.mhcreations.fr\/index.php\/wp-json\/wp\/v2\/media\/990"}],"wp:attachment":[{"href":"https:\/\/www.mhcreations.fr\/index.php\/wp-json\/wp\/v2\/media?parent=987"}],"wp:term":[{"taxonomy":"product_brand","embeddable":true,"href":"https:\/\/www.mhcreations.fr\/index.php\/wp-json\/wp\/v2\/product_brand?post=987"},{"taxonomy":"product_cat","embeddable":true,"href":"https:\/\/www.mhcreations.fr\/index.php\/wp-json\/wp\/v2\/product_cat?post=987"},{"taxonomy":"product_tag","embeddable":true,"href":"https:\/\/www.mhcreations.fr\/index.php\/wp-json\/wp\/v2\/product_tag?post=987"}],"curies":[{"name":"wp","href":"https:\/\/api.w.org\/{rel}","templated":true}]}}